{"id":9974,"date":"2024-11-21T13:21:15","date_gmt":"2024-11-21T16:21:15","guid":{"rendered":"https:\/\/hidroter.cl\/?post_type=product&#038;p=9974"},"modified":"2024-11-21T16:30:34","modified_gmt":"2024-11-21T19:30:34","slug":"bomba-para-pozos-profundos-serie-4-4ssm-4-14-1-5-hp-220v40mcontr","status":"publish","type":"product","link":"https:\/\/hidroter.cl\/index.php\/producto\/bomba-para-pozos-profundos-serie-4-4ssm-4-14-1-5-hp-220v40mcontr\/","title":{"rendered":"BOMBA PARA POZOS PROFUNDOS SERIE 4\u201d 4SSM | 4\/14\/ | 1.5 HP| 220V+40M+CONTR"},"content":{"rendered":"<p>Bomba sumergible para pozo profundo. Para el abastecimiento de agua de pozos o dep\u00f3sitos para el jard\u00edn y riego. De uso dom\u00e9stico, aplicaciones civiles e industriales. Incluye caja de partida con condensador, protecci\u00f3n de sobrecarga y cable seg\u00fan modelo (ver tabla)<\/p>\n","protected":false},"excerpt":{"rendered":"<p>1.5 HP &#8211; 220 VOLT &#8211; 8.2 AMP &#8211; 1 1\u20442<\/p>\n","protected":false},"featured_media":10009,"template":"","meta":[],"product_cat":[147],"product_tag":[156],"class_list":{"0":"post-9974","1":"product","2":"type-product","3":"status-publish","4":"has-post-thumbnail","6":"product_cat-bomba-sumergible","7":"product_tag-pozo-profundo","9":"first","10":"instock","11":"shipping-taxable","12":"purchasable","13":"product-type-simple"},"yoast_head":"<!-- This site is optimized with the Yoast SEO plugin v24.0 - https:\/\/yoast.com\/wordpress\/plugins\/seo\/ -->\n<title>BOMBA PARA POZOS PROFUNDOS SERIE 4\u201d 4SSM | 4\/14\/ | 1.5 HP| 220V+40M+CONTR - Hidroter<\/title>\n<meta name=\"robots\" content=\"noindex, follow, max-snippet:-1, max-image-preview:large, max-video-preview:-1\" \/>\n<meta property=\"og:locale\" content=\"es_ES\" \/>\n<meta property=\"og:type\" content=\"article\" \/>\n<meta property=\"og:title\" content=\"BOMBA PARA POZOS PROFUNDOS SERIE 4\u201d 4SSM | 4\/14\/ | 1.5 HP| 220V+40M+CONTR - Hidroter\" \/>\n<meta property=\"og:description\" content=\"1.5 HP - 220 VOLT - 8.2 AMP - 1 1\u20442\" \/>\n<meta property=\"og:url\" content=\"https:\/\/hidroter.cl\/index.php\/producto\/bomba-para-pozos-profundos-serie-4-4ssm-4-14-1-5-hp-220v40mcontr\/\" \/>\n<meta property=\"og:site_name\" content=\"Hidroter\" \/>\n<meta property=\"article:publisher\" content=\"https:\/\/www.facebook.com\/share\/1KKf8JpMVS\/?mibextid=LQQJ4d\" \/>\n<meta property=\"article:modified_time\" content=\"2024-11-21T19:30:34+00:00\" \/>\n<meta property=\"og:image\" content=\"https:\/\/hidroter.cl\/wp-content\/uploads\/2024\/11\/CNB0180244-qihxvb237wprfk1l62pjq95ytbksz07phznjslhvcc.png\" \/>\n\t<meta property=\"og:image:width\" content=\"500\" \/>\n\t<meta property=\"og:image:height\" content=\"2686\" \/>\n\t<meta property=\"og:image:type\" content=\"image\/png\" \/>\n<meta name=\"twitter:card\" content=\"summary_large_image\" \/>\n<script type=\"application\/ld+json\" class=\"yoast-schema-graph\">{\"@context\":\"https:\/\/schema.org\",\"@graph\":[{\"@type\":\"WebPage\",\"@id\":\"https:\/\/hidroter.cl\/index.php\/producto\/bomba-para-pozos-profundos-serie-4-4ssm-4-14-1-5-hp-220v40mcontr\/\",\"url\":\"https:\/\/hidroter.cl\/index.php\/producto\/bomba-para-pozos-profundos-serie-4-4ssm-4-14-1-5-hp-220v40mcontr\/\",\"name\":\"BOMBA PARA POZOS PROFUNDOS SERIE 4\u201d 4SSM | 4\/14\/ | 1.5 HP| 220V+40M+CONTR - Hidroter\",\"isPartOf\":{\"@id\":\"https:\/\/hidroter.cl\/#website\"},\"primaryImageOfPage\":{\"@id\":\"https:\/\/hidroter.cl\/index.php\/producto\/bomba-para-pozos-profundos-serie-4-4ssm-4-14-1-5-hp-220v40mcontr\/#primaryimage\"},\"image\":{\"@id\":\"https:\/\/hidroter.cl\/index.php\/producto\/bomba-para-pozos-profundos-serie-4-4ssm-4-14-1-5-hp-220v40mcontr\/#primaryimage\"},\"thumbnailUrl\":\"https:\/\/hidroter.cl\/wp-content\/uploads\/2024\/11\/CNB0180244-qihxvb237wprfk1l62pjq95ytbksz07phznjslhvcc.png\",\"datePublished\":\"2024-11-21T16:21:15+00:00\",\"dateModified\":\"2024-11-21T19:30:34+00:00\",\"breadcrumb\":{\"@id\":\"https:\/\/hidroter.cl\/index.php\/producto\/bomba-para-pozos-profundos-serie-4-4ssm-4-14-1-5-hp-220v40mcontr\/#breadcrumb\"},\"inLanguage\":\"es\",\"potentialAction\":[{\"@type\":\"ReadAction\",\"target\":[\"https:\/\/hidroter.cl\/index.php\/producto\/bomba-para-pozos-profundos-serie-4-4ssm-4-14-1-5-hp-220v40mcontr\/\"]}]},{\"@type\":\"ImageObject\",\"inLanguage\":\"es\",\"@id\":\"https:\/\/hidroter.cl\/index.php\/producto\/bomba-para-pozos-profundos-serie-4-4ssm-4-14-1-5-hp-220v40mcontr\/#primaryimage\",\"url\":\"https:\/\/hidroter.cl\/wp-content\/uploads\/2024\/11\/CNB0180244-qihxvb237wprfk1l62pjq95ytbksz07phznjslhvcc.png\",\"contentUrl\":\"https:\/\/hidroter.cl\/wp-content\/uploads\/2024\/11\/CNB0180244-qihxvb237wprfk1l62pjq95ytbksz07phznjslhvcc.png\",\"width\":500,\"height\":2686},{\"@type\":\"BreadcrumbList\",\"@id\":\"https:\/\/hidroter.cl\/index.php\/producto\/bomba-para-pozos-profundos-serie-4-4ssm-4-14-1-5-hp-220v40mcontr\/#breadcrumb\",\"itemListElement\":[{\"@type\":\"ListItem\",\"position\":1,\"name\":\"Portada\",\"item\":\"https:\/\/hidroter.cl\/\"},{\"@type\":\"ListItem\",\"position\":2,\"name\":\"Tienda\",\"item\":\"https:\/\/hidroter.cl\/index.php\/tienda\/\"},{\"@type\":\"ListItem\",\"position\":3,\"name\":\"BOMBA PARA POZOS PROFUNDOS SERIE 4\u201d 4SSM | 4\/14\/ | 1.5 HP| 220V+40M+CONTR\"}]},{\"@type\":\"WebSite\",\"@id\":\"https:\/\/hidroter.cl\/#website\",\"url\":\"https:\/\/hidroter.cl\/\",\"name\":\"Hidroter\",\"description\":\"Venta de Bombas Hidr\u00e1ulicas, Mantenciones Hidr\u00e1ulicas, Potabilizaci\u00f3n, Sala de Agua Potable, Piscinas, Planta de Tratamientos de Aguas Servidas, Proyectos Hidr\u00e1ulicos, Optimizaci\u00f3n de Procesos, Monitoreo y An\u00e1lisis de Agua, Asesor\u00eda Hidr\u00e1ulica, Instalaciones, Sellado y Pintura de Estanques, Remodelaciones, Habilitaciones, Reparaciones, Sistemas Hidr\u00e1ulicos, Techumbres, Estructuras Met\u00e1licas, Alba\u00f1iler\u00eda, Pintura, Luminarias LED Industriales, Luminarias LED para Oficinas, Instalaciones de Luminarias LED, Proyectos de Iluminaci\u00f3n LED, Contratos de Mantenimiento, Mantenimiento Correctivo, Preventivo y Predictivo, Iluminaci\u00f3n, Gasfiter\u00eda, Tableros El\u00e9ctricos, Motores\/Bombas\",\"publisher\":{\"@id\":\"https:\/\/hidroter.cl\/#organization\"},\"potentialAction\":[{\"@type\":\"SearchAction\",\"target\":{\"@type\":\"EntryPoint\",\"urlTemplate\":\"https:\/\/hidroter.cl\/?s={search_term_string}\"},\"query-input\":{\"@type\":\"PropertyValueSpecification\",\"valueRequired\":true,\"valueName\":\"search_term_string\"}}],\"inLanguage\":\"es\"},{\"@type\":\"Organization\",\"@id\":\"https:\/\/hidroter.cl\/#organization\",\"name\":\"Hidroter\",\"url\":\"https:\/\/hidroter.cl\/\",\"logo\":{\"@type\":\"ImageObject\",\"inLanguage\":\"es\",\"@id\":\"https:\/\/hidroter.cl\/#\/schema\/logo\/image\/\",\"url\":\"https:\/\/hidroter.cl\/wp-content\/uploads\/2017\/07\/logo.webp\",\"contentUrl\":\"https:\/\/hidroter.cl\/wp-content\/uploads\/2017\/07\/logo.webp\",\"width\":251,\"height\":48,\"caption\":\"Hidroter\"},\"image\":{\"@id\":\"https:\/\/hidroter.cl\/#\/schema\/logo\/image\/\"},\"sameAs\":[\"https:\/\/www.facebook.com\/share\/1KKf8JpMVS\/?mibextid=LQQJ4d\",\"https:\/\/www.instagram.com\/hidroter.cl\"]}]}<\/script>\n<!-- \/ Yoast SEO plugin. -->","yoast_head_json":{"title":"BOMBA PARA POZOS PROFUNDOS SERIE 4\u201d 4SSM | 4\/14\/ | 1.5 HP| 220V+40M+CONTR - Hidroter","robots":{"index":"noindex","follow":"follow","max-snippet":"max-snippet:-1","max-image-preview":"max-image-preview:large","max-video-preview":"max-video-preview:-1"},"og_locale":"es_ES","og_type":"article","og_title":"BOMBA PARA POZOS PROFUNDOS SERIE 4\u201d 4SSM | 4\/14\/ | 1.5 HP| 220V+40M+CONTR - Hidroter","og_description":"1.5 HP - 220 VOLT - 8.2 AMP - 1 1\u20442","og_url":"https:\/\/hidroter.cl\/index.php\/producto\/bomba-para-pozos-profundos-serie-4-4ssm-4-14-1-5-hp-220v40mcontr\/","og_site_name":"Hidroter","article_publisher":"https:\/\/www.facebook.com\/share\/1KKf8JpMVS\/?mibextid=LQQJ4d","article_modified_time":"2024-11-21T19:30:34+00:00","og_image":[{"width":500,"height":2686,"url":"https:\/\/hidroter.cl\/wp-content\/uploads\/2024\/11\/CNB0180244-qihxvb237wprfk1l62pjq95ytbksz07phznjslhvcc.png","type":"image\/png"}],"twitter_card":"summary_large_image","schema":{"@context":"https:\/\/schema.org","@graph":[{"@type":"WebPage","@id":"https:\/\/hidroter.cl\/index.php\/producto\/bomba-para-pozos-profundos-serie-4-4ssm-4-14-1-5-hp-220v40mcontr\/","url":"https:\/\/hidroter.cl\/index.php\/producto\/bomba-para-pozos-profundos-serie-4-4ssm-4-14-1-5-hp-220v40mcontr\/","name":"BOMBA PARA POZOS PROFUNDOS SERIE 4\u201d 4SSM | 4\/14\/ | 1.5 HP| 220V+40M+CONTR - Hidroter","isPartOf":{"@id":"https:\/\/hidroter.cl\/#website"},"primaryImageOfPage":{"@id":"https:\/\/hidroter.cl\/index.php\/producto\/bomba-para-pozos-profundos-serie-4-4ssm-4-14-1-5-hp-220v40mcontr\/#primaryimage"},"image":{"@id":"https:\/\/hidroter.cl\/index.php\/producto\/bomba-para-pozos-profundos-serie-4-4ssm-4-14-1-5-hp-220v40mcontr\/#primaryimage"},"thumbnailUrl":"https:\/\/hidroter.cl\/wp-content\/uploads\/2024\/11\/CNB0180244-qihxvb237wprfk1l62pjq95ytbksz07phznjslhvcc.png","datePublished":"2024-11-21T16:21:15+00:00","dateModified":"2024-11-21T19:30:34+00:00","breadcrumb":{"@id":"https:\/\/hidroter.cl\/index.php\/producto\/bomba-para-pozos-profundos-serie-4-4ssm-4-14-1-5-hp-220v40mcontr\/#breadcrumb"},"inLanguage":"es","potentialAction":[{"@type":"ReadAction","target":["https:\/\/hidroter.cl\/index.php\/producto\/bomba-para-pozos-profundos-serie-4-4ssm-4-14-1-5-hp-220v40mcontr\/"]}]},{"@type":"ImageObject","inLanguage":"es","@id":"https:\/\/hidroter.cl\/index.php\/producto\/bomba-para-pozos-profundos-serie-4-4ssm-4-14-1-5-hp-220v40mcontr\/#primaryimage","url":"https:\/\/hidroter.cl\/wp-content\/uploads\/2024\/11\/CNB0180244-qihxvb237wprfk1l62pjq95ytbksz07phznjslhvcc.png","contentUrl":"https:\/\/hidroter.cl\/wp-content\/uploads\/2024\/11\/CNB0180244-qihxvb237wprfk1l62pjq95ytbksz07phznjslhvcc.png","width":500,"height":2686},{"@type":"BreadcrumbList","@id":"https:\/\/hidroter.cl\/index.php\/producto\/bomba-para-pozos-profundos-serie-4-4ssm-4-14-1-5-hp-220v40mcontr\/#breadcrumb","itemListElement":[{"@type":"ListItem","position":1,"name":"Portada","item":"https:\/\/hidroter.cl\/"},{"@type":"ListItem","position":2,"name":"Tienda","item":"https:\/\/hidroter.cl\/index.php\/tienda\/"},{"@type":"ListItem","position":3,"name":"BOMBA PARA POZOS PROFUNDOS SERIE 4\u201d 4SSM | 4\/14\/ | 1.5 HP| 220V+40M+CONTR"}]},{"@type":"WebSite","@id":"https:\/\/hidroter.cl\/#website","url":"https:\/\/hidroter.cl\/","name":"Hidroter","description":"Venta de Bombas Hidr\u00e1ulicas, Mantenciones Hidr\u00e1ulicas, Potabilizaci\u00f3n, Sala de Agua Potable, Piscinas, Planta de Tratamientos de Aguas Servidas, Proyectos Hidr\u00e1ulicos, Optimizaci\u00f3n de Procesos, Monitoreo y An\u00e1lisis de Agua, Asesor\u00eda Hidr\u00e1ulica, Instalaciones, Sellado y Pintura de Estanques, Remodelaciones, Habilitaciones, Reparaciones, Sistemas Hidr\u00e1ulicos, Techumbres, Estructuras Met\u00e1licas, Alba\u00f1iler\u00eda, Pintura, Luminarias LED Industriales, Luminarias LED para Oficinas, Instalaciones de Luminarias LED, Proyectos de Iluminaci\u00f3n LED, Contratos de Mantenimiento, Mantenimiento Correctivo, Preventivo y Predictivo, Iluminaci\u00f3n, Gasfiter\u00eda, Tableros El\u00e9ctricos, Motores\/Bombas","publisher":{"@id":"https:\/\/hidroter.cl\/#organization"},"potentialAction":[{"@type":"SearchAction","target":{"@type":"EntryPoint","urlTemplate":"https:\/\/hidroter.cl\/?s={search_term_string}"},"query-input":{"@type":"PropertyValueSpecification","valueRequired":true,"valueName":"search_term_string"}}],"inLanguage":"es"},{"@type":"Organization","@id":"https:\/\/hidroter.cl\/#organization","name":"Hidroter","url":"https:\/\/hidroter.cl\/","logo":{"@type":"ImageObject","inLanguage":"es","@id":"https:\/\/hidroter.cl\/#\/schema\/logo\/image\/","url":"https:\/\/hidroter.cl\/wp-content\/uploads\/2017\/07\/logo.webp","contentUrl":"https:\/\/hidroter.cl\/wp-content\/uploads\/2017\/07\/logo.webp","width":251,"height":48,"caption":"Hidroter"},"image":{"@id":"https:\/\/hidroter.cl\/#\/schema\/logo\/image\/"},"sameAs":["https:\/\/www.facebook.com\/share\/1KKf8JpMVS\/?mibextid=LQQJ4d","https:\/\/www.instagram.com\/hidroter.cl"]}]}},"acf":[],"_links":{"self":[{"href":"https:\/\/hidroter.cl\/index.php\/wp-json\/wp\/v2\/product\/9974","targetHints":{"allow":["GET"]}}],"collection":[{"href":"https:\/\/hidroter.cl\/index.php\/wp-json\/wp\/v2\/product"}],"about":[{"href":"https:\/\/hidroter.cl\/index.php\/wp-json\/wp\/v2\/types\/product"}],"wp:featuredmedia":[{"embeddable":true,"href":"https:\/\/hidroter.cl\/index.php\/wp-json\/wp\/v2\/media\/10009"}],"wp:attachment":[{"href":"https:\/\/hidroter.cl\/index.php\/wp-json\/wp\/v2\/media?parent=9974"}],"wp:term":[{"taxonomy":"product_cat","embeddable":true,"href":"https:\/\/hidroter.cl\/index.php\/wp-json\/wp\/v2\/product_cat?post=9974"},{"taxonomy":"product_tag","embeddable":true,"href":"https:\/\/hidroter.cl\/index.php\/wp-json\/wp\/v2\/product_tag?post=9974"}],"curies":[{"name":"wp","href":"https:\/\/api.w.org\/{rel}","templated":true}]}}