{"id":9962,"date":"2024-11-21T13:21:11","date_gmt":"2024-11-21T16:21:11","guid":{"rendered":"https:\/\/hidroter.cl\/?post_type=product&#038;p=9962"},"modified":"2024-11-21T16:32:28","modified_gmt":"2024-11-21T19:32:28","slug":"bomba-aguas-servidas-dna-80-2-110-mg","status":"publish","type":"product","link":"https:\/\/hidroter.cl\/index.php\/producto\/bomba-aguas-servidas-dna-80-2-110-mg\/","title":{"rendered":"BOMBA AGUAS SERVIDAS DNA 80-2\/110 MG"},"content":{"rendered":"<p>La serie de ADN se utiliza para las aguas servidas residuales. Su amplio caudal permite el paso libre de s\u00f3lidos, por lo que es muy \u00fatil en plantas de tratamiento de aguas y agr\u00edcolas aplicaciones. Se caracterizan por su funcionamiento silencioso. Su componente principal es el hierro fundido GG20.<\/p>\n","protected":false},"excerpt":{"rendered":"<p>1.5 HP &#8211; 220 VOLT &#8211; 7.4 AMP &#8211; 3\u201d- 80 mm<\/p>\n","protected":false},"featured_media":9978,"template":"","meta":[],"product_cat":[147],"product_tag":[152],"class_list":{"0":"post-9962","1":"product","2":"type-product","3":"status-publish","4":"has-post-thumbnail","6":"product_cat-bomba-sumergible","7":"product_tag-aguas-negras","9":"first","10":"instock","11":"shipping-taxable","12":"purchasable","13":"product-type-simple"},"yoast_head":"<!-- This site is optimized with the Yoast SEO plugin v24.0 - https:\/\/yoast.com\/wordpress\/plugins\/seo\/ -->\n<title>BOMBA AGUAS SERVIDAS DNA 80-2\/110 MG - Hidroter<\/title>\n<meta name=\"robots\" content=\"noindex, follow, max-snippet:-1, max-image-preview:large, max-video-preview:-1\" \/>\n<meta property=\"og:locale\" content=\"es_ES\" \/>\n<meta property=\"og:type\" content=\"article\" \/>\n<meta property=\"og:title\" content=\"BOMBA AGUAS SERVIDAS DNA 80-2\/110 MG - Hidroter\" \/>\n<meta property=\"og:description\" content=\"1.5 HP - 220 VOLT - 7.4 AMP - 3\u201d- 80 mm\" \/>\n<meta property=\"og:url\" content=\"https:\/\/hidroter.cl\/index.php\/producto\/bomba-aguas-servidas-dna-80-2-110-mg\/\" \/>\n<meta property=\"og:site_name\" content=\"Hidroter\" \/>\n<meta property=\"article:publisher\" content=\"https:\/\/www.facebook.com\/share\/1KKf8JpMVS\/?mibextid=LQQJ4d\" \/>\n<meta property=\"article:modified_time\" content=\"2024-11-21T19:32:28+00:00\" \/>\n<meta property=\"og:image\" content=\"https:\/\/hidroter.cl\/wp-content\/uploads\/2024\/11\/bomba-aguas-servidas-dna-80-2110-mg-nggktb5eij26b1zx5bfwxli9xbckhzvgvkdyjoqikw.jpg\" \/>\n\t<meta property=\"og:image:width\" content=\"500\" \/>\n\t<meta property=\"og:image:height\" content=\"808\" \/>\n\t<meta property=\"og:image:type\" content=\"image\/jpeg\" \/>\n<meta name=\"twitter:card\" content=\"summary_large_image\" \/>\n<script type=\"application\/ld+json\" class=\"yoast-schema-graph\">{\"@context\":\"https:\/\/schema.org\",\"@graph\":[{\"@type\":\"WebPage\",\"@id\":\"https:\/\/hidroter.cl\/index.php\/producto\/bomba-aguas-servidas-dna-80-2-110-mg\/\",\"url\":\"https:\/\/hidroter.cl\/index.php\/producto\/bomba-aguas-servidas-dna-80-2-110-mg\/\",\"name\":\"BOMBA AGUAS SERVIDAS DNA 80-2\/110 MG - Hidroter\",\"isPartOf\":{\"@id\":\"https:\/\/hidroter.cl\/#website\"},\"primaryImageOfPage\":{\"@id\":\"https:\/\/hidroter.cl\/index.php\/producto\/bomba-aguas-servidas-dna-80-2-110-mg\/#primaryimage\"},\"image\":{\"@id\":\"https:\/\/hidroter.cl\/index.php\/producto\/bomba-aguas-servidas-dna-80-2-110-mg\/#primaryimage\"},\"thumbnailUrl\":\"https:\/\/hidroter.cl\/wp-content\/uploads\/2024\/11\/bomba-aguas-servidas-dna-80-2110-mg-nggktb5eij26b1zx5bfwxli9xbckhzvgvkdyjoqikw.jpg\",\"datePublished\":\"2024-11-21T16:21:11+00:00\",\"dateModified\":\"2024-11-21T19:32:28+00:00\",\"breadcrumb\":{\"@id\":\"https:\/\/hidroter.cl\/index.php\/producto\/bomba-aguas-servidas-dna-80-2-110-mg\/#breadcrumb\"},\"inLanguage\":\"es\",\"potentialAction\":[{\"@type\":\"ReadAction\",\"target\":[\"https:\/\/hidroter.cl\/index.php\/producto\/bomba-aguas-servidas-dna-80-2-110-mg\/\"]}]},{\"@type\":\"ImageObject\",\"inLanguage\":\"es\",\"@id\":\"https:\/\/hidroter.cl\/index.php\/producto\/bomba-aguas-servidas-dna-80-2-110-mg\/#primaryimage\",\"url\":\"https:\/\/hidroter.cl\/wp-content\/uploads\/2024\/11\/bomba-aguas-servidas-dna-80-2110-mg-nggktb5eij26b1zx5bfwxli9xbckhzvgvkdyjoqikw.jpg\",\"contentUrl\":\"https:\/\/hidroter.cl\/wp-content\/uploads\/2024\/11\/bomba-aguas-servidas-dna-80-2110-mg-nggktb5eij26b1zx5bfwxli9xbckhzvgvkdyjoqikw.jpg\",\"width\":500,\"height\":808},{\"@type\":\"BreadcrumbList\",\"@id\":\"https:\/\/hidroter.cl\/index.php\/producto\/bomba-aguas-servidas-dna-80-2-110-mg\/#breadcrumb\",\"itemListElement\":[{\"@type\":\"ListItem\",\"position\":1,\"name\":\"Portada\",\"item\":\"https:\/\/hidroter.cl\/\"},{\"@type\":\"ListItem\",\"position\":2,\"name\":\"Tienda\",\"item\":\"https:\/\/hidroter.cl\/index.php\/tienda\/\"},{\"@type\":\"ListItem\",\"position\":3,\"name\":\"BOMBA AGUAS SERVIDAS DNA 80-2\/110 MG\"}]},{\"@type\":\"WebSite\",\"@id\":\"https:\/\/hidroter.cl\/#website\",\"url\":\"https:\/\/hidroter.cl\/\",\"name\":\"Hidroter\",\"description\":\"Venta de Bombas Hidr\u00e1ulicas, Mantenciones Hidr\u00e1ulicas, Potabilizaci\u00f3n, Sala de Agua Potable, Piscinas, Planta de Tratamientos de Aguas Servidas, Proyectos Hidr\u00e1ulicos, Optimizaci\u00f3n de Procesos, Monitoreo y An\u00e1lisis de Agua, Asesor\u00eda Hidr\u00e1ulica, Instalaciones, Sellado y Pintura de Estanques, Remodelaciones, Habilitaciones, Reparaciones, Sistemas Hidr\u00e1ulicos, Techumbres, Estructuras Met\u00e1licas, Alba\u00f1iler\u00eda, Pintura, Luminarias LED Industriales, Luminarias LED para Oficinas, Instalaciones de Luminarias LED, Proyectos de Iluminaci\u00f3n LED, Contratos de Mantenimiento, Mantenimiento Correctivo, Preventivo y Predictivo, Iluminaci\u00f3n, Gasfiter\u00eda, Tableros El\u00e9ctricos, Motores\/Bombas\",\"publisher\":{\"@id\":\"https:\/\/hidroter.cl\/#organization\"},\"potentialAction\":[{\"@type\":\"SearchAction\",\"target\":{\"@type\":\"EntryPoint\",\"urlTemplate\":\"https:\/\/hidroter.cl\/?s={search_term_string}\"},\"query-input\":{\"@type\":\"PropertyValueSpecification\",\"valueRequired\":true,\"valueName\":\"search_term_string\"}}],\"inLanguage\":\"es\"},{\"@type\":\"Organization\",\"@id\":\"https:\/\/hidroter.cl\/#organization\",\"name\":\"Hidroter\",\"url\":\"https:\/\/hidroter.cl\/\",\"logo\":{\"@type\":\"ImageObject\",\"inLanguage\":\"es\",\"@id\":\"https:\/\/hidroter.cl\/#\/schema\/logo\/image\/\",\"url\":\"https:\/\/hidroter.cl\/wp-content\/uploads\/2017\/07\/logo.webp\",\"contentUrl\":\"https:\/\/hidroter.cl\/wp-content\/uploads\/2017\/07\/logo.webp\",\"width\":251,\"height\":48,\"caption\":\"Hidroter\"},\"image\":{\"@id\":\"https:\/\/hidroter.cl\/#\/schema\/logo\/image\/\"},\"sameAs\":[\"https:\/\/www.facebook.com\/share\/1KKf8JpMVS\/?mibextid=LQQJ4d\",\"https:\/\/www.instagram.com\/hidroter.cl\"]}]}<\/script>\n<!-- \/ Yoast SEO plugin. -->","yoast_head_json":{"title":"BOMBA AGUAS SERVIDAS DNA 80-2\/110 MG - Hidroter","robots":{"index":"noindex","follow":"follow","max-snippet":"max-snippet:-1","max-image-preview":"max-image-preview:large","max-video-preview":"max-video-preview:-1"},"og_locale":"es_ES","og_type":"article","og_title":"BOMBA AGUAS SERVIDAS DNA 80-2\/110 MG - Hidroter","og_description":"1.5 HP - 220 VOLT - 7.4 AMP - 3\u201d- 80 mm","og_url":"https:\/\/hidroter.cl\/index.php\/producto\/bomba-aguas-servidas-dna-80-2-110-mg\/","og_site_name":"Hidroter","article_publisher":"https:\/\/www.facebook.com\/share\/1KKf8JpMVS\/?mibextid=LQQJ4d","article_modified_time":"2024-11-21T19:32:28+00:00","og_image":[{"width":500,"height":808,"url":"https:\/\/hidroter.cl\/wp-content\/uploads\/2024\/11\/bomba-aguas-servidas-dna-80-2110-mg-nggktb5eij26b1zx5bfwxli9xbckhzvgvkdyjoqikw.jpg","type":"image\/jpeg"}],"twitter_card":"summary_large_image","schema":{"@context":"https:\/\/schema.org","@graph":[{"@type":"WebPage","@id":"https:\/\/hidroter.cl\/index.php\/producto\/bomba-aguas-servidas-dna-80-2-110-mg\/","url":"https:\/\/hidroter.cl\/index.php\/producto\/bomba-aguas-servidas-dna-80-2-110-mg\/","name":"BOMBA AGUAS SERVIDAS DNA 80-2\/110 MG - Hidroter","isPartOf":{"@id":"https:\/\/hidroter.cl\/#website"},"primaryImageOfPage":{"@id":"https:\/\/hidroter.cl\/index.php\/producto\/bomba-aguas-servidas-dna-80-2-110-mg\/#primaryimage"},"image":{"@id":"https:\/\/hidroter.cl\/index.php\/producto\/bomba-aguas-servidas-dna-80-2-110-mg\/#primaryimage"},"thumbnailUrl":"https:\/\/hidroter.cl\/wp-content\/uploads\/2024\/11\/bomba-aguas-servidas-dna-80-2110-mg-nggktb5eij26b1zx5bfwxli9xbckhzvgvkdyjoqikw.jpg","datePublished":"2024-11-21T16:21:11+00:00","dateModified":"2024-11-21T19:32:28+00:00","breadcrumb":{"@id":"https:\/\/hidroter.cl\/index.php\/producto\/bomba-aguas-servidas-dna-80-2-110-mg\/#breadcrumb"},"inLanguage":"es","potentialAction":[{"@type":"ReadAction","target":["https:\/\/hidroter.cl\/index.php\/producto\/bomba-aguas-servidas-dna-80-2-110-mg\/"]}]},{"@type":"ImageObject","inLanguage":"es","@id":"https:\/\/hidroter.cl\/index.php\/producto\/bomba-aguas-servidas-dna-80-2-110-mg\/#primaryimage","url":"https:\/\/hidroter.cl\/wp-content\/uploads\/2024\/11\/bomba-aguas-servidas-dna-80-2110-mg-nggktb5eij26b1zx5bfwxli9xbckhzvgvkdyjoqikw.jpg","contentUrl":"https:\/\/hidroter.cl\/wp-content\/uploads\/2024\/11\/bomba-aguas-servidas-dna-80-2110-mg-nggktb5eij26b1zx5bfwxli9xbckhzvgvkdyjoqikw.jpg","width":500,"height":808},{"@type":"BreadcrumbList","@id":"https:\/\/hidroter.cl\/index.php\/producto\/bomba-aguas-servidas-dna-80-2-110-mg\/#breadcrumb","itemListElement":[{"@type":"ListItem","position":1,"name":"Portada","item":"https:\/\/hidroter.cl\/"},{"@type":"ListItem","position":2,"name":"Tienda","item":"https:\/\/hidroter.cl\/index.php\/tienda\/"},{"@type":"ListItem","position":3,"name":"BOMBA AGUAS SERVIDAS DNA 80-2\/110 MG"}]},{"@type":"WebSite","@id":"https:\/\/hidroter.cl\/#website","url":"https:\/\/hidroter.cl\/","name":"Hidroter","description":"Venta de Bombas Hidr\u00e1ulicas, Mantenciones Hidr\u00e1ulicas, Potabilizaci\u00f3n, Sala de Agua Potable, Piscinas, Planta de Tratamientos de Aguas Servidas, Proyectos Hidr\u00e1ulicos, Optimizaci\u00f3n de Procesos, Monitoreo y An\u00e1lisis de Agua, Asesor\u00eda Hidr\u00e1ulica, Instalaciones, Sellado y Pintura de Estanques, Remodelaciones, Habilitaciones, Reparaciones, Sistemas Hidr\u00e1ulicos, Techumbres, Estructuras Met\u00e1licas, Alba\u00f1iler\u00eda, Pintura, Luminarias LED Industriales, Luminarias LED para Oficinas, Instalaciones de Luminarias LED, Proyectos de Iluminaci\u00f3n LED, Contratos de Mantenimiento, Mantenimiento Correctivo, Preventivo y Predictivo, Iluminaci\u00f3n, Gasfiter\u00eda, Tableros El\u00e9ctricos, Motores\/Bombas","publisher":{"@id":"https:\/\/hidroter.cl\/#organization"},"potentialAction":[{"@type":"SearchAction","target":{"@type":"EntryPoint","urlTemplate":"https:\/\/hidroter.cl\/?s={search_term_string}"},"query-input":{"@type":"PropertyValueSpecification","valueRequired":true,"valueName":"search_term_string"}}],"inLanguage":"es"},{"@type":"Organization","@id":"https:\/\/hidroter.cl\/#organization","name":"Hidroter","url":"https:\/\/hidroter.cl\/","logo":{"@type":"ImageObject","inLanguage":"es","@id":"https:\/\/hidroter.cl\/#\/schema\/logo\/image\/","url":"https:\/\/hidroter.cl\/wp-content\/uploads\/2017\/07\/logo.webp","contentUrl":"https:\/\/hidroter.cl\/wp-content\/uploads\/2017\/07\/logo.webp","width":251,"height":48,"caption":"Hidroter"},"image":{"@id":"https:\/\/hidroter.cl\/#\/schema\/logo\/image\/"},"sameAs":["https:\/\/www.facebook.com\/share\/1KKf8JpMVS\/?mibextid=LQQJ4d","https:\/\/www.instagram.com\/hidroter.cl"]}]}},"acf":[],"_links":{"self":[{"href":"https:\/\/hidroter.cl\/index.php\/wp-json\/wp\/v2\/product\/9962","targetHints":{"allow":["GET"]}}],"collection":[{"href":"https:\/\/hidroter.cl\/index.php\/wp-json\/wp\/v2\/product"}],"about":[{"href":"https:\/\/hidroter.cl\/index.php\/wp-json\/wp\/v2\/types\/product"}],"wp:featuredmedia":[{"embeddable":true,"href":"https:\/\/hidroter.cl\/index.php\/wp-json\/wp\/v2\/media\/9978"}],"wp:attachment":[{"href":"https:\/\/hidroter.cl\/index.php\/wp-json\/wp\/v2\/media?parent=9962"}],"wp:term":[{"taxonomy":"product_cat","embeddable":true,"href":"https:\/\/hidroter.cl\/index.php\/wp-json\/wp\/v2\/product_cat?post=9962"},{"taxonomy":"product_tag","embeddable":true,"href":"https:\/\/hidroter.cl\/index.php\/wp-json\/wp\/v2\/product_tag?post=9962"}],"curies":[{"name":"wp","href":"https:\/\/api.w.org\/{rel}","templated":true}]}}