{"id":9916,"date":"2024-11-21T13:20:31","date_gmt":"2024-11-21T16:20:31","guid":{"rendered":"https:\/\/hidroter.cl\/?post_type=product&#038;p=9916"},"modified":"2024-11-21T16:38:17","modified_gmt":"2024-11-21T19:38:17","slug":"bomba-centrifuga-nm-40-20b-125-hp-380-660v","status":"publish","type":"product","link":"https:\/\/hidroter.cl\/index.php\/producto\/bomba-centrifuga-nm-40-20b-125-hp-380-660v\/","title":{"rendered":"BOMBA CENTR\u00cdFUGA NM 40-20B | 12,5 HP | 380\/660V"},"content":{"rendered":"<p>Bomba normalizada\u00a0NM 40\u00a0con motor de alta eficiencia IE3, de 4 a 10 HP con el sello de calidad de Calpeda.<\/p>\n","protected":false},"excerpt":{"rendered":"<p>12.5 HP &#8211; 380 VOLT. &#8211; 18.5 AMP. &#8211; 2 \u00bd\u201d x 2\u201d DI\u00c1M.<\/p>\n","protected":false},"featured_media":9942,"template":"","meta":[],"product_cat":[113],"product_tag":[153],"class_list":{"0":"post-9916","1":"product","2":"type-product","3":"status-publish","4":"has-post-thumbnail","6":"product_cat-bomba-de-superficie","7":"product_tag-centrifugas","9":"first","10":"instock","11":"shipping-taxable","12":"purchasable","13":"product-type-simple"},"yoast_head":"<!-- This site is optimized with the Yoast SEO plugin v24.0 - https:\/\/yoast.com\/wordpress\/plugins\/seo\/ -->\n<title>BOMBA CENTR\u00cdFUGA NM 40-20B | 12,5 HP | 380\/660V - Hidroter<\/title>\n<meta name=\"robots\" content=\"noindex, follow, max-snippet:-1, max-image-preview:large, max-video-preview:-1\" \/>\n<meta property=\"og:locale\" content=\"es_ES\" \/>\n<meta property=\"og:type\" content=\"article\" \/>\n<meta property=\"og:title\" content=\"BOMBA CENTR\u00cdFUGA NM 40-20B | 12,5 HP | 380\/660V - Hidroter\" \/>\n<meta property=\"og:description\" content=\"12.5 HP - 380 VOLT. - 18.5 AMP. - 2 \u00bd\u201d x 2\u201d DI\u00c1M.\" \/>\n<meta property=\"og:url\" content=\"https:\/\/hidroter.cl\/index.php\/producto\/bomba-centrifuga-nm-40-20b-125-hp-380-660v\/\" \/>\n<meta property=\"og:site_name\" content=\"Hidroter\" \/>\n<meta property=\"article:publisher\" content=\"https:\/\/www.facebook.com\/share\/1KKf8JpMVS\/?mibextid=LQQJ4d\" \/>\n<meta property=\"article:modified_time\" content=\"2024-11-21T19:38:17+00:00\" \/>\n<meta property=\"og:image\" content=\"https:\/\/hidroter.cl\/wp-content\/uploads\/2024\/11\/NM40-o0npyylnnx0rtjvojqq0gdnz45usputs3vkv2hzvmg.png\" \/>\n\t<meta property=\"og:image:width\" content=\"500\" \/>\n\t<meta property=\"og:image:height\" content=\"380\" \/>\n\t<meta property=\"og:image:type\" content=\"image\/png\" \/>\n<meta name=\"twitter:card\" content=\"summary_large_image\" \/>\n<script type=\"application\/ld+json\" class=\"yoast-schema-graph\">{\"@context\":\"https:\/\/schema.org\",\"@graph\":[{\"@type\":\"WebPage\",\"@id\":\"https:\/\/hidroter.cl\/index.php\/producto\/bomba-centrifuga-nm-40-20b-125-hp-380-660v\/\",\"url\":\"https:\/\/hidroter.cl\/index.php\/producto\/bomba-centrifuga-nm-40-20b-125-hp-380-660v\/\",\"name\":\"BOMBA CENTR\u00cdFUGA NM 40-20B | 12,5 HP | 380\/660V - Hidroter\",\"isPartOf\":{\"@id\":\"https:\/\/hidroter.cl\/#website\"},\"primaryImageOfPage\":{\"@id\":\"https:\/\/hidroter.cl\/index.php\/producto\/bomba-centrifuga-nm-40-20b-125-hp-380-660v\/#primaryimage\"},\"image\":{\"@id\":\"https:\/\/hidroter.cl\/index.php\/producto\/bomba-centrifuga-nm-40-20b-125-hp-380-660v\/#primaryimage\"},\"thumbnailUrl\":\"https:\/\/hidroter.cl\/wp-content\/uploads\/2024\/11\/NM40-o0npyylnnx0rtjvojqq0gdnz45usputs3vkv2hzvmg.png\",\"datePublished\":\"2024-11-21T16:20:31+00:00\",\"dateModified\":\"2024-11-21T19:38:17+00:00\",\"breadcrumb\":{\"@id\":\"https:\/\/hidroter.cl\/index.php\/producto\/bomba-centrifuga-nm-40-20b-125-hp-380-660v\/#breadcrumb\"},\"inLanguage\":\"es\",\"potentialAction\":[{\"@type\":\"ReadAction\",\"target\":[\"https:\/\/hidroter.cl\/index.php\/producto\/bomba-centrifuga-nm-40-20b-125-hp-380-660v\/\"]}]},{\"@type\":\"ImageObject\",\"inLanguage\":\"es\",\"@id\":\"https:\/\/hidroter.cl\/index.php\/producto\/bomba-centrifuga-nm-40-20b-125-hp-380-660v\/#primaryimage\",\"url\":\"https:\/\/hidroter.cl\/wp-content\/uploads\/2024\/11\/NM40-o0npyylnnx0rtjvojqq0gdnz45usputs3vkv2hzvmg.png\",\"contentUrl\":\"https:\/\/hidroter.cl\/wp-content\/uploads\/2024\/11\/NM40-o0npyylnnx0rtjvojqq0gdnz45usputs3vkv2hzvmg.png\",\"width\":500,\"height\":380},{\"@type\":\"BreadcrumbList\",\"@id\":\"https:\/\/hidroter.cl\/index.php\/producto\/bomba-centrifuga-nm-40-20b-125-hp-380-660v\/#breadcrumb\",\"itemListElement\":[{\"@type\":\"ListItem\",\"position\":1,\"name\":\"Portada\",\"item\":\"https:\/\/hidroter.cl\/\"},{\"@type\":\"ListItem\",\"position\":2,\"name\":\"Tienda\",\"item\":\"https:\/\/hidroter.cl\/index.php\/tienda\/\"},{\"@type\":\"ListItem\",\"position\":3,\"name\":\"BOMBA CENTR\u00cdFUGA NM 40-20B | 12,5 HP | 380\/660V\"}]},{\"@type\":\"WebSite\",\"@id\":\"https:\/\/hidroter.cl\/#website\",\"url\":\"https:\/\/hidroter.cl\/\",\"name\":\"Hidroter\",\"description\":\"Venta de Bombas Hidr\u00e1ulicas, Mantenciones Hidr\u00e1ulicas, Potabilizaci\u00f3n, Sala de Agua Potable, Piscinas, Planta de Tratamientos de Aguas Servidas, Proyectos Hidr\u00e1ulicos, Optimizaci\u00f3n de Procesos, Monitoreo y An\u00e1lisis de Agua, Asesor\u00eda Hidr\u00e1ulica, Instalaciones, Sellado y Pintura de Estanques, Remodelaciones, Habilitaciones, Reparaciones, Sistemas Hidr\u00e1ulicos, Techumbres, Estructuras Met\u00e1licas, Alba\u00f1iler\u00eda, Pintura, Luminarias LED Industriales, Luminarias LED para Oficinas, Instalaciones de Luminarias LED, Proyectos de Iluminaci\u00f3n LED, Contratos de Mantenimiento, Mantenimiento Correctivo, Preventivo y Predictivo, Iluminaci\u00f3n, Gasfiter\u00eda, Tableros El\u00e9ctricos, Motores\/Bombas\",\"publisher\":{\"@id\":\"https:\/\/hidroter.cl\/#organization\"},\"potentialAction\":[{\"@type\":\"SearchAction\",\"target\":{\"@type\":\"EntryPoint\",\"urlTemplate\":\"https:\/\/hidroter.cl\/?s={search_term_string}\"},\"query-input\":{\"@type\":\"PropertyValueSpecification\",\"valueRequired\":true,\"valueName\":\"search_term_string\"}}],\"inLanguage\":\"es\"},{\"@type\":\"Organization\",\"@id\":\"https:\/\/hidroter.cl\/#organization\",\"name\":\"Hidroter\",\"url\":\"https:\/\/hidroter.cl\/\",\"logo\":{\"@type\":\"ImageObject\",\"inLanguage\":\"es\",\"@id\":\"https:\/\/hidroter.cl\/#\/schema\/logo\/image\/\",\"url\":\"https:\/\/hidroter.cl\/wp-content\/uploads\/2017\/07\/logo.webp\",\"contentUrl\":\"https:\/\/hidroter.cl\/wp-content\/uploads\/2017\/07\/logo.webp\",\"width\":251,\"height\":48,\"caption\":\"Hidroter\"},\"image\":{\"@id\":\"https:\/\/hidroter.cl\/#\/schema\/logo\/image\/\"},\"sameAs\":[\"https:\/\/www.facebook.com\/share\/1KKf8JpMVS\/?mibextid=LQQJ4d\",\"https:\/\/www.instagram.com\/hidroter.cl\"]}]}<\/script>\n<!-- \/ Yoast SEO plugin. -->","yoast_head_json":{"title":"BOMBA CENTR\u00cdFUGA NM 40-20B | 12,5 HP | 380\/660V - Hidroter","robots":{"index":"noindex","follow":"follow","max-snippet":"max-snippet:-1","max-image-preview":"max-image-preview:large","max-video-preview":"max-video-preview:-1"},"og_locale":"es_ES","og_type":"article","og_title":"BOMBA CENTR\u00cdFUGA NM 40-20B | 12,5 HP | 380\/660V - Hidroter","og_description":"12.5 HP - 380 VOLT. - 18.5 AMP. - 2 \u00bd\u201d x 2\u201d DI\u00c1M.","og_url":"https:\/\/hidroter.cl\/index.php\/producto\/bomba-centrifuga-nm-40-20b-125-hp-380-660v\/","og_site_name":"Hidroter","article_publisher":"https:\/\/www.facebook.com\/share\/1KKf8JpMVS\/?mibextid=LQQJ4d","article_modified_time":"2024-11-21T19:38:17+00:00","og_image":[{"width":500,"height":380,"url":"https:\/\/hidroter.cl\/wp-content\/uploads\/2024\/11\/NM40-o0npyylnnx0rtjvojqq0gdnz45usputs3vkv2hzvmg.png","type":"image\/png"}],"twitter_card":"summary_large_image","schema":{"@context":"https:\/\/schema.org","@graph":[{"@type":"WebPage","@id":"https:\/\/hidroter.cl\/index.php\/producto\/bomba-centrifuga-nm-40-20b-125-hp-380-660v\/","url":"https:\/\/hidroter.cl\/index.php\/producto\/bomba-centrifuga-nm-40-20b-125-hp-380-660v\/","name":"BOMBA CENTR\u00cdFUGA NM 40-20B | 12,5 HP | 380\/660V - Hidroter","isPartOf":{"@id":"https:\/\/hidroter.cl\/#website"},"primaryImageOfPage":{"@id":"https:\/\/hidroter.cl\/index.php\/producto\/bomba-centrifuga-nm-40-20b-125-hp-380-660v\/#primaryimage"},"image":{"@id":"https:\/\/hidroter.cl\/index.php\/producto\/bomba-centrifuga-nm-40-20b-125-hp-380-660v\/#primaryimage"},"thumbnailUrl":"https:\/\/hidroter.cl\/wp-content\/uploads\/2024\/11\/NM40-o0npyylnnx0rtjvojqq0gdnz45usputs3vkv2hzvmg.png","datePublished":"2024-11-21T16:20:31+00:00","dateModified":"2024-11-21T19:38:17+00:00","breadcrumb":{"@id":"https:\/\/hidroter.cl\/index.php\/producto\/bomba-centrifuga-nm-40-20b-125-hp-380-660v\/#breadcrumb"},"inLanguage":"es","potentialAction":[{"@type":"ReadAction","target":["https:\/\/hidroter.cl\/index.php\/producto\/bomba-centrifuga-nm-40-20b-125-hp-380-660v\/"]}]},{"@type":"ImageObject","inLanguage":"es","@id":"https:\/\/hidroter.cl\/index.php\/producto\/bomba-centrifuga-nm-40-20b-125-hp-380-660v\/#primaryimage","url":"https:\/\/hidroter.cl\/wp-content\/uploads\/2024\/11\/NM40-o0npyylnnx0rtjvojqq0gdnz45usputs3vkv2hzvmg.png","contentUrl":"https:\/\/hidroter.cl\/wp-content\/uploads\/2024\/11\/NM40-o0npyylnnx0rtjvojqq0gdnz45usputs3vkv2hzvmg.png","width":500,"height":380},{"@type":"BreadcrumbList","@id":"https:\/\/hidroter.cl\/index.php\/producto\/bomba-centrifuga-nm-40-20b-125-hp-380-660v\/#breadcrumb","itemListElement":[{"@type":"ListItem","position":1,"name":"Portada","item":"https:\/\/hidroter.cl\/"},{"@type":"ListItem","position":2,"name":"Tienda","item":"https:\/\/hidroter.cl\/index.php\/tienda\/"},{"@type":"ListItem","position":3,"name":"BOMBA CENTR\u00cdFUGA NM 40-20B | 12,5 HP | 380\/660V"}]},{"@type":"WebSite","@id":"https:\/\/hidroter.cl\/#website","url":"https:\/\/hidroter.cl\/","name":"Hidroter","description":"Venta de Bombas Hidr\u00e1ulicas, Mantenciones Hidr\u00e1ulicas, Potabilizaci\u00f3n, Sala de Agua Potable, Piscinas, Planta de Tratamientos de Aguas Servidas, Proyectos Hidr\u00e1ulicos, Optimizaci\u00f3n de Procesos, Monitoreo y An\u00e1lisis de Agua, Asesor\u00eda Hidr\u00e1ulica, Instalaciones, Sellado y Pintura de Estanques, Remodelaciones, Habilitaciones, Reparaciones, Sistemas Hidr\u00e1ulicos, Techumbres, Estructuras Met\u00e1licas, Alba\u00f1iler\u00eda, Pintura, Luminarias LED Industriales, Luminarias LED para Oficinas, Instalaciones de Luminarias LED, Proyectos de Iluminaci\u00f3n LED, Contratos de Mantenimiento, Mantenimiento Correctivo, Preventivo y Predictivo, Iluminaci\u00f3n, Gasfiter\u00eda, Tableros El\u00e9ctricos, Motores\/Bombas","publisher":{"@id":"https:\/\/hidroter.cl\/#organization"},"potentialAction":[{"@type":"SearchAction","target":{"@type":"EntryPoint","urlTemplate":"https:\/\/hidroter.cl\/?s={search_term_string}"},"query-input":{"@type":"PropertyValueSpecification","valueRequired":true,"valueName":"search_term_string"}}],"inLanguage":"es"},{"@type":"Organization","@id":"https:\/\/hidroter.cl\/#organization","name":"Hidroter","url":"https:\/\/hidroter.cl\/","logo":{"@type":"ImageObject","inLanguage":"es","@id":"https:\/\/hidroter.cl\/#\/schema\/logo\/image\/","url":"https:\/\/hidroter.cl\/wp-content\/uploads\/2017\/07\/logo.webp","contentUrl":"https:\/\/hidroter.cl\/wp-content\/uploads\/2017\/07\/logo.webp","width":251,"height":48,"caption":"Hidroter"},"image":{"@id":"https:\/\/hidroter.cl\/#\/schema\/logo\/image\/"},"sameAs":["https:\/\/www.facebook.com\/share\/1KKf8JpMVS\/?mibextid=LQQJ4d","https:\/\/www.instagram.com\/hidroter.cl"]}]}},"acf":[],"_links":{"self":[{"href":"https:\/\/hidroter.cl\/index.php\/wp-json\/wp\/v2\/product\/9916","targetHints":{"allow":["GET"]}}],"collection":[{"href":"https:\/\/hidroter.cl\/index.php\/wp-json\/wp\/v2\/product"}],"about":[{"href":"https:\/\/hidroter.cl\/index.php\/wp-json\/wp\/v2\/types\/product"}],"wp:featuredmedia":[{"embeddable":true,"href":"https:\/\/hidroter.cl\/index.php\/wp-json\/wp\/v2\/media\/9942"}],"wp:attachment":[{"href":"https:\/\/hidroter.cl\/index.php\/wp-json\/wp\/v2\/media?parent=9916"}],"wp:term":[{"taxonomy":"product_cat","embeddable":true,"href":"https:\/\/hidroter.cl\/index.php\/wp-json\/wp\/v2\/product_cat?post=9916"},{"taxonomy":"product_tag","embeddable":true,"href":"https:\/\/hidroter.cl\/index.php\/wp-json\/wp\/v2\/product_tag?post=9916"}],"curies":[{"name":"wp","href":"https:\/\/api.w.org\/{rel}","templated":true}]}}