{"id":9823,"date":"2024-11-21T13:18:51","date_gmt":"2024-11-21T16:18:51","guid":{"rendered":"https:\/\/hidroter.cl\/?post_type=product&#038;p=9823"},"modified":"2024-11-21T17:02:43","modified_gmt":"2024-11-21T20:02:43","slug":"filtro-de-arena-mfv-31-750-24-m3-h-vav-top-2","status":"publish","type":"product","link":"https:\/\/hidroter.cl\/index.php\/producto\/filtro-de-arena-mfv-31-750-24-m3-h-vav-top-2\/","title":{"rendered":"FILTRO DE ARENA MFV 31 750 (24 m3\/h) | VAV TOP 2"},"content":{"rendered":"<p>Filtro de arena de dise\u00f1o compacto para trabajo pesado. Fabricado en PE de alta densidad. Dise\u00f1ado para la mayor\u00eda de las piscinas y spas dom\u00e9sticos.<\/p>\n","protected":false},"excerpt":{"rendered":"<p>24.7 m3\/h &#8211; 320 kg &#8211; 2\u201d CONEX<\/p>\n","protected":false},"featured_media":9863,"template":"","meta":[],"product_cat":[144],"product_tag":[146],"class_list":{"0":"post-9823","1":"product","2":"type-product","3":"status-publish","4":"has-post-thumbnail","6":"product_cat-filtro","7":"product_tag-piscina","9":"first","10":"instock","11":"shipping-taxable","12":"purchasable","13":"product-type-simple"},"yoast_head":"<!-- This site is optimized with the Yoast SEO plugin v24.0 - https:\/\/yoast.com\/wordpress\/plugins\/seo\/ -->\n<title>FILTRO DE ARENA MFV 31 750 (24 m3\/h) | VAV TOP 2 - Hidroter<\/title>\n<meta name=\"robots\" content=\"noindex, follow, max-snippet:-1, max-image-preview:large, max-video-preview:-1\" \/>\n<meta property=\"og:locale\" content=\"es_ES\" \/>\n<meta property=\"og:type\" content=\"article\" \/>\n<meta property=\"og:title\" content=\"FILTRO DE ARENA MFV 31 750 (24 m3\/h) | VAV TOP 2 - Hidroter\" \/>\n<meta property=\"og:description\" content=\"24.7 m3\/h - 320 kg - 2\u201d CONEX\" \/>\n<meta property=\"og:url\" content=\"https:\/\/hidroter.cl\/index.php\/producto\/filtro-de-arena-mfv-31-750-24-m3-h-vav-top-2\/\" \/>\n<meta property=\"og:site_name\" content=\"Hidroter\" \/>\n<meta property=\"article:publisher\" content=\"https:\/\/www.facebook.com\/share\/1KKf8JpMVS\/?mibextid=LQQJ4d\" \/>\n<meta property=\"article:modified_time\" content=\"2024-11-21T20:02:43+00:00\" \/>\n<meta property=\"og:image\" content=\"https:\/\/hidroter.cl\/wp-content\/uploads\/2024\/11\/filtro-de-arena-mfv31-750-24-m3h-vav-top-2-nggkddrupl99kx4s5flhom73k9uo2mn7cqfrswcog0.jpg\" \/>\n\t<meta property=\"og:image:width\" content=\"500\" \/>\n\t<meta property=\"og:image:height\" content=\"864\" \/>\n\t<meta property=\"og:image:type\" content=\"image\/jpeg\" \/>\n<meta name=\"twitter:card\" content=\"summary_large_image\" \/>\n<script type=\"application\/ld+json\" class=\"yoast-schema-graph\">{\"@context\":\"https:\/\/schema.org\",\"@graph\":[{\"@type\":\"WebPage\",\"@id\":\"https:\/\/hidroter.cl\/index.php\/producto\/filtro-de-arena-mfv-31-750-24-m3-h-vav-top-2\/\",\"url\":\"https:\/\/hidroter.cl\/index.php\/producto\/filtro-de-arena-mfv-31-750-24-m3-h-vav-top-2\/\",\"name\":\"FILTRO DE ARENA MFV 31 750 (24 m3\/h) | VAV TOP 2 - Hidroter\",\"isPartOf\":{\"@id\":\"https:\/\/hidroter.cl\/#website\"},\"primaryImageOfPage\":{\"@id\":\"https:\/\/hidroter.cl\/index.php\/producto\/filtro-de-arena-mfv-31-750-24-m3-h-vav-top-2\/#primaryimage\"},\"image\":{\"@id\":\"https:\/\/hidroter.cl\/index.php\/producto\/filtro-de-arena-mfv-31-750-24-m3-h-vav-top-2\/#primaryimage\"},\"thumbnailUrl\":\"https:\/\/hidroter.cl\/wp-content\/uploads\/2024\/11\/filtro-de-arena-mfv31-750-24-m3h-vav-top-2-nggkddrupl99kx4s5flhom73k9uo2mn7cqfrswcog0.jpg\",\"datePublished\":\"2024-11-21T16:18:51+00:00\",\"dateModified\":\"2024-11-21T20:02:43+00:00\",\"breadcrumb\":{\"@id\":\"https:\/\/hidroter.cl\/index.php\/producto\/filtro-de-arena-mfv-31-750-24-m3-h-vav-top-2\/#breadcrumb\"},\"inLanguage\":\"es\",\"potentialAction\":[{\"@type\":\"ReadAction\",\"target\":[\"https:\/\/hidroter.cl\/index.php\/producto\/filtro-de-arena-mfv-31-750-24-m3-h-vav-top-2\/\"]}]},{\"@type\":\"ImageObject\",\"inLanguage\":\"es\",\"@id\":\"https:\/\/hidroter.cl\/index.php\/producto\/filtro-de-arena-mfv-31-750-24-m3-h-vav-top-2\/#primaryimage\",\"url\":\"https:\/\/hidroter.cl\/wp-content\/uploads\/2024\/11\/filtro-de-arena-mfv31-750-24-m3h-vav-top-2-nggkddrupl99kx4s5flhom73k9uo2mn7cqfrswcog0.jpg\",\"contentUrl\":\"https:\/\/hidroter.cl\/wp-content\/uploads\/2024\/11\/filtro-de-arena-mfv31-750-24-m3h-vav-top-2-nggkddrupl99kx4s5flhom73k9uo2mn7cqfrswcog0.jpg\",\"width\":500,\"height\":864},{\"@type\":\"BreadcrumbList\",\"@id\":\"https:\/\/hidroter.cl\/index.php\/producto\/filtro-de-arena-mfv-31-750-24-m3-h-vav-top-2\/#breadcrumb\",\"itemListElement\":[{\"@type\":\"ListItem\",\"position\":1,\"name\":\"Portada\",\"item\":\"https:\/\/hidroter.cl\/\"},{\"@type\":\"ListItem\",\"position\":2,\"name\":\"Tienda\",\"item\":\"https:\/\/hidroter.cl\/index.php\/tienda\/\"},{\"@type\":\"ListItem\",\"position\":3,\"name\":\"FILTRO DE ARENA MFV 31 750 (24 m3\/h) | VAV TOP 2\"}]},{\"@type\":\"WebSite\",\"@id\":\"https:\/\/hidroter.cl\/#website\",\"url\":\"https:\/\/hidroter.cl\/\",\"name\":\"Hidroter\",\"description\":\"Venta de Bombas Hidr\u00e1ulicas, Mantenciones Hidr\u00e1ulicas, Potabilizaci\u00f3n, Sala de Agua Potable, Piscinas, Planta de Tratamientos de Aguas Servidas, Proyectos Hidr\u00e1ulicos, Optimizaci\u00f3n de Procesos, Monitoreo y An\u00e1lisis de Agua, Asesor\u00eda Hidr\u00e1ulica, Instalaciones, Sellado y Pintura de Estanques, Remodelaciones, Habilitaciones, Reparaciones, Sistemas Hidr\u00e1ulicos, Techumbres, Estructuras Met\u00e1licas, Alba\u00f1iler\u00eda, Pintura, Luminarias LED Industriales, Luminarias LED para Oficinas, Instalaciones de Luminarias LED, Proyectos de Iluminaci\u00f3n LED, Contratos de Mantenimiento, Mantenimiento Correctivo, Preventivo y Predictivo, Iluminaci\u00f3n, Gasfiter\u00eda, Tableros El\u00e9ctricos, Motores\/Bombas\",\"publisher\":{\"@id\":\"https:\/\/hidroter.cl\/#organization\"},\"potentialAction\":[{\"@type\":\"SearchAction\",\"target\":{\"@type\":\"EntryPoint\",\"urlTemplate\":\"https:\/\/hidroter.cl\/?s={search_term_string}\"},\"query-input\":{\"@type\":\"PropertyValueSpecification\",\"valueRequired\":true,\"valueName\":\"search_term_string\"}}],\"inLanguage\":\"es\"},{\"@type\":\"Organization\",\"@id\":\"https:\/\/hidroter.cl\/#organization\",\"name\":\"Hidroter\",\"url\":\"https:\/\/hidroter.cl\/\",\"logo\":{\"@type\":\"ImageObject\",\"inLanguage\":\"es\",\"@id\":\"https:\/\/hidroter.cl\/#\/schema\/logo\/image\/\",\"url\":\"https:\/\/hidroter.cl\/wp-content\/uploads\/2017\/07\/logo.webp\",\"contentUrl\":\"https:\/\/hidroter.cl\/wp-content\/uploads\/2017\/07\/logo.webp\",\"width\":251,\"height\":48,\"caption\":\"Hidroter\"},\"image\":{\"@id\":\"https:\/\/hidroter.cl\/#\/schema\/logo\/image\/\"},\"sameAs\":[\"https:\/\/www.facebook.com\/share\/1KKf8JpMVS\/?mibextid=LQQJ4d\",\"https:\/\/www.instagram.com\/hidroter.cl\"]}]}<\/script>\n<!-- \/ Yoast SEO plugin. -->","yoast_head_json":{"title":"FILTRO DE ARENA MFV 31 750 (24 m3\/h) | VAV TOP 2 - Hidroter","robots":{"index":"noindex","follow":"follow","max-snippet":"max-snippet:-1","max-image-preview":"max-image-preview:large","max-video-preview":"max-video-preview:-1"},"og_locale":"es_ES","og_type":"article","og_title":"FILTRO DE ARENA MFV 31 750 (24 m3\/h) | VAV TOP 2 - Hidroter","og_description":"24.7 m3\/h - 320 kg - 2\u201d CONEX","og_url":"https:\/\/hidroter.cl\/index.php\/producto\/filtro-de-arena-mfv-31-750-24-m3-h-vav-top-2\/","og_site_name":"Hidroter","article_publisher":"https:\/\/www.facebook.com\/share\/1KKf8JpMVS\/?mibextid=LQQJ4d","article_modified_time":"2024-11-21T20:02:43+00:00","og_image":[{"width":500,"height":864,"url":"https:\/\/hidroter.cl\/wp-content\/uploads\/2024\/11\/filtro-de-arena-mfv31-750-24-m3h-vav-top-2-nggkddrupl99kx4s5flhom73k9uo2mn7cqfrswcog0.jpg","type":"image\/jpeg"}],"twitter_card":"summary_large_image","schema":{"@context":"https:\/\/schema.org","@graph":[{"@type":"WebPage","@id":"https:\/\/hidroter.cl\/index.php\/producto\/filtro-de-arena-mfv-31-750-24-m3-h-vav-top-2\/","url":"https:\/\/hidroter.cl\/index.php\/producto\/filtro-de-arena-mfv-31-750-24-m3-h-vav-top-2\/","name":"FILTRO DE ARENA MFV 31 750 (24 m3\/h) | VAV TOP 2 - Hidroter","isPartOf":{"@id":"https:\/\/hidroter.cl\/#website"},"primaryImageOfPage":{"@id":"https:\/\/hidroter.cl\/index.php\/producto\/filtro-de-arena-mfv-31-750-24-m3-h-vav-top-2\/#primaryimage"},"image":{"@id":"https:\/\/hidroter.cl\/index.php\/producto\/filtro-de-arena-mfv-31-750-24-m3-h-vav-top-2\/#primaryimage"},"thumbnailUrl":"https:\/\/hidroter.cl\/wp-content\/uploads\/2024\/11\/filtro-de-arena-mfv31-750-24-m3h-vav-top-2-nggkddrupl99kx4s5flhom73k9uo2mn7cqfrswcog0.jpg","datePublished":"2024-11-21T16:18:51+00:00","dateModified":"2024-11-21T20:02:43+00:00","breadcrumb":{"@id":"https:\/\/hidroter.cl\/index.php\/producto\/filtro-de-arena-mfv-31-750-24-m3-h-vav-top-2\/#breadcrumb"},"inLanguage":"es","potentialAction":[{"@type":"ReadAction","target":["https:\/\/hidroter.cl\/index.php\/producto\/filtro-de-arena-mfv-31-750-24-m3-h-vav-top-2\/"]}]},{"@type":"ImageObject","inLanguage":"es","@id":"https:\/\/hidroter.cl\/index.php\/producto\/filtro-de-arena-mfv-31-750-24-m3-h-vav-top-2\/#primaryimage","url":"https:\/\/hidroter.cl\/wp-content\/uploads\/2024\/11\/filtro-de-arena-mfv31-750-24-m3h-vav-top-2-nggkddrupl99kx4s5flhom73k9uo2mn7cqfrswcog0.jpg","contentUrl":"https:\/\/hidroter.cl\/wp-content\/uploads\/2024\/11\/filtro-de-arena-mfv31-750-24-m3h-vav-top-2-nggkddrupl99kx4s5flhom73k9uo2mn7cqfrswcog0.jpg","width":500,"height":864},{"@type":"BreadcrumbList","@id":"https:\/\/hidroter.cl\/index.php\/producto\/filtro-de-arena-mfv-31-750-24-m3-h-vav-top-2\/#breadcrumb","itemListElement":[{"@type":"ListItem","position":1,"name":"Portada","item":"https:\/\/hidroter.cl\/"},{"@type":"ListItem","position":2,"name":"Tienda","item":"https:\/\/hidroter.cl\/index.php\/tienda\/"},{"@type":"ListItem","position":3,"name":"FILTRO DE ARENA MFV 31 750 (24 m3\/h) | VAV TOP 2"}]},{"@type":"WebSite","@id":"https:\/\/hidroter.cl\/#website","url":"https:\/\/hidroter.cl\/","name":"Hidroter","description":"Venta de Bombas Hidr\u00e1ulicas, Mantenciones Hidr\u00e1ulicas, Potabilizaci\u00f3n, Sala de Agua Potable, Piscinas, Planta de Tratamientos de Aguas Servidas, Proyectos Hidr\u00e1ulicos, Optimizaci\u00f3n de Procesos, Monitoreo y An\u00e1lisis de Agua, Asesor\u00eda Hidr\u00e1ulica, Instalaciones, Sellado y Pintura de Estanques, Remodelaciones, Habilitaciones, Reparaciones, Sistemas Hidr\u00e1ulicos, Techumbres, Estructuras Met\u00e1licas, Alba\u00f1iler\u00eda, Pintura, Luminarias LED Industriales, Luminarias LED para Oficinas, Instalaciones de Luminarias LED, Proyectos de Iluminaci\u00f3n LED, Contratos de Mantenimiento, Mantenimiento Correctivo, Preventivo y Predictivo, Iluminaci\u00f3n, Gasfiter\u00eda, Tableros El\u00e9ctricos, Motores\/Bombas","publisher":{"@id":"https:\/\/hidroter.cl\/#organization"},"potentialAction":[{"@type":"SearchAction","target":{"@type":"EntryPoint","urlTemplate":"https:\/\/hidroter.cl\/?s={search_term_string}"},"query-input":{"@type":"PropertyValueSpecification","valueRequired":true,"valueName":"search_term_string"}}],"inLanguage":"es"},{"@type":"Organization","@id":"https:\/\/hidroter.cl\/#organization","name":"Hidroter","url":"https:\/\/hidroter.cl\/","logo":{"@type":"ImageObject","inLanguage":"es","@id":"https:\/\/hidroter.cl\/#\/schema\/logo\/image\/","url":"https:\/\/hidroter.cl\/wp-content\/uploads\/2017\/07\/logo.webp","contentUrl":"https:\/\/hidroter.cl\/wp-content\/uploads\/2017\/07\/logo.webp","width":251,"height":48,"caption":"Hidroter"},"image":{"@id":"https:\/\/hidroter.cl\/#\/schema\/logo\/image\/"},"sameAs":["https:\/\/www.facebook.com\/share\/1KKf8JpMVS\/?mibextid=LQQJ4d","https:\/\/www.instagram.com\/hidroter.cl"]}]}},"acf":[],"_links":{"self":[{"href":"https:\/\/hidroter.cl\/index.php\/wp-json\/wp\/v2\/product\/9823","targetHints":{"allow":["GET"]}}],"collection":[{"href":"https:\/\/hidroter.cl\/index.php\/wp-json\/wp\/v2\/product"}],"about":[{"href":"https:\/\/hidroter.cl\/index.php\/wp-json\/wp\/v2\/types\/product"}],"wp:featuredmedia":[{"embeddable":true,"href":"https:\/\/hidroter.cl\/index.php\/wp-json\/wp\/v2\/media\/9863"}],"wp:attachment":[{"href":"https:\/\/hidroter.cl\/index.php\/wp-json\/wp\/v2\/media?parent=9823"}],"wp:term":[{"taxonomy":"product_cat","embeddable":true,"href":"https:\/\/hidroter.cl\/index.php\/wp-json\/wp\/v2\/product_cat?post=9823"},{"taxonomy":"product_tag","embeddable":true,"href":"https:\/\/hidroter.cl\/index.php\/wp-json\/wp\/v2\/product_tag?post=9823"}],"curies":[{"name":"wp","href":"https:\/\/api.w.org\/{rel}","templated":true}]}}