{"id":9805,"date":"2024-11-21T13:18:28","date_gmt":"2024-11-21T16:18:28","guid":{"rendered":"https:\/\/hidroter.cl\/?post_type=product&#038;p=9805"},"modified":"2024-11-21T17:04:03","modified_gmt":"2024-11-21T20:04:03","slug":"combo-bomba-fsu-8tp-filtro-y-temporizador-fsu-8tp","status":"publish","type":"product","link":"https:\/\/hidroter.cl\/index.php\/producto\/combo-bomba-fsu-8tp-filtro-y-temporizador-fsu-8tp\/","title":{"rendered":"Combo bomba FSU-8TP + filtro y temporizador FSU-8TP"},"content":{"rendered":"<p>Los kits de filtraci\u00f3n serie \u201cUltra\u201d para piscinas elevadas est\u00e1n dise\u00f1ados para simplificar la instalaci\u00f3n, la configuraci\u00f3n y el funcionamiento del equipo. El kit incluye: un filtro de polietileno de alta densidad, una v\u00e1lvula selectora superior de 4 v\u00edas y una bomba de serie \u201cAMU\u201d. La bomba est\u00e1 fijada sobre una plataforma.<\/p>\n","protected":false},"excerpt":{"rendered":"<p>8.0 m3\/h- 17 kg &#8211; 1 1\u20442\u201d CONEX<\/p>\n","protected":false},"featured_media":9840,"template":"","meta":[],"product_cat":[144],"product_tag":[145],"class_list":{"0":"post-9805","1":"product","2":"type-product","3":"status-publish","4":"has-post-thumbnail","6":"product_cat-filtro","7":"product_tag-combo","9":"first","10":"instock","11":"shipping-taxable","12":"purchasable","13":"product-type-simple"},"yoast_head":"<!-- This site is optimized with the Yoast SEO plugin v24.0 - https:\/\/yoast.com\/wordpress\/plugins\/seo\/ -->\n<title>Combo bomba FSU-8TP + filtro y temporizador FSU-8TP - Hidroter<\/title>\n<meta name=\"robots\" content=\"noindex, follow, max-snippet:-1, max-image-preview:large, max-video-preview:-1\" \/>\n<meta property=\"og:locale\" content=\"es_ES\" \/>\n<meta property=\"og:type\" content=\"article\" \/>\n<meta property=\"og:title\" content=\"Combo bomba FSU-8TP + filtro y temporizador FSU-8TP - Hidroter\" \/>\n<meta property=\"og:description\" content=\"8.0 m3\/h- 17 kg - 1 1\u20442\u201d CONEX\" \/>\n<meta property=\"og:url\" content=\"https:\/\/hidroter.cl\/index.php\/producto\/combo-bomba-fsu-8tp-filtro-y-temporizador-fsu-8tp\/\" \/>\n<meta property=\"og:site_name\" content=\"Hidroter\" \/>\n<meta property=\"article:publisher\" content=\"https:\/\/www.facebook.com\/share\/1KKf8JpMVS\/?mibextid=LQQJ4d\" \/>\n<meta property=\"article:modified_time\" content=\"2024-11-21T20:04:03+00:00\" \/>\n<meta property=\"og:image\" content=\"https:\/\/hidroter.cl\/wp-content\/uploads\/2024\/11\/combo-filtro-y-bomba-fsu-8tp-nggkhiacpewkjb5227sjmkpxf5inut0sl5ihmm8exq.jpg\" \/>\n\t<meta property=\"og:image:width\" content=\"500\" \/>\n\t<meta property=\"og:image:height\" content=\"579\" \/>\n\t<meta property=\"og:image:type\" content=\"image\/jpeg\" \/>\n<meta name=\"twitter:card\" content=\"summary_large_image\" \/>\n<script type=\"application\/ld+json\" class=\"yoast-schema-graph\">{\"@context\":\"https:\/\/schema.org\",\"@graph\":[{\"@type\":\"WebPage\",\"@id\":\"https:\/\/hidroter.cl\/index.php\/producto\/combo-bomba-fsu-8tp-filtro-y-temporizador-fsu-8tp\/\",\"url\":\"https:\/\/hidroter.cl\/index.php\/producto\/combo-bomba-fsu-8tp-filtro-y-temporizador-fsu-8tp\/\",\"name\":\"Combo bomba FSU-8TP + filtro y temporizador FSU-8TP - Hidroter\",\"isPartOf\":{\"@id\":\"https:\/\/hidroter.cl\/#website\"},\"primaryImageOfPage\":{\"@id\":\"https:\/\/hidroter.cl\/index.php\/producto\/combo-bomba-fsu-8tp-filtro-y-temporizador-fsu-8tp\/#primaryimage\"},\"image\":{\"@id\":\"https:\/\/hidroter.cl\/index.php\/producto\/combo-bomba-fsu-8tp-filtro-y-temporizador-fsu-8tp\/#primaryimage\"},\"thumbnailUrl\":\"https:\/\/hidroter.cl\/wp-content\/uploads\/2024\/11\/combo-filtro-y-bomba-fsu-8tp-nggkhiacpewkjb5227sjmkpxf5inut0sl5ihmm8exq.jpg\",\"datePublished\":\"2024-11-21T16:18:28+00:00\",\"dateModified\":\"2024-11-21T20:04:03+00:00\",\"breadcrumb\":{\"@id\":\"https:\/\/hidroter.cl\/index.php\/producto\/combo-bomba-fsu-8tp-filtro-y-temporizador-fsu-8tp\/#breadcrumb\"},\"inLanguage\":\"es\",\"potentialAction\":[{\"@type\":\"ReadAction\",\"target\":[\"https:\/\/hidroter.cl\/index.php\/producto\/combo-bomba-fsu-8tp-filtro-y-temporizador-fsu-8tp\/\"]}]},{\"@type\":\"ImageObject\",\"inLanguage\":\"es\",\"@id\":\"https:\/\/hidroter.cl\/index.php\/producto\/combo-bomba-fsu-8tp-filtro-y-temporizador-fsu-8tp\/#primaryimage\",\"url\":\"https:\/\/hidroter.cl\/wp-content\/uploads\/2024\/11\/combo-filtro-y-bomba-fsu-8tp-nggkhiacpewkjb5227sjmkpxf5inut0sl5ihmm8exq.jpg\",\"contentUrl\":\"https:\/\/hidroter.cl\/wp-content\/uploads\/2024\/11\/combo-filtro-y-bomba-fsu-8tp-nggkhiacpewkjb5227sjmkpxf5inut0sl5ihmm8exq.jpg\",\"width\":500,\"height\":579},{\"@type\":\"BreadcrumbList\",\"@id\":\"https:\/\/hidroter.cl\/index.php\/producto\/combo-bomba-fsu-8tp-filtro-y-temporizador-fsu-8tp\/#breadcrumb\",\"itemListElement\":[{\"@type\":\"ListItem\",\"position\":1,\"name\":\"Portada\",\"item\":\"https:\/\/hidroter.cl\/\"},{\"@type\":\"ListItem\",\"position\":2,\"name\":\"Tienda\",\"item\":\"https:\/\/hidroter.cl\/index.php\/tienda\/\"},{\"@type\":\"ListItem\",\"position\":3,\"name\":\"Combo bomba FSU-8TP + filtro y temporizador FSU-8TP\"}]},{\"@type\":\"WebSite\",\"@id\":\"https:\/\/hidroter.cl\/#website\",\"url\":\"https:\/\/hidroter.cl\/\",\"name\":\"Hidroter\",\"description\":\"Venta de Bombas Hidr\u00e1ulicas, Mantenciones Hidr\u00e1ulicas, Potabilizaci\u00f3n, Sala de Agua Potable, Piscinas, Planta de Tratamientos de Aguas Servidas, Proyectos Hidr\u00e1ulicos, Optimizaci\u00f3n de Procesos, Monitoreo y An\u00e1lisis de Agua, Asesor\u00eda Hidr\u00e1ulica, Instalaciones, Sellado y Pintura de Estanques, Remodelaciones, Habilitaciones, Reparaciones, Sistemas Hidr\u00e1ulicos, Techumbres, Estructuras Met\u00e1licas, Alba\u00f1iler\u00eda, Pintura, Luminarias LED Industriales, Luminarias LED para Oficinas, Instalaciones de Luminarias LED, Proyectos de Iluminaci\u00f3n LED, Contratos de Mantenimiento, Mantenimiento Correctivo, Preventivo y Predictivo, Iluminaci\u00f3n, Gasfiter\u00eda, Tableros El\u00e9ctricos, Motores\/Bombas\",\"publisher\":{\"@id\":\"https:\/\/hidroter.cl\/#organization\"},\"potentialAction\":[{\"@type\":\"SearchAction\",\"target\":{\"@type\":\"EntryPoint\",\"urlTemplate\":\"https:\/\/hidroter.cl\/?s={search_term_string}\"},\"query-input\":{\"@type\":\"PropertyValueSpecification\",\"valueRequired\":true,\"valueName\":\"search_term_string\"}}],\"inLanguage\":\"es\"},{\"@type\":\"Organization\",\"@id\":\"https:\/\/hidroter.cl\/#organization\",\"name\":\"Hidroter\",\"url\":\"https:\/\/hidroter.cl\/\",\"logo\":{\"@type\":\"ImageObject\",\"inLanguage\":\"es\",\"@id\":\"https:\/\/hidroter.cl\/#\/schema\/logo\/image\/\",\"url\":\"https:\/\/hidroter.cl\/wp-content\/uploads\/2017\/07\/logo.webp\",\"contentUrl\":\"https:\/\/hidroter.cl\/wp-content\/uploads\/2017\/07\/logo.webp\",\"width\":251,\"height\":48,\"caption\":\"Hidroter\"},\"image\":{\"@id\":\"https:\/\/hidroter.cl\/#\/schema\/logo\/image\/\"},\"sameAs\":[\"https:\/\/www.facebook.com\/share\/1KKf8JpMVS\/?mibextid=LQQJ4d\",\"https:\/\/www.instagram.com\/hidroter.cl\"]}]}<\/script>\n<!-- \/ Yoast SEO plugin. -->","yoast_head_json":{"title":"Combo bomba FSU-8TP + filtro y temporizador FSU-8TP - Hidroter","robots":{"index":"noindex","follow":"follow","max-snippet":"max-snippet:-1","max-image-preview":"max-image-preview:large","max-video-preview":"max-video-preview:-1"},"og_locale":"es_ES","og_type":"article","og_title":"Combo bomba FSU-8TP + filtro y temporizador FSU-8TP - Hidroter","og_description":"8.0 m3\/h- 17 kg - 1 1\u20442\u201d CONEX","og_url":"https:\/\/hidroter.cl\/index.php\/producto\/combo-bomba-fsu-8tp-filtro-y-temporizador-fsu-8tp\/","og_site_name":"Hidroter","article_publisher":"https:\/\/www.facebook.com\/share\/1KKf8JpMVS\/?mibextid=LQQJ4d","article_modified_time":"2024-11-21T20:04:03+00:00","og_image":[{"width":500,"height":579,"url":"https:\/\/hidroter.cl\/wp-content\/uploads\/2024\/11\/combo-filtro-y-bomba-fsu-8tp-nggkhiacpewkjb5227sjmkpxf5inut0sl5ihmm8exq.jpg","type":"image\/jpeg"}],"twitter_card":"summary_large_image","schema":{"@context":"https:\/\/schema.org","@graph":[{"@type":"WebPage","@id":"https:\/\/hidroter.cl\/index.php\/producto\/combo-bomba-fsu-8tp-filtro-y-temporizador-fsu-8tp\/","url":"https:\/\/hidroter.cl\/index.php\/producto\/combo-bomba-fsu-8tp-filtro-y-temporizador-fsu-8tp\/","name":"Combo bomba FSU-8TP + filtro y temporizador FSU-8TP - Hidroter","isPartOf":{"@id":"https:\/\/hidroter.cl\/#website"},"primaryImageOfPage":{"@id":"https:\/\/hidroter.cl\/index.php\/producto\/combo-bomba-fsu-8tp-filtro-y-temporizador-fsu-8tp\/#primaryimage"},"image":{"@id":"https:\/\/hidroter.cl\/index.php\/producto\/combo-bomba-fsu-8tp-filtro-y-temporizador-fsu-8tp\/#primaryimage"},"thumbnailUrl":"https:\/\/hidroter.cl\/wp-content\/uploads\/2024\/11\/combo-filtro-y-bomba-fsu-8tp-nggkhiacpewkjb5227sjmkpxf5inut0sl5ihmm8exq.jpg","datePublished":"2024-11-21T16:18:28+00:00","dateModified":"2024-11-21T20:04:03+00:00","breadcrumb":{"@id":"https:\/\/hidroter.cl\/index.php\/producto\/combo-bomba-fsu-8tp-filtro-y-temporizador-fsu-8tp\/#breadcrumb"},"inLanguage":"es","potentialAction":[{"@type":"ReadAction","target":["https:\/\/hidroter.cl\/index.php\/producto\/combo-bomba-fsu-8tp-filtro-y-temporizador-fsu-8tp\/"]}]},{"@type":"ImageObject","inLanguage":"es","@id":"https:\/\/hidroter.cl\/index.php\/producto\/combo-bomba-fsu-8tp-filtro-y-temporizador-fsu-8tp\/#primaryimage","url":"https:\/\/hidroter.cl\/wp-content\/uploads\/2024\/11\/combo-filtro-y-bomba-fsu-8tp-nggkhiacpewkjb5227sjmkpxf5inut0sl5ihmm8exq.jpg","contentUrl":"https:\/\/hidroter.cl\/wp-content\/uploads\/2024\/11\/combo-filtro-y-bomba-fsu-8tp-nggkhiacpewkjb5227sjmkpxf5inut0sl5ihmm8exq.jpg","width":500,"height":579},{"@type":"BreadcrumbList","@id":"https:\/\/hidroter.cl\/index.php\/producto\/combo-bomba-fsu-8tp-filtro-y-temporizador-fsu-8tp\/#breadcrumb","itemListElement":[{"@type":"ListItem","position":1,"name":"Portada","item":"https:\/\/hidroter.cl\/"},{"@type":"ListItem","position":2,"name":"Tienda","item":"https:\/\/hidroter.cl\/index.php\/tienda\/"},{"@type":"ListItem","position":3,"name":"Combo bomba FSU-8TP + filtro y temporizador FSU-8TP"}]},{"@type":"WebSite","@id":"https:\/\/hidroter.cl\/#website","url":"https:\/\/hidroter.cl\/","name":"Hidroter","description":"Venta de Bombas Hidr\u00e1ulicas, Mantenciones Hidr\u00e1ulicas, Potabilizaci\u00f3n, Sala de Agua Potable, Piscinas, Planta de Tratamientos de Aguas Servidas, Proyectos Hidr\u00e1ulicos, Optimizaci\u00f3n de Procesos, Monitoreo y An\u00e1lisis de Agua, Asesor\u00eda Hidr\u00e1ulica, Instalaciones, Sellado y Pintura de Estanques, Remodelaciones, Habilitaciones, Reparaciones, Sistemas Hidr\u00e1ulicos, Techumbres, Estructuras Met\u00e1licas, Alba\u00f1iler\u00eda, Pintura, Luminarias LED Industriales, Luminarias LED para Oficinas, Instalaciones de Luminarias LED, Proyectos de Iluminaci\u00f3n LED, Contratos de Mantenimiento, Mantenimiento Correctivo, Preventivo y Predictivo, Iluminaci\u00f3n, Gasfiter\u00eda, Tableros El\u00e9ctricos, Motores\/Bombas","publisher":{"@id":"https:\/\/hidroter.cl\/#organization"},"potentialAction":[{"@type":"SearchAction","target":{"@type":"EntryPoint","urlTemplate":"https:\/\/hidroter.cl\/?s={search_term_string}"},"query-input":{"@type":"PropertyValueSpecification","valueRequired":true,"valueName":"search_term_string"}}],"inLanguage":"es"},{"@type":"Organization","@id":"https:\/\/hidroter.cl\/#organization","name":"Hidroter","url":"https:\/\/hidroter.cl\/","logo":{"@type":"ImageObject","inLanguage":"es","@id":"https:\/\/hidroter.cl\/#\/schema\/logo\/image\/","url":"https:\/\/hidroter.cl\/wp-content\/uploads\/2017\/07\/logo.webp","contentUrl":"https:\/\/hidroter.cl\/wp-content\/uploads\/2017\/07\/logo.webp","width":251,"height":48,"caption":"Hidroter"},"image":{"@id":"https:\/\/hidroter.cl\/#\/schema\/logo\/image\/"},"sameAs":["https:\/\/www.facebook.com\/share\/1KKf8JpMVS\/?mibextid=LQQJ4d","https:\/\/www.instagram.com\/hidroter.cl"]}]}},"acf":[],"_links":{"self":[{"href":"https:\/\/hidroter.cl\/index.php\/wp-json\/wp\/v2\/product\/9805","targetHints":{"allow":["GET"]}}],"collection":[{"href":"https:\/\/hidroter.cl\/index.php\/wp-json\/wp\/v2\/product"}],"about":[{"href":"https:\/\/hidroter.cl\/index.php\/wp-json\/wp\/v2\/types\/product"}],"wp:featuredmedia":[{"embeddable":true,"href":"https:\/\/hidroter.cl\/index.php\/wp-json\/wp\/v2\/media\/9840"}],"wp:attachment":[{"href":"https:\/\/hidroter.cl\/index.php\/wp-json\/wp\/v2\/media?parent=9805"}],"wp:term":[{"taxonomy":"product_cat","embeddable":true,"href":"https:\/\/hidroter.cl\/index.php\/wp-json\/wp\/v2\/product_cat?post=9805"},{"taxonomy":"product_tag","embeddable":true,"href":"https:\/\/hidroter.cl\/index.php\/wp-json\/wp\/v2\/product_tag?post=9805"}],"curies":[{"name":"wp","href":"https:\/\/api.w.org\/{rel}","templated":true}]}}