{"id":9798,"date":"2024-11-21T13:18:26","date_gmt":"2024-11-21T16:18:26","guid":{"rendered":"https:\/\/hidroter.cl\/?post_type=product&#038;p=9798"},"modified":"2024-11-21T17:04:47","modified_gmt":"2024-11-21T20:04:47","slug":"bomba-alto-rendimiento-para-piscina-eph-400-4-hp","status":"publish","type":"product","link":"https:\/\/hidroter.cl\/index.php\/producto\/bomba-alto-rendimiento-para-piscina-eph-400-4-hp\/","title":{"rendered":"BOMBA ALTO RENDIMIENTO PARA PISCINA EPH 400 | 4 HP"},"content":{"rendered":"<p>Las bombas Emaux E-Power de velocidad variable reducen el consumo de energ\u00eda de su piscina, spa, cascada o fuente. El ahorro se consigue gracias a una mayor eficiencia, minimizando el uso excesivo de energ\u00eda y reduciendo el coste de mantenimiento. Las bombas tradicionales de una \u00fanica velocidad siempre funcionan con la m\u00e1xima potencia, siendo ineficientes y costosas en comparaci\u00f3n con las bombas Emaux EPV. Trabajando a una velocidad reducida se ralentiza la circulaci\u00f3n de agua y disminuye la carga sobre la instalaci\u00f3n completa, incluyendo filtro, desinfecci\u00f3n y tuber\u00eda. Se reduce el desgaste por uso, facilitando el ahorro al propietario.<\/p>\n","protected":false},"excerpt":{"rendered":"<p>4.0 HP &#8211; 380 VOLT &#8211; 5.5 AMP &#8211; 2\u201d x 2\u201d DI\u00c1M<\/p>\n","protected":false},"featured_media":9837,"template":"","meta":[],"product_cat":[139],"product_tag":[141],"class_list":{"0":"post-9798","1":"product","2":"type-product","3":"status-publish","4":"has-post-thumbnail","6":"product_cat-bomba-piscina","7":"product_tag-alto-rendimiento","9":"first","10":"instock","11":"shipping-taxable","12":"purchasable","13":"product-type-simple"},"yoast_head":"<!-- This site is optimized with the Yoast SEO plugin v24.0 - https:\/\/yoast.com\/wordpress\/plugins\/seo\/ -->\n<title>BOMBA ALTO RENDIMIENTO PARA PISCINA EPH 400 | 4 HP - Hidroter<\/title>\n<meta name=\"robots\" content=\"noindex, follow, max-snippet:-1, max-image-preview:large, max-video-preview:-1\" \/>\n<meta property=\"og:locale\" content=\"es_ES\" \/>\n<meta property=\"og:type\" content=\"article\" \/>\n<meta property=\"og:title\" content=\"BOMBA ALTO RENDIMIENTO PARA PISCINA EPH 400 | 4 HP - Hidroter\" \/>\n<meta property=\"og:description\" content=\"4.0 HP - 380 VOLT - 5.5 AMP - 2\u201d x 2\u201d DI\u00c1M\" \/>\n<meta property=\"og:url\" content=\"https:\/\/hidroter.cl\/index.php\/producto\/bomba-alto-rendimiento-para-piscina-eph-400-4-hp\/\" \/>\n<meta property=\"og:site_name\" content=\"Hidroter\" \/>\n<meta property=\"article:publisher\" content=\"https:\/\/www.facebook.com\/share\/1KKf8JpMVS\/?mibextid=LQQJ4d\" \/>\n<meta property=\"article:modified_time\" content=\"2024-11-21T20:04:47+00:00\" \/>\n<meta property=\"og:image\" content=\"https:\/\/hidroter.cl\/wp-content\/uploads\/2024\/11\/bomba-alto-rendimiento-para-piscina-eph-400-4-hp-nggkt1r0m6pb2ydko7dn8nvnzgmwd0u5i9v3qx4cyu.jpg\" \/>\n\t<meta property=\"og:image:width\" content=\"500\" \/>\n\t<meta property=\"og:image:height\" content=\"375\" \/>\n\t<meta property=\"og:image:type\" content=\"image\/jpeg\" \/>\n<meta name=\"twitter:card\" content=\"summary_large_image\" \/>\n<meta name=\"twitter:label1\" content=\"Tiempo de lectura\" \/>\n\t<meta name=\"twitter:data1\" content=\"1 minuto\" \/>\n<script type=\"application\/ld+json\" class=\"yoast-schema-graph\">{\"@context\":\"https:\/\/schema.org\",\"@graph\":[{\"@type\":\"WebPage\",\"@id\":\"https:\/\/hidroter.cl\/index.php\/producto\/bomba-alto-rendimiento-para-piscina-eph-400-4-hp\/\",\"url\":\"https:\/\/hidroter.cl\/index.php\/producto\/bomba-alto-rendimiento-para-piscina-eph-400-4-hp\/\",\"name\":\"BOMBA ALTO RENDIMIENTO PARA PISCINA EPH 400 | 4 HP - Hidroter\",\"isPartOf\":{\"@id\":\"https:\/\/hidroter.cl\/#website\"},\"primaryImageOfPage\":{\"@id\":\"https:\/\/hidroter.cl\/index.php\/producto\/bomba-alto-rendimiento-para-piscina-eph-400-4-hp\/#primaryimage\"},\"image\":{\"@id\":\"https:\/\/hidroter.cl\/index.php\/producto\/bomba-alto-rendimiento-para-piscina-eph-400-4-hp\/#primaryimage\"},\"thumbnailUrl\":\"https:\/\/hidroter.cl\/wp-content\/uploads\/2024\/11\/bomba-alto-rendimiento-para-piscina-eph-400-4-hp-nggkt1r0m6pb2ydko7dn8nvnzgmwd0u5i9v3qx4cyu.jpg\",\"datePublished\":\"2024-11-21T16:18:26+00:00\",\"dateModified\":\"2024-11-21T20:04:47+00:00\",\"breadcrumb\":{\"@id\":\"https:\/\/hidroter.cl\/index.php\/producto\/bomba-alto-rendimiento-para-piscina-eph-400-4-hp\/#breadcrumb\"},\"inLanguage\":\"es\",\"potentialAction\":[{\"@type\":\"ReadAction\",\"target\":[\"https:\/\/hidroter.cl\/index.php\/producto\/bomba-alto-rendimiento-para-piscina-eph-400-4-hp\/\"]}]},{\"@type\":\"ImageObject\",\"inLanguage\":\"es\",\"@id\":\"https:\/\/hidroter.cl\/index.php\/producto\/bomba-alto-rendimiento-para-piscina-eph-400-4-hp\/#primaryimage\",\"url\":\"https:\/\/hidroter.cl\/wp-content\/uploads\/2024\/11\/bomba-alto-rendimiento-para-piscina-eph-400-4-hp-nggkt1r0m6pb2ydko7dn8nvnzgmwd0u5i9v3qx4cyu.jpg\",\"contentUrl\":\"https:\/\/hidroter.cl\/wp-content\/uploads\/2024\/11\/bomba-alto-rendimiento-para-piscina-eph-400-4-hp-nggkt1r0m6pb2ydko7dn8nvnzgmwd0u5i9v3qx4cyu.jpg\",\"width\":500,\"height\":375},{\"@type\":\"BreadcrumbList\",\"@id\":\"https:\/\/hidroter.cl\/index.php\/producto\/bomba-alto-rendimiento-para-piscina-eph-400-4-hp\/#breadcrumb\",\"itemListElement\":[{\"@type\":\"ListItem\",\"position\":1,\"name\":\"Portada\",\"item\":\"https:\/\/hidroter.cl\/\"},{\"@type\":\"ListItem\",\"position\":2,\"name\":\"Tienda\",\"item\":\"https:\/\/hidroter.cl\/index.php\/tienda\/\"},{\"@type\":\"ListItem\",\"position\":3,\"name\":\"BOMBA ALTO RENDIMIENTO PARA PISCINA EPH 400 | 4 HP\"}]},{\"@type\":\"WebSite\",\"@id\":\"https:\/\/hidroter.cl\/#website\",\"url\":\"https:\/\/hidroter.cl\/\",\"name\":\"Hidroter\",\"description\":\"Venta de Bombas Hidr\u00e1ulicas, Mantenciones Hidr\u00e1ulicas, Potabilizaci\u00f3n, Sala de Agua Potable, Piscinas, Planta de Tratamientos de Aguas Servidas, Proyectos Hidr\u00e1ulicos, Optimizaci\u00f3n de Procesos, Monitoreo y An\u00e1lisis de Agua, Asesor\u00eda Hidr\u00e1ulica, Instalaciones, Sellado y Pintura de Estanques, Remodelaciones, Habilitaciones, Reparaciones, Sistemas Hidr\u00e1ulicos, Techumbres, Estructuras Met\u00e1licas, Alba\u00f1iler\u00eda, Pintura, Luminarias LED Industriales, Luminarias LED para Oficinas, Instalaciones de Luminarias LED, Proyectos de Iluminaci\u00f3n LED, Contratos de Mantenimiento, Mantenimiento Correctivo, Preventivo y Predictivo, Iluminaci\u00f3n, Gasfiter\u00eda, Tableros El\u00e9ctricos, Motores\/Bombas\",\"publisher\":{\"@id\":\"https:\/\/hidroter.cl\/#organization\"},\"potentialAction\":[{\"@type\":\"SearchAction\",\"target\":{\"@type\":\"EntryPoint\",\"urlTemplate\":\"https:\/\/hidroter.cl\/?s={search_term_string}\"},\"query-input\":{\"@type\":\"PropertyValueSpecification\",\"valueRequired\":true,\"valueName\":\"search_term_string\"}}],\"inLanguage\":\"es\"},{\"@type\":\"Organization\",\"@id\":\"https:\/\/hidroter.cl\/#organization\",\"name\":\"Hidroter\",\"url\":\"https:\/\/hidroter.cl\/\",\"logo\":{\"@type\":\"ImageObject\",\"inLanguage\":\"es\",\"@id\":\"https:\/\/hidroter.cl\/#\/schema\/logo\/image\/\",\"url\":\"https:\/\/hidroter.cl\/wp-content\/uploads\/2017\/07\/logo.webp\",\"contentUrl\":\"https:\/\/hidroter.cl\/wp-content\/uploads\/2017\/07\/logo.webp\",\"width\":251,\"height\":48,\"caption\":\"Hidroter\"},\"image\":{\"@id\":\"https:\/\/hidroter.cl\/#\/schema\/logo\/image\/\"},\"sameAs\":[\"https:\/\/www.facebook.com\/share\/1KKf8JpMVS\/?mibextid=LQQJ4d\",\"https:\/\/www.instagram.com\/hidroter.cl\"]}]}<\/script>\n<!-- \/ Yoast SEO plugin. -->","yoast_head_json":{"title":"BOMBA ALTO RENDIMIENTO PARA PISCINA EPH 400 | 4 HP - Hidroter","robots":{"index":"noindex","follow":"follow","max-snippet":"max-snippet:-1","max-image-preview":"max-image-preview:large","max-video-preview":"max-video-preview:-1"},"og_locale":"es_ES","og_type":"article","og_title":"BOMBA ALTO RENDIMIENTO PARA PISCINA EPH 400 | 4 HP - Hidroter","og_description":"4.0 HP - 380 VOLT - 5.5 AMP - 2\u201d x 2\u201d DI\u00c1M","og_url":"https:\/\/hidroter.cl\/index.php\/producto\/bomba-alto-rendimiento-para-piscina-eph-400-4-hp\/","og_site_name":"Hidroter","article_publisher":"https:\/\/www.facebook.com\/share\/1KKf8JpMVS\/?mibextid=LQQJ4d","article_modified_time":"2024-11-21T20:04:47+00:00","og_image":[{"width":500,"height":375,"url":"https:\/\/hidroter.cl\/wp-content\/uploads\/2024\/11\/bomba-alto-rendimiento-para-piscina-eph-400-4-hp-nggkt1r0m6pb2ydko7dn8nvnzgmwd0u5i9v3qx4cyu.jpg","type":"image\/jpeg"}],"twitter_card":"summary_large_image","twitter_misc":{"Tiempo de lectura":"1 minuto"},"schema":{"@context":"https:\/\/schema.org","@graph":[{"@type":"WebPage","@id":"https:\/\/hidroter.cl\/index.php\/producto\/bomba-alto-rendimiento-para-piscina-eph-400-4-hp\/","url":"https:\/\/hidroter.cl\/index.php\/producto\/bomba-alto-rendimiento-para-piscina-eph-400-4-hp\/","name":"BOMBA ALTO RENDIMIENTO PARA PISCINA EPH 400 | 4 HP - Hidroter","isPartOf":{"@id":"https:\/\/hidroter.cl\/#website"},"primaryImageOfPage":{"@id":"https:\/\/hidroter.cl\/index.php\/producto\/bomba-alto-rendimiento-para-piscina-eph-400-4-hp\/#primaryimage"},"image":{"@id":"https:\/\/hidroter.cl\/index.php\/producto\/bomba-alto-rendimiento-para-piscina-eph-400-4-hp\/#primaryimage"},"thumbnailUrl":"https:\/\/hidroter.cl\/wp-content\/uploads\/2024\/11\/bomba-alto-rendimiento-para-piscina-eph-400-4-hp-nggkt1r0m6pb2ydko7dn8nvnzgmwd0u5i9v3qx4cyu.jpg","datePublished":"2024-11-21T16:18:26+00:00","dateModified":"2024-11-21T20:04:47+00:00","breadcrumb":{"@id":"https:\/\/hidroter.cl\/index.php\/producto\/bomba-alto-rendimiento-para-piscina-eph-400-4-hp\/#breadcrumb"},"inLanguage":"es","potentialAction":[{"@type":"ReadAction","target":["https:\/\/hidroter.cl\/index.php\/producto\/bomba-alto-rendimiento-para-piscina-eph-400-4-hp\/"]}]},{"@type":"ImageObject","inLanguage":"es","@id":"https:\/\/hidroter.cl\/index.php\/producto\/bomba-alto-rendimiento-para-piscina-eph-400-4-hp\/#primaryimage","url":"https:\/\/hidroter.cl\/wp-content\/uploads\/2024\/11\/bomba-alto-rendimiento-para-piscina-eph-400-4-hp-nggkt1r0m6pb2ydko7dn8nvnzgmwd0u5i9v3qx4cyu.jpg","contentUrl":"https:\/\/hidroter.cl\/wp-content\/uploads\/2024\/11\/bomba-alto-rendimiento-para-piscina-eph-400-4-hp-nggkt1r0m6pb2ydko7dn8nvnzgmwd0u5i9v3qx4cyu.jpg","width":500,"height":375},{"@type":"BreadcrumbList","@id":"https:\/\/hidroter.cl\/index.php\/producto\/bomba-alto-rendimiento-para-piscina-eph-400-4-hp\/#breadcrumb","itemListElement":[{"@type":"ListItem","position":1,"name":"Portada","item":"https:\/\/hidroter.cl\/"},{"@type":"ListItem","position":2,"name":"Tienda","item":"https:\/\/hidroter.cl\/index.php\/tienda\/"},{"@type":"ListItem","position":3,"name":"BOMBA ALTO RENDIMIENTO PARA PISCINA EPH 400 | 4 HP"}]},{"@type":"WebSite","@id":"https:\/\/hidroter.cl\/#website","url":"https:\/\/hidroter.cl\/","name":"Hidroter","description":"Venta de Bombas Hidr\u00e1ulicas, Mantenciones Hidr\u00e1ulicas, Potabilizaci\u00f3n, Sala de Agua Potable, Piscinas, Planta de Tratamientos de Aguas Servidas, Proyectos Hidr\u00e1ulicos, Optimizaci\u00f3n de Procesos, Monitoreo y An\u00e1lisis de Agua, Asesor\u00eda Hidr\u00e1ulica, Instalaciones, Sellado y Pintura de Estanques, Remodelaciones, Habilitaciones, Reparaciones, Sistemas Hidr\u00e1ulicos, Techumbres, Estructuras Met\u00e1licas, Alba\u00f1iler\u00eda, Pintura, Luminarias LED Industriales, Luminarias LED para Oficinas, Instalaciones de Luminarias LED, Proyectos de Iluminaci\u00f3n LED, Contratos de Mantenimiento, Mantenimiento Correctivo, Preventivo y Predictivo, Iluminaci\u00f3n, Gasfiter\u00eda, Tableros El\u00e9ctricos, Motores\/Bombas","publisher":{"@id":"https:\/\/hidroter.cl\/#organization"},"potentialAction":[{"@type":"SearchAction","target":{"@type":"EntryPoint","urlTemplate":"https:\/\/hidroter.cl\/?s={search_term_string}"},"query-input":{"@type":"PropertyValueSpecification","valueRequired":true,"valueName":"search_term_string"}}],"inLanguage":"es"},{"@type":"Organization","@id":"https:\/\/hidroter.cl\/#organization","name":"Hidroter","url":"https:\/\/hidroter.cl\/","logo":{"@type":"ImageObject","inLanguage":"es","@id":"https:\/\/hidroter.cl\/#\/schema\/logo\/image\/","url":"https:\/\/hidroter.cl\/wp-content\/uploads\/2017\/07\/logo.webp","contentUrl":"https:\/\/hidroter.cl\/wp-content\/uploads\/2017\/07\/logo.webp","width":251,"height":48,"caption":"Hidroter"},"image":{"@id":"https:\/\/hidroter.cl\/#\/schema\/logo\/image\/"},"sameAs":["https:\/\/www.facebook.com\/share\/1KKf8JpMVS\/?mibextid=LQQJ4d","https:\/\/www.instagram.com\/hidroter.cl"]}]}},"acf":[],"_links":{"self":[{"href":"https:\/\/hidroter.cl\/index.php\/wp-json\/wp\/v2\/product\/9798","targetHints":{"allow":["GET"]}}],"collection":[{"href":"https:\/\/hidroter.cl\/index.php\/wp-json\/wp\/v2\/product"}],"about":[{"href":"https:\/\/hidroter.cl\/index.php\/wp-json\/wp\/v2\/types\/product"}],"wp:featuredmedia":[{"embeddable":true,"href":"https:\/\/hidroter.cl\/index.php\/wp-json\/wp\/v2\/media\/9837"}],"wp:attachment":[{"href":"https:\/\/hidroter.cl\/index.php\/wp-json\/wp\/v2\/media?parent=9798"}],"wp:term":[{"taxonomy":"product_cat","embeddable":true,"href":"https:\/\/hidroter.cl\/index.php\/wp-json\/wp\/v2\/product_cat?post=9798"},{"taxonomy":"product_tag","embeddable":true,"href":"https:\/\/hidroter.cl\/index.php\/wp-json\/wp\/v2\/product_tag?post=9798"}],"curies":[{"name":"wp","href":"https:\/\/api.w.org\/{rel}","templated":true}]}}