{"id":9796,"date":"2024-11-21T13:18:25","date_gmt":"2024-11-21T16:18:25","guid":{"rendered":"https:\/\/hidroter.cl\/?post_type=product&#038;p=9796"},"modified":"2024-11-21T13:19:03","modified_gmt":"2024-11-21T16:19:03","slug":"bomba-para-piscinas-sb-30-3-0hp-220v","status":"publish","type":"product","link":"https:\/\/hidroter.cl\/index.php\/producto\/bomba-para-piscinas-sb-30-3-0hp-220v\/","title":{"rendered":"Bomba para piscinas SB 30 | 3.0HP | 220V"},"content":{"rendered":"<p>Bomba para un trabajo continuo y pesado, dise\u00f1ada para piscinas y spa comerciales. Las uniones incorporan las dos medidas metric &#038; imperial para mayor comodidad. El cierre del sello est\u00e1 dise\u00f1ado para eliminar escapes en la soluci\u00f3n y hacerla m\u00e1s eficiente.<\/p>\n","protected":false},"excerpt":{"rendered":"<p>3.0 HP &#8211; 220 VOLT &#8211; 12.5 AMP &#8211; 2\u201d x 2\u201d DI\u00c1M<\/p>\n","protected":false},"featured_media":9835,"template":"","meta":[],"product_cat":[140],"product_tag":[],"class_list":{"0":"post-9796","1":"product","2":"type-product","3":"status-publish","4":"has-post-thumbnail","6":"product_cat-calpeda","8":"first","9":"instock","10":"shipping-taxable","11":"product-type-simple"},"yoast_head":"<!-- This site is optimized with the Yoast SEO plugin v24.0 - https:\/\/yoast.com\/wordpress\/plugins\/seo\/ -->\n<title>Bomba para piscinas SB 30 | 3.0HP | 220V - Hidroter<\/title>\n<meta name=\"robots\" content=\"noindex, follow, max-snippet:-1, max-image-preview:large, max-video-preview:-1\" \/>\n<meta property=\"og:locale\" content=\"es_ES\" \/>\n<meta property=\"og:type\" content=\"article\" \/>\n<meta property=\"og:title\" content=\"Bomba para piscinas SB 30 | 3.0HP | 220V - Hidroter\" \/>\n<meta property=\"og:description\" content=\"3.0 HP - 220 VOLT - 12.5 AMP - 2\u201d x 2\u201d DI\u00c1M\" \/>\n<meta property=\"og:url\" content=\"https:\/\/hidroter.cl\/index.php\/producto\/bomba-para-piscinas-sb-30-3-0hp-220v\/\" \/>\n<meta property=\"og:site_name\" content=\"Hidroter\" \/>\n<meta property=\"article:publisher\" content=\"https:\/\/www.facebook.com\/share\/1KKf8JpMVS\/?mibextid=LQQJ4d\" \/>\n<meta property=\"article:modified_time\" content=\"2024-11-21T16:19:03+00:00\" \/>\n<meta property=\"og:image\" content=\"https:\/\/hidroter.cl\/wp-content\/uploads\/2024\/11\/bomba-de-piscina-sb-30-30hp-220v-nggkno49ibc8na6u2vohz0qpm35abdhg3nh2vx3gkm.jpg\" \/>\n\t<meta property=\"og:image:width\" content=\"500\" \/>\n\t<meta property=\"og:image:height\" content=\"375\" \/>\n\t<meta property=\"og:image:type\" content=\"image\/jpeg\" \/>\n<meta name=\"twitter:card\" content=\"summary_large_image\" \/>\n<script type=\"application\/ld+json\" class=\"yoast-schema-graph\">{\"@context\":\"https:\/\/schema.org\",\"@graph\":[{\"@type\":\"WebPage\",\"@id\":\"https:\/\/hidroter.cl\/index.php\/producto\/bomba-para-piscinas-sb-30-3-0hp-220v\/\",\"url\":\"https:\/\/hidroter.cl\/index.php\/producto\/bomba-para-piscinas-sb-30-3-0hp-220v\/\",\"name\":\"Bomba para piscinas SB 30 | 3.0HP | 220V - Hidroter\",\"isPartOf\":{\"@id\":\"https:\/\/hidroter.cl\/#website\"},\"primaryImageOfPage\":{\"@id\":\"https:\/\/hidroter.cl\/index.php\/producto\/bomba-para-piscinas-sb-30-3-0hp-220v\/#primaryimage\"},\"image\":{\"@id\":\"https:\/\/hidroter.cl\/index.php\/producto\/bomba-para-piscinas-sb-30-3-0hp-220v\/#primaryimage\"},\"thumbnailUrl\":\"https:\/\/hidroter.cl\/wp-content\/uploads\/2024\/11\/bomba-de-piscina-sb-30-30hp-220v-nggkno49ibc8na6u2vohz0qpm35abdhg3nh2vx3gkm.jpg\",\"datePublished\":\"2024-11-21T16:18:25+00:00\",\"dateModified\":\"2024-11-21T16:19:03+00:00\",\"breadcrumb\":{\"@id\":\"https:\/\/hidroter.cl\/index.php\/producto\/bomba-para-piscinas-sb-30-3-0hp-220v\/#breadcrumb\"},\"inLanguage\":\"es\",\"potentialAction\":[{\"@type\":\"ReadAction\",\"target\":[\"https:\/\/hidroter.cl\/index.php\/producto\/bomba-para-piscinas-sb-30-3-0hp-220v\/\"]}]},{\"@type\":\"ImageObject\",\"inLanguage\":\"es\",\"@id\":\"https:\/\/hidroter.cl\/index.php\/producto\/bomba-para-piscinas-sb-30-3-0hp-220v\/#primaryimage\",\"url\":\"https:\/\/hidroter.cl\/wp-content\/uploads\/2024\/11\/bomba-de-piscina-sb-30-30hp-220v-nggkno49ibc8na6u2vohz0qpm35abdhg3nh2vx3gkm.jpg\",\"contentUrl\":\"https:\/\/hidroter.cl\/wp-content\/uploads\/2024\/11\/bomba-de-piscina-sb-30-30hp-220v-nggkno49ibc8na6u2vohz0qpm35abdhg3nh2vx3gkm.jpg\",\"width\":500,\"height\":375},{\"@type\":\"BreadcrumbList\",\"@id\":\"https:\/\/hidroter.cl\/index.php\/producto\/bomba-para-piscinas-sb-30-3-0hp-220v\/#breadcrumb\",\"itemListElement\":[{\"@type\":\"ListItem\",\"position\":1,\"name\":\"Portada\",\"item\":\"https:\/\/hidroter.cl\/\"},{\"@type\":\"ListItem\",\"position\":2,\"name\":\"Tienda\",\"item\":\"https:\/\/hidroter.cl\/index.php\/tienda\/\"},{\"@type\":\"ListItem\",\"position\":3,\"name\":\"Bomba para piscinas SB 30 | 3.0HP | 220V\"}]},{\"@type\":\"WebSite\",\"@id\":\"https:\/\/hidroter.cl\/#website\",\"url\":\"https:\/\/hidroter.cl\/\",\"name\":\"Hidroter\",\"description\":\"Venta de Bombas Hidr\u00e1ulicas, Mantenciones Hidr\u00e1ulicas, Potabilizaci\u00f3n, Sala de Agua Potable, Piscinas, Planta de Tratamientos de Aguas Servidas, Proyectos Hidr\u00e1ulicos, Optimizaci\u00f3n de Procesos, Monitoreo y An\u00e1lisis de Agua, Asesor\u00eda Hidr\u00e1ulica, Instalaciones, Sellado y Pintura de Estanques, Remodelaciones, Habilitaciones, Reparaciones, Sistemas Hidr\u00e1ulicos, Techumbres, Estructuras Met\u00e1licas, Alba\u00f1iler\u00eda, Pintura, Luminarias LED Industriales, Luminarias LED para Oficinas, Instalaciones de Luminarias LED, Proyectos de Iluminaci\u00f3n LED, Contratos de Mantenimiento, Mantenimiento Correctivo, Preventivo y Predictivo, Iluminaci\u00f3n, Gasfiter\u00eda, Tableros El\u00e9ctricos, Motores\/Bombas\",\"publisher\":{\"@id\":\"https:\/\/hidroter.cl\/#organization\"},\"potentialAction\":[{\"@type\":\"SearchAction\",\"target\":{\"@type\":\"EntryPoint\",\"urlTemplate\":\"https:\/\/hidroter.cl\/?s={search_term_string}\"},\"query-input\":{\"@type\":\"PropertyValueSpecification\",\"valueRequired\":true,\"valueName\":\"search_term_string\"}}],\"inLanguage\":\"es\"},{\"@type\":\"Organization\",\"@id\":\"https:\/\/hidroter.cl\/#organization\",\"name\":\"Hidroter\",\"url\":\"https:\/\/hidroter.cl\/\",\"logo\":{\"@type\":\"ImageObject\",\"inLanguage\":\"es\",\"@id\":\"https:\/\/hidroter.cl\/#\/schema\/logo\/image\/\",\"url\":\"https:\/\/hidroter.cl\/wp-content\/uploads\/2017\/07\/logo.webp\",\"contentUrl\":\"https:\/\/hidroter.cl\/wp-content\/uploads\/2017\/07\/logo.webp\",\"width\":251,\"height\":48,\"caption\":\"Hidroter\"},\"image\":{\"@id\":\"https:\/\/hidroter.cl\/#\/schema\/logo\/image\/\"},\"sameAs\":[\"https:\/\/www.facebook.com\/share\/1KKf8JpMVS\/?mibextid=LQQJ4d\",\"https:\/\/www.instagram.com\/hidroter.cl\"]}]}<\/script>\n<!-- \/ Yoast SEO plugin. -->","yoast_head_json":{"title":"Bomba para piscinas SB 30 | 3.0HP | 220V - Hidroter","robots":{"index":"noindex","follow":"follow","max-snippet":"max-snippet:-1","max-image-preview":"max-image-preview:large","max-video-preview":"max-video-preview:-1"},"og_locale":"es_ES","og_type":"article","og_title":"Bomba para piscinas SB 30 | 3.0HP | 220V - Hidroter","og_description":"3.0 HP - 220 VOLT - 12.5 AMP - 2\u201d x 2\u201d DI\u00c1M","og_url":"https:\/\/hidroter.cl\/index.php\/producto\/bomba-para-piscinas-sb-30-3-0hp-220v\/","og_site_name":"Hidroter","article_publisher":"https:\/\/www.facebook.com\/share\/1KKf8JpMVS\/?mibextid=LQQJ4d","article_modified_time":"2024-11-21T16:19:03+00:00","og_image":[{"width":500,"height":375,"url":"https:\/\/hidroter.cl\/wp-content\/uploads\/2024\/11\/bomba-de-piscina-sb-30-30hp-220v-nggkno49ibc8na6u2vohz0qpm35abdhg3nh2vx3gkm.jpg","type":"image\/jpeg"}],"twitter_card":"summary_large_image","schema":{"@context":"https:\/\/schema.org","@graph":[{"@type":"WebPage","@id":"https:\/\/hidroter.cl\/index.php\/producto\/bomba-para-piscinas-sb-30-3-0hp-220v\/","url":"https:\/\/hidroter.cl\/index.php\/producto\/bomba-para-piscinas-sb-30-3-0hp-220v\/","name":"Bomba para piscinas SB 30 | 3.0HP | 220V - Hidroter","isPartOf":{"@id":"https:\/\/hidroter.cl\/#website"},"primaryImageOfPage":{"@id":"https:\/\/hidroter.cl\/index.php\/producto\/bomba-para-piscinas-sb-30-3-0hp-220v\/#primaryimage"},"image":{"@id":"https:\/\/hidroter.cl\/index.php\/producto\/bomba-para-piscinas-sb-30-3-0hp-220v\/#primaryimage"},"thumbnailUrl":"https:\/\/hidroter.cl\/wp-content\/uploads\/2024\/11\/bomba-de-piscina-sb-30-30hp-220v-nggkno49ibc8na6u2vohz0qpm35abdhg3nh2vx3gkm.jpg","datePublished":"2024-11-21T16:18:25+00:00","dateModified":"2024-11-21T16:19:03+00:00","breadcrumb":{"@id":"https:\/\/hidroter.cl\/index.php\/producto\/bomba-para-piscinas-sb-30-3-0hp-220v\/#breadcrumb"},"inLanguage":"es","potentialAction":[{"@type":"ReadAction","target":["https:\/\/hidroter.cl\/index.php\/producto\/bomba-para-piscinas-sb-30-3-0hp-220v\/"]}]},{"@type":"ImageObject","inLanguage":"es","@id":"https:\/\/hidroter.cl\/index.php\/producto\/bomba-para-piscinas-sb-30-3-0hp-220v\/#primaryimage","url":"https:\/\/hidroter.cl\/wp-content\/uploads\/2024\/11\/bomba-de-piscina-sb-30-30hp-220v-nggkno49ibc8na6u2vohz0qpm35abdhg3nh2vx3gkm.jpg","contentUrl":"https:\/\/hidroter.cl\/wp-content\/uploads\/2024\/11\/bomba-de-piscina-sb-30-30hp-220v-nggkno49ibc8na6u2vohz0qpm35abdhg3nh2vx3gkm.jpg","width":500,"height":375},{"@type":"BreadcrumbList","@id":"https:\/\/hidroter.cl\/index.php\/producto\/bomba-para-piscinas-sb-30-3-0hp-220v\/#breadcrumb","itemListElement":[{"@type":"ListItem","position":1,"name":"Portada","item":"https:\/\/hidroter.cl\/"},{"@type":"ListItem","position":2,"name":"Tienda","item":"https:\/\/hidroter.cl\/index.php\/tienda\/"},{"@type":"ListItem","position":3,"name":"Bomba para piscinas SB 30 | 3.0HP | 220V"}]},{"@type":"WebSite","@id":"https:\/\/hidroter.cl\/#website","url":"https:\/\/hidroter.cl\/","name":"Hidroter","description":"Venta de Bombas Hidr\u00e1ulicas, Mantenciones Hidr\u00e1ulicas, Potabilizaci\u00f3n, Sala de Agua Potable, Piscinas, Planta de Tratamientos de Aguas Servidas, Proyectos Hidr\u00e1ulicos, Optimizaci\u00f3n de Procesos, Monitoreo y An\u00e1lisis de Agua, Asesor\u00eda Hidr\u00e1ulica, Instalaciones, Sellado y Pintura de Estanques, Remodelaciones, Habilitaciones, Reparaciones, Sistemas Hidr\u00e1ulicos, Techumbres, Estructuras Met\u00e1licas, Alba\u00f1iler\u00eda, Pintura, Luminarias LED Industriales, Luminarias LED para Oficinas, Instalaciones de Luminarias LED, Proyectos de Iluminaci\u00f3n LED, Contratos de Mantenimiento, Mantenimiento Correctivo, Preventivo y Predictivo, Iluminaci\u00f3n, Gasfiter\u00eda, Tableros El\u00e9ctricos, Motores\/Bombas","publisher":{"@id":"https:\/\/hidroter.cl\/#organization"},"potentialAction":[{"@type":"SearchAction","target":{"@type":"EntryPoint","urlTemplate":"https:\/\/hidroter.cl\/?s={search_term_string}"},"query-input":{"@type":"PropertyValueSpecification","valueRequired":true,"valueName":"search_term_string"}}],"inLanguage":"es"},{"@type":"Organization","@id":"https:\/\/hidroter.cl\/#organization","name":"Hidroter","url":"https:\/\/hidroter.cl\/","logo":{"@type":"ImageObject","inLanguage":"es","@id":"https:\/\/hidroter.cl\/#\/schema\/logo\/image\/","url":"https:\/\/hidroter.cl\/wp-content\/uploads\/2017\/07\/logo.webp","contentUrl":"https:\/\/hidroter.cl\/wp-content\/uploads\/2017\/07\/logo.webp","width":251,"height":48,"caption":"Hidroter"},"image":{"@id":"https:\/\/hidroter.cl\/#\/schema\/logo\/image\/"},"sameAs":["https:\/\/www.facebook.com\/share\/1KKf8JpMVS\/?mibextid=LQQJ4d","https:\/\/www.instagram.com\/hidroter.cl"]}]}},"acf":[],"_links":{"self":[{"href":"https:\/\/hidroter.cl\/index.php\/wp-json\/wp\/v2\/product\/9796","targetHints":{"allow":["GET"]}}],"collection":[{"href":"https:\/\/hidroter.cl\/index.php\/wp-json\/wp\/v2\/product"}],"about":[{"href":"https:\/\/hidroter.cl\/index.php\/wp-json\/wp\/v2\/types\/product"}],"wp:featuredmedia":[{"embeddable":true,"href":"https:\/\/hidroter.cl\/index.php\/wp-json\/wp\/v2\/media\/9835"}],"wp:attachment":[{"href":"https:\/\/hidroter.cl\/index.php\/wp-json\/wp\/v2\/media?parent=9796"}],"wp:term":[{"taxonomy":"product_cat","embeddable":true,"href":"https:\/\/hidroter.cl\/index.php\/wp-json\/wp\/v2\/product_cat?post=9796"},{"taxonomy":"product_tag","embeddable":true,"href":"https:\/\/hidroter.cl\/index.php\/wp-json\/wp\/v2\/product_tag?post=9796"}],"curies":[{"name":"wp","href":"https:\/\/api.w.org\/{rel}","templated":true}]}}