{"id":9725,"date":"2024-11-21T13:17:12","date_gmt":"2024-11-21T16:17:12","guid":{"rendered":"https:\/\/hidroter.cl\/?post_type=product&#038;p=9725"},"modified":"2024-11-21T17:18:43","modified_gmt":"2024-11-21T20:18:43","slug":"bomba-centrifuga-ea65-20-174-mm","status":"publish","type":"product","link":"https:\/\/hidroter.cl\/index.php\/producto\/bomba-centrifuga-ea65-20-174-mm\/","title":{"rendered":"Bomba Centr\u00edfuga EA65\/20 (174 mm)"},"content":{"rendered":"<p>La l\u00ednea de bombas centr\u00edfugas EIFEL serie EA, est\u00e1 compuesta por bombas de eje libre que se montan con motores el\u00e9ctricos B3 normalizados y acoplamiento flexible; todo montado sobre base de acero. Se utilizan principalmente en riego agr\u00edcola, as\u00ed como en diversas aplicaciones en las m\u00e1s variadas industrias.<\/p>\n","protected":false},"excerpt":{"rendered":"<p>4\u201d x 3\u201d DI\u00c1M.<\/p>\n","protected":false},"featured_media":9764,"template":"","meta":[],"product_cat":[133],"product_tag":[134],"class_list":{"0":"post-9725","1":"product","2":"type-product","3":"status-publish","4":"has-post-thumbnail","6":"product_cat-bomba-centrifuga","7":"product_tag-sin-motor","9":"first","10":"instock","11":"shipping-taxable","12":"purchasable","13":"product-type-simple"},"yoast_head":"<!-- This site is optimized with the Yoast SEO plugin v24.0 - https:\/\/yoast.com\/wordpress\/plugins\/seo\/ -->\n<title>Bomba Centr\u00edfuga EA65\/20 (174 mm) - Hidroter<\/title>\n<meta name=\"robots\" content=\"noindex, follow, max-snippet:-1, max-image-preview:large, max-video-preview:-1\" \/>\n<meta property=\"og:locale\" content=\"es_ES\" \/>\n<meta property=\"og:type\" content=\"article\" \/>\n<meta property=\"og:title\" content=\"Bomba Centr\u00edfuga EA65\/20 (174 mm) - Hidroter\" \/>\n<meta property=\"og:description\" content=\"4\u201d x 3\u201d DI\u00c1M.\" \/>\n<meta property=\"og:url\" content=\"https:\/\/hidroter.cl\/index.php\/producto\/bomba-centrifuga-ea65-20-174-mm\/\" \/>\n<meta property=\"og:site_name\" content=\"Hidroter\" \/>\n<meta property=\"article:publisher\" content=\"https:\/\/www.facebook.com\/share\/1KKf8JpMVS\/?mibextid=LQQJ4d\" \/>\n<meta property=\"article:modified_time\" content=\"2024-11-21T20:18:43+00:00\" \/>\n<meta property=\"og:image\" content=\"https:\/\/hidroter.cl\/wp-content\/uploads\/2024\/11\/bomba-centrifuga-ea8016-nggkrbpo34cdsovoqgk9o3j8s14o8zzv9qt22noe5o.jpg\" \/>\n\t<meta property=\"og:image:width\" content=\"500\" \/>\n\t<meta property=\"og:image:height\" content=\"606\" \/>\n\t<meta property=\"og:image:type\" content=\"image\/jpeg\" \/>\n<meta name=\"twitter:card\" content=\"summary_large_image\" \/>\n<script type=\"application\/ld+json\" class=\"yoast-schema-graph\">{\"@context\":\"https:\/\/schema.org\",\"@graph\":[{\"@type\":\"WebPage\",\"@id\":\"https:\/\/hidroter.cl\/index.php\/producto\/bomba-centrifuga-ea65-20-174-mm\/\",\"url\":\"https:\/\/hidroter.cl\/index.php\/producto\/bomba-centrifuga-ea65-20-174-mm\/\",\"name\":\"Bomba Centr\u00edfuga EA65\/20 (174 mm) - Hidroter\",\"isPartOf\":{\"@id\":\"https:\/\/hidroter.cl\/#website\"},\"primaryImageOfPage\":{\"@id\":\"https:\/\/hidroter.cl\/index.php\/producto\/bomba-centrifuga-ea65-20-174-mm\/#primaryimage\"},\"image\":{\"@id\":\"https:\/\/hidroter.cl\/index.php\/producto\/bomba-centrifuga-ea65-20-174-mm\/#primaryimage\"},\"thumbnailUrl\":\"https:\/\/hidroter.cl\/wp-content\/uploads\/2024\/11\/bomba-centrifuga-ea8016-nggkrbpo34cdsovoqgk9o3j8s14o8zzv9qt22noe5o.jpg\",\"datePublished\":\"2024-11-21T16:17:12+00:00\",\"dateModified\":\"2024-11-21T20:18:43+00:00\",\"breadcrumb\":{\"@id\":\"https:\/\/hidroter.cl\/index.php\/producto\/bomba-centrifuga-ea65-20-174-mm\/#breadcrumb\"},\"inLanguage\":\"es\",\"potentialAction\":[{\"@type\":\"ReadAction\",\"target\":[\"https:\/\/hidroter.cl\/index.php\/producto\/bomba-centrifuga-ea65-20-174-mm\/\"]}]},{\"@type\":\"ImageObject\",\"inLanguage\":\"es\",\"@id\":\"https:\/\/hidroter.cl\/index.php\/producto\/bomba-centrifuga-ea65-20-174-mm\/#primaryimage\",\"url\":\"https:\/\/hidroter.cl\/wp-content\/uploads\/2024\/11\/bomba-centrifuga-ea8016-nggkrbpo34cdsovoqgk9o3j8s14o8zzv9qt22noe5o.jpg\",\"contentUrl\":\"https:\/\/hidroter.cl\/wp-content\/uploads\/2024\/11\/bomba-centrifuga-ea8016-nggkrbpo34cdsovoqgk9o3j8s14o8zzv9qt22noe5o.jpg\",\"width\":500,\"height\":606},{\"@type\":\"BreadcrumbList\",\"@id\":\"https:\/\/hidroter.cl\/index.php\/producto\/bomba-centrifuga-ea65-20-174-mm\/#breadcrumb\",\"itemListElement\":[{\"@type\":\"ListItem\",\"position\":1,\"name\":\"Portada\",\"item\":\"https:\/\/hidroter.cl\/\"},{\"@type\":\"ListItem\",\"position\":2,\"name\":\"Tienda\",\"item\":\"https:\/\/hidroter.cl\/index.php\/tienda\/\"},{\"@type\":\"ListItem\",\"position\":3,\"name\":\"Bomba Centr\u00edfuga EA65\/20 (174 mm)\"}]},{\"@type\":\"WebSite\",\"@id\":\"https:\/\/hidroter.cl\/#website\",\"url\":\"https:\/\/hidroter.cl\/\",\"name\":\"Hidroter\",\"description\":\"Venta de Bombas Hidr\u00e1ulicas, Mantenciones Hidr\u00e1ulicas, Potabilizaci\u00f3n, Sala de Agua Potable, Piscinas, Planta de Tratamientos de Aguas Servidas, Proyectos Hidr\u00e1ulicos, Optimizaci\u00f3n de Procesos, Monitoreo y An\u00e1lisis de Agua, Asesor\u00eda Hidr\u00e1ulica, Instalaciones, Sellado y Pintura de Estanques, Remodelaciones, Habilitaciones, Reparaciones, Sistemas Hidr\u00e1ulicos, Techumbres, Estructuras Met\u00e1licas, Alba\u00f1iler\u00eda, Pintura, Luminarias LED Industriales, Luminarias LED para Oficinas, Instalaciones de Luminarias LED, Proyectos de Iluminaci\u00f3n LED, Contratos de Mantenimiento, Mantenimiento Correctivo, Preventivo y Predictivo, Iluminaci\u00f3n, Gasfiter\u00eda, Tableros El\u00e9ctricos, Motores\/Bombas\",\"publisher\":{\"@id\":\"https:\/\/hidroter.cl\/#organization\"},\"potentialAction\":[{\"@type\":\"SearchAction\",\"target\":{\"@type\":\"EntryPoint\",\"urlTemplate\":\"https:\/\/hidroter.cl\/?s={search_term_string}\"},\"query-input\":{\"@type\":\"PropertyValueSpecification\",\"valueRequired\":true,\"valueName\":\"search_term_string\"}}],\"inLanguage\":\"es\"},{\"@type\":\"Organization\",\"@id\":\"https:\/\/hidroter.cl\/#organization\",\"name\":\"Hidroter\",\"url\":\"https:\/\/hidroter.cl\/\",\"logo\":{\"@type\":\"ImageObject\",\"inLanguage\":\"es\",\"@id\":\"https:\/\/hidroter.cl\/#\/schema\/logo\/image\/\",\"url\":\"https:\/\/hidroter.cl\/wp-content\/uploads\/2017\/07\/logo.webp\",\"contentUrl\":\"https:\/\/hidroter.cl\/wp-content\/uploads\/2017\/07\/logo.webp\",\"width\":251,\"height\":48,\"caption\":\"Hidroter\"},\"image\":{\"@id\":\"https:\/\/hidroter.cl\/#\/schema\/logo\/image\/\"},\"sameAs\":[\"https:\/\/www.facebook.com\/share\/1KKf8JpMVS\/?mibextid=LQQJ4d\",\"https:\/\/www.instagram.com\/hidroter.cl\"]}]}<\/script>\n<!-- \/ Yoast SEO plugin. -->","yoast_head_json":{"title":"Bomba Centr\u00edfuga EA65\/20 (174 mm) - Hidroter","robots":{"index":"noindex","follow":"follow","max-snippet":"max-snippet:-1","max-image-preview":"max-image-preview:large","max-video-preview":"max-video-preview:-1"},"og_locale":"es_ES","og_type":"article","og_title":"Bomba Centr\u00edfuga EA65\/20 (174 mm) - Hidroter","og_description":"4\u201d x 3\u201d DI\u00c1M.","og_url":"https:\/\/hidroter.cl\/index.php\/producto\/bomba-centrifuga-ea65-20-174-mm\/","og_site_name":"Hidroter","article_publisher":"https:\/\/www.facebook.com\/share\/1KKf8JpMVS\/?mibextid=LQQJ4d","article_modified_time":"2024-11-21T20:18:43+00:00","og_image":[{"width":500,"height":606,"url":"https:\/\/hidroter.cl\/wp-content\/uploads\/2024\/11\/bomba-centrifuga-ea8016-nggkrbpo34cdsovoqgk9o3j8s14o8zzv9qt22noe5o.jpg","type":"image\/jpeg"}],"twitter_card":"summary_large_image","schema":{"@context":"https:\/\/schema.org","@graph":[{"@type":"WebPage","@id":"https:\/\/hidroter.cl\/index.php\/producto\/bomba-centrifuga-ea65-20-174-mm\/","url":"https:\/\/hidroter.cl\/index.php\/producto\/bomba-centrifuga-ea65-20-174-mm\/","name":"Bomba Centr\u00edfuga EA65\/20 (174 mm) - Hidroter","isPartOf":{"@id":"https:\/\/hidroter.cl\/#website"},"primaryImageOfPage":{"@id":"https:\/\/hidroter.cl\/index.php\/producto\/bomba-centrifuga-ea65-20-174-mm\/#primaryimage"},"image":{"@id":"https:\/\/hidroter.cl\/index.php\/producto\/bomba-centrifuga-ea65-20-174-mm\/#primaryimage"},"thumbnailUrl":"https:\/\/hidroter.cl\/wp-content\/uploads\/2024\/11\/bomba-centrifuga-ea8016-nggkrbpo34cdsovoqgk9o3j8s14o8zzv9qt22noe5o.jpg","datePublished":"2024-11-21T16:17:12+00:00","dateModified":"2024-11-21T20:18:43+00:00","breadcrumb":{"@id":"https:\/\/hidroter.cl\/index.php\/producto\/bomba-centrifuga-ea65-20-174-mm\/#breadcrumb"},"inLanguage":"es","potentialAction":[{"@type":"ReadAction","target":["https:\/\/hidroter.cl\/index.php\/producto\/bomba-centrifuga-ea65-20-174-mm\/"]}]},{"@type":"ImageObject","inLanguage":"es","@id":"https:\/\/hidroter.cl\/index.php\/producto\/bomba-centrifuga-ea65-20-174-mm\/#primaryimage","url":"https:\/\/hidroter.cl\/wp-content\/uploads\/2024\/11\/bomba-centrifuga-ea8016-nggkrbpo34cdsovoqgk9o3j8s14o8zzv9qt22noe5o.jpg","contentUrl":"https:\/\/hidroter.cl\/wp-content\/uploads\/2024\/11\/bomba-centrifuga-ea8016-nggkrbpo34cdsovoqgk9o3j8s14o8zzv9qt22noe5o.jpg","width":500,"height":606},{"@type":"BreadcrumbList","@id":"https:\/\/hidroter.cl\/index.php\/producto\/bomba-centrifuga-ea65-20-174-mm\/#breadcrumb","itemListElement":[{"@type":"ListItem","position":1,"name":"Portada","item":"https:\/\/hidroter.cl\/"},{"@type":"ListItem","position":2,"name":"Tienda","item":"https:\/\/hidroter.cl\/index.php\/tienda\/"},{"@type":"ListItem","position":3,"name":"Bomba Centr\u00edfuga EA65\/20 (174 mm)"}]},{"@type":"WebSite","@id":"https:\/\/hidroter.cl\/#website","url":"https:\/\/hidroter.cl\/","name":"Hidroter","description":"Venta de Bombas Hidr\u00e1ulicas, Mantenciones Hidr\u00e1ulicas, Potabilizaci\u00f3n, Sala de Agua Potable, Piscinas, Planta de Tratamientos de Aguas Servidas, Proyectos Hidr\u00e1ulicos, Optimizaci\u00f3n de Procesos, Monitoreo y An\u00e1lisis de Agua, Asesor\u00eda Hidr\u00e1ulica, Instalaciones, Sellado y Pintura de Estanques, Remodelaciones, Habilitaciones, Reparaciones, Sistemas Hidr\u00e1ulicos, Techumbres, Estructuras Met\u00e1licas, Alba\u00f1iler\u00eda, Pintura, Luminarias LED Industriales, Luminarias LED para Oficinas, Instalaciones de Luminarias LED, Proyectos de Iluminaci\u00f3n LED, Contratos de Mantenimiento, Mantenimiento Correctivo, Preventivo y Predictivo, Iluminaci\u00f3n, Gasfiter\u00eda, Tableros El\u00e9ctricos, Motores\/Bombas","publisher":{"@id":"https:\/\/hidroter.cl\/#organization"},"potentialAction":[{"@type":"SearchAction","target":{"@type":"EntryPoint","urlTemplate":"https:\/\/hidroter.cl\/?s={search_term_string}"},"query-input":{"@type":"PropertyValueSpecification","valueRequired":true,"valueName":"search_term_string"}}],"inLanguage":"es"},{"@type":"Organization","@id":"https:\/\/hidroter.cl\/#organization","name":"Hidroter","url":"https:\/\/hidroter.cl\/","logo":{"@type":"ImageObject","inLanguage":"es","@id":"https:\/\/hidroter.cl\/#\/schema\/logo\/image\/","url":"https:\/\/hidroter.cl\/wp-content\/uploads\/2017\/07\/logo.webp","contentUrl":"https:\/\/hidroter.cl\/wp-content\/uploads\/2017\/07\/logo.webp","width":251,"height":48,"caption":"Hidroter"},"image":{"@id":"https:\/\/hidroter.cl\/#\/schema\/logo\/image\/"},"sameAs":["https:\/\/www.facebook.com\/share\/1KKf8JpMVS\/?mibextid=LQQJ4d","https:\/\/www.instagram.com\/hidroter.cl"]}]}},"acf":[],"_links":{"self":[{"href":"https:\/\/hidroter.cl\/index.php\/wp-json\/wp\/v2\/product\/9725","targetHints":{"allow":["GET"]}}],"collection":[{"href":"https:\/\/hidroter.cl\/index.php\/wp-json\/wp\/v2\/product"}],"about":[{"href":"https:\/\/hidroter.cl\/index.php\/wp-json\/wp\/v2\/types\/product"}],"wp:featuredmedia":[{"embeddable":true,"href":"https:\/\/hidroter.cl\/index.php\/wp-json\/wp\/v2\/media\/9764"}],"wp:attachment":[{"href":"https:\/\/hidroter.cl\/index.php\/wp-json\/wp\/v2\/media?parent=9725"}],"wp:term":[{"taxonomy":"product_cat","embeddable":true,"href":"https:\/\/hidroter.cl\/index.php\/wp-json\/wp\/v2\/product_cat?post=9725"},{"taxonomy":"product_tag","embeddable":true,"href":"https:\/\/hidroter.cl\/index.php\/wp-json\/wp\/v2\/product_tag?post=9725"}],"curies":[{"name":"wp","href":"https:\/\/api.w.org\/{rel}","templated":true}]}}