{"id":9710,"date":"2024-11-21T13:16:48","date_gmt":"2024-11-21T16:16:48","guid":{"rendered":"https:\/\/hidroter.cl\/?post_type=product&#038;p=9710"},"modified":"2024-11-21T17:19:52","modified_gmt":"2024-11-21T20:19:52","slug":"llave-compuerta-paso-total-4","status":"publish","type":"product","link":"https:\/\/hidroter.cl\/index.php\/producto\/llave-compuerta-paso-total-4\/","title":{"rendered":"Llave compuerta paso total 4\u201d"},"content":{"rendered":"<p>Llave de compuerta con una presi\u00f3n m\u00e1xima de 16 bar.<\/p>\n","protected":false},"excerpt":{"rendered":"<p>Llave de compuerta con una presi\u00f3n m\u00e1xima de 16 bar.<\/p>\n","protected":false},"featured_media":9742,"template":"","meta":[],"product_cat":[118],"product_tag":[131],"class_list":{"0":"post-9710","1":"product","2":"type-product","3":"status-publish","4":"has-post-thumbnail","6":"product_cat-accesorios","7":"product_tag-llave-compuerta","9":"first","10":"instock","11":"shipping-taxable","12":"purchasable","13":"product-type-simple"},"yoast_head":"<!-- This site is optimized with the Yoast SEO plugin v24.0 - https:\/\/yoast.com\/wordpress\/plugins\/seo\/ -->\n<title>Llave compuerta paso total 4\u201d - Hidroter<\/title>\n<meta name=\"robots\" content=\"noindex, follow, max-snippet:-1, max-image-preview:large, max-video-preview:-1\" \/>\n<meta property=\"og:locale\" content=\"es_ES\" \/>\n<meta property=\"og:type\" content=\"article\" \/>\n<meta property=\"og:title\" content=\"Llave compuerta paso total 4\u201d - Hidroter\" \/>\n<meta property=\"og:description\" content=\"Llave de compuerta con una presi\u00f3n m\u00e1xima de 16 bar.\" \/>\n<meta property=\"og:url\" content=\"https:\/\/hidroter.cl\/index.php\/producto\/llave-compuerta-paso-total-4\/\" \/>\n<meta property=\"og:site_name\" content=\"Hidroter\" \/>\n<meta property=\"article:publisher\" content=\"https:\/\/www.facebook.com\/share\/1KKf8JpMVS\/?mibextid=LQQJ4d\" \/>\n<meta property=\"article:modified_time\" content=\"2024-11-21T20:19:52+00:00\" \/>\n<meta property=\"og:image\" content=\"https:\/\/hidroter.cl\/wp-content\/uploads\/2024\/11\/llave-de-compuerta-4-nggk0wgzys67fb9f11dtkrkrm3d7vb3iayloemutg6.jpg\" \/>\n\t<meta property=\"og:image:width\" content=\"500\" \/>\n\t<meta property=\"og:image:height\" content=\"655\" \/>\n\t<meta property=\"og:image:type\" content=\"image\/jpeg\" \/>\n<meta name=\"twitter:card\" content=\"summary_large_image\" \/>\n<script type=\"application\/ld+json\" class=\"yoast-schema-graph\">{\"@context\":\"https:\/\/schema.org\",\"@graph\":[{\"@type\":\"WebPage\",\"@id\":\"https:\/\/hidroter.cl\/index.php\/producto\/llave-compuerta-paso-total-4\/\",\"url\":\"https:\/\/hidroter.cl\/index.php\/producto\/llave-compuerta-paso-total-4\/\",\"name\":\"Llave compuerta paso total 4\u201d - Hidroter\",\"isPartOf\":{\"@id\":\"https:\/\/hidroter.cl\/#website\"},\"primaryImageOfPage\":{\"@id\":\"https:\/\/hidroter.cl\/index.php\/producto\/llave-compuerta-paso-total-4\/#primaryimage\"},\"image\":{\"@id\":\"https:\/\/hidroter.cl\/index.php\/producto\/llave-compuerta-paso-total-4\/#primaryimage\"},\"thumbnailUrl\":\"https:\/\/hidroter.cl\/wp-content\/uploads\/2024\/11\/llave-de-compuerta-4-nggk0wgzys67fb9f11dtkrkrm3d7vb3iayloemutg6.jpg\",\"datePublished\":\"2024-11-21T16:16:48+00:00\",\"dateModified\":\"2024-11-21T20:19:52+00:00\",\"breadcrumb\":{\"@id\":\"https:\/\/hidroter.cl\/index.php\/producto\/llave-compuerta-paso-total-4\/#breadcrumb\"},\"inLanguage\":\"es\",\"potentialAction\":[{\"@type\":\"ReadAction\",\"target\":[\"https:\/\/hidroter.cl\/index.php\/producto\/llave-compuerta-paso-total-4\/\"]}]},{\"@type\":\"ImageObject\",\"inLanguage\":\"es\",\"@id\":\"https:\/\/hidroter.cl\/index.php\/producto\/llave-compuerta-paso-total-4\/#primaryimage\",\"url\":\"https:\/\/hidroter.cl\/wp-content\/uploads\/2024\/11\/llave-de-compuerta-4-nggk0wgzys67fb9f11dtkrkrm3d7vb3iayloemutg6.jpg\",\"contentUrl\":\"https:\/\/hidroter.cl\/wp-content\/uploads\/2024\/11\/llave-de-compuerta-4-nggk0wgzys67fb9f11dtkrkrm3d7vb3iayloemutg6.jpg\",\"width\":500,\"height\":655},{\"@type\":\"BreadcrumbList\",\"@id\":\"https:\/\/hidroter.cl\/index.php\/producto\/llave-compuerta-paso-total-4\/#breadcrumb\",\"itemListElement\":[{\"@type\":\"ListItem\",\"position\":1,\"name\":\"Portada\",\"item\":\"https:\/\/hidroter.cl\/\"},{\"@type\":\"ListItem\",\"position\":2,\"name\":\"Tienda\",\"item\":\"https:\/\/hidroter.cl\/index.php\/tienda\/\"},{\"@type\":\"ListItem\",\"position\":3,\"name\":\"Llave compuerta paso total 4\u201d\"}]},{\"@type\":\"WebSite\",\"@id\":\"https:\/\/hidroter.cl\/#website\",\"url\":\"https:\/\/hidroter.cl\/\",\"name\":\"Hidroter\",\"description\":\"Venta de Bombas Hidr\u00e1ulicas, Mantenciones Hidr\u00e1ulicas, Potabilizaci\u00f3n, Sala de Agua Potable, Piscinas, Planta de Tratamientos de Aguas Servidas, Proyectos Hidr\u00e1ulicos, Optimizaci\u00f3n de Procesos, Monitoreo y An\u00e1lisis de Agua, Asesor\u00eda Hidr\u00e1ulica, Instalaciones, Sellado y Pintura de Estanques, Remodelaciones, Habilitaciones, Reparaciones, Sistemas Hidr\u00e1ulicos, Techumbres, Estructuras Met\u00e1licas, Alba\u00f1iler\u00eda, Pintura, Luminarias LED Industriales, Luminarias LED para Oficinas, Instalaciones de Luminarias LED, Proyectos de Iluminaci\u00f3n LED, Contratos de Mantenimiento, Mantenimiento Correctivo, Preventivo y Predictivo, Iluminaci\u00f3n, Gasfiter\u00eda, Tableros El\u00e9ctricos, Motores\/Bombas\",\"publisher\":{\"@id\":\"https:\/\/hidroter.cl\/#organization\"},\"potentialAction\":[{\"@type\":\"SearchAction\",\"target\":{\"@type\":\"EntryPoint\",\"urlTemplate\":\"https:\/\/hidroter.cl\/?s={search_term_string}\"},\"query-input\":{\"@type\":\"PropertyValueSpecification\",\"valueRequired\":true,\"valueName\":\"search_term_string\"}}],\"inLanguage\":\"es\"},{\"@type\":\"Organization\",\"@id\":\"https:\/\/hidroter.cl\/#organization\",\"name\":\"Hidroter\",\"url\":\"https:\/\/hidroter.cl\/\",\"logo\":{\"@type\":\"ImageObject\",\"inLanguage\":\"es\",\"@id\":\"https:\/\/hidroter.cl\/#\/schema\/logo\/image\/\",\"url\":\"https:\/\/hidroter.cl\/wp-content\/uploads\/2017\/07\/logo.webp\",\"contentUrl\":\"https:\/\/hidroter.cl\/wp-content\/uploads\/2017\/07\/logo.webp\",\"width\":251,\"height\":48,\"caption\":\"Hidroter\"},\"image\":{\"@id\":\"https:\/\/hidroter.cl\/#\/schema\/logo\/image\/\"},\"sameAs\":[\"https:\/\/www.facebook.com\/share\/1KKf8JpMVS\/?mibextid=LQQJ4d\",\"https:\/\/www.instagram.com\/hidroter.cl\"]}]}<\/script>\n<!-- \/ Yoast SEO plugin. -->","yoast_head_json":{"title":"Llave compuerta paso total 4\u201d - Hidroter","robots":{"index":"noindex","follow":"follow","max-snippet":"max-snippet:-1","max-image-preview":"max-image-preview:large","max-video-preview":"max-video-preview:-1"},"og_locale":"es_ES","og_type":"article","og_title":"Llave compuerta paso total 4\u201d - Hidroter","og_description":"Llave de compuerta con una presi\u00f3n m\u00e1xima de 16 bar.","og_url":"https:\/\/hidroter.cl\/index.php\/producto\/llave-compuerta-paso-total-4\/","og_site_name":"Hidroter","article_publisher":"https:\/\/www.facebook.com\/share\/1KKf8JpMVS\/?mibextid=LQQJ4d","article_modified_time":"2024-11-21T20:19:52+00:00","og_image":[{"width":500,"height":655,"url":"https:\/\/hidroter.cl\/wp-content\/uploads\/2024\/11\/llave-de-compuerta-4-nggk0wgzys67fb9f11dtkrkrm3d7vb3iayloemutg6.jpg","type":"image\/jpeg"}],"twitter_card":"summary_large_image","schema":{"@context":"https:\/\/schema.org","@graph":[{"@type":"WebPage","@id":"https:\/\/hidroter.cl\/index.php\/producto\/llave-compuerta-paso-total-4\/","url":"https:\/\/hidroter.cl\/index.php\/producto\/llave-compuerta-paso-total-4\/","name":"Llave compuerta paso total 4\u201d - Hidroter","isPartOf":{"@id":"https:\/\/hidroter.cl\/#website"},"primaryImageOfPage":{"@id":"https:\/\/hidroter.cl\/index.php\/producto\/llave-compuerta-paso-total-4\/#primaryimage"},"image":{"@id":"https:\/\/hidroter.cl\/index.php\/producto\/llave-compuerta-paso-total-4\/#primaryimage"},"thumbnailUrl":"https:\/\/hidroter.cl\/wp-content\/uploads\/2024\/11\/llave-de-compuerta-4-nggk0wgzys67fb9f11dtkrkrm3d7vb3iayloemutg6.jpg","datePublished":"2024-11-21T16:16:48+00:00","dateModified":"2024-11-21T20:19:52+00:00","breadcrumb":{"@id":"https:\/\/hidroter.cl\/index.php\/producto\/llave-compuerta-paso-total-4\/#breadcrumb"},"inLanguage":"es","potentialAction":[{"@type":"ReadAction","target":["https:\/\/hidroter.cl\/index.php\/producto\/llave-compuerta-paso-total-4\/"]}]},{"@type":"ImageObject","inLanguage":"es","@id":"https:\/\/hidroter.cl\/index.php\/producto\/llave-compuerta-paso-total-4\/#primaryimage","url":"https:\/\/hidroter.cl\/wp-content\/uploads\/2024\/11\/llave-de-compuerta-4-nggk0wgzys67fb9f11dtkrkrm3d7vb3iayloemutg6.jpg","contentUrl":"https:\/\/hidroter.cl\/wp-content\/uploads\/2024\/11\/llave-de-compuerta-4-nggk0wgzys67fb9f11dtkrkrm3d7vb3iayloemutg6.jpg","width":500,"height":655},{"@type":"BreadcrumbList","@id":"https:\/\/hidroter.cl\/index.php\/producto\/llave-compuerta-paso-total-4\/#breadcrumb","itemListElement":[{"@type":"ListItem","position":1,"name":"Portada","item":"https:\/\/hidroter.cl\/"},{"@type":"ListItem","position":2,"name":"Tienda","item":"https:\/\/hidroter.cl\/index.php\/tienda\/"},{"@type":"ListItem","position":3,"name":"Llave compuerta paso total 4\u201d"}]},{"@type":"WebSite","@id":"https:\/\/hidroter.cl\/#website","url":"https:\/\/hidroter.cl\/","name":"Hidroter","description":"Venta de Bombas Hidr\u00e1ulicas, Mantenciones Hidr\u00e1ulicas, Potabilizaci\u00f3n, Sala de Agua Potable, Piscinas, Planta de Tratamientos de Aguas Servidas, Proyectos Hidr\u00e1ulicos, Optimizaci\u00f3n de Procesos, Monitoreo y An\u00e1lisis de Agua, Asesor\u00eda Hidr\u00e1ulica, Instalaciones, Sellado y Pintura de Estanques, Remodelaciones, Habilitaciones, Reparaciones, Sistemas Hidr\u00e1ulicos, Techumbres, Estructuras Met\u00e1licas, Alba\u00f1iler\u00eda, Pintura, Luminarias LED Industriales, Luminarias LED para Oficinas, Instalaciones de Luminarias LED, Proyectos de Iluminaci\u00f3n LED, Contratos de Mantenimiento, Mantenimiento Correctivo, Preventivo y Predictivo, Iluminaci\u00f3n, Gasfiter\u00eda, Tableros El\u00e9ctricos, Motores\/Bombas","publisher":{"@id":"https:\/\/hidroter.cl\/#organization"},"potentialAction":[{"@type":"SearchAction","target":{"@type":"EntryPoint","urlTemplate":"https:\/\/hidroter.cl\/?s={search_term_string}"},"query-input":{"@type":"PropertyValueSpecification","valueRequired":true,"valueName":"search_term_string"}}],"inLanguage":"es"},{"@type":"Organization","@id":"https:\/\/hidroter.cl\/#organization","name":"Hidroter","url":"https:\/\/hidroter.cl\/","logo":{"@type":"ImageObject","inLanguage":"es","@id":"https:\/\/hidroter.cl\/#\/schema\/logo\/image\/","url":"https:\/\/hidroter.cl\/wp-content\/uploads\/2017\/07\/logo.webp","contentUrl":"https:\/\/hidroter.cl\/wp-content\/uploads\/2017\/07\/logo.webp","width":251,"height":48,"caption":"Hidroter"},"image":{"@id":"https:\/\/hidroter.cl\/#\/schema\/logo\/image\/"},"sameAs":["https:\/\/www.facebook.com\/share\/1KKf8JpMVS\/?mibextid=LQQJ4d","https:\/\/www.instagram.com\/hidroter.cl"]}]}},"acf":[],"_links":{"self":[{"href":"https:\/\/hidroter.cl\/index.php\/wp-json\/wp\/v2\/product\/9710","targetHints":{"allow":["GET"]}}],"collection":[{"href":"https:\/\/hidroter.cl\/index.php\/wp-json\/wp\/v2\/product"}],"about":[{"href":"https:\/\/hidroter.cl\/index.php\/wp-json\/wp\/v2\/types\/product"}],"wp:featuredmedia":[{"embeddable":true,"href":"https:\/\/hidroter.cl\/index.php\/wp-json\/wp\/v2\/media\/9742"}],"wp:attachment":[{"href":"https:\/\/hidroter.cl\/index.php\/wp-json\/wp\/v2\/media?parent=9710"}],"wp:term":[{"taxonomy":"product_cat","embeddable":true,"href":"https:\/\/hidroter.cl\/index.php\/wp-json\/wp\/v2\/product_cat?post=9710"},{"taxonomy":"product_tag","embeddable":true,"href":"https:\/\/hidroter.cl\/index.php\/wp-json\/wp\/v2\/product_tag?post=9710"}],"curies":[{"name":"wp","href":"https:\/\/api.w.org\/{rel}","templated":true}]}}