{"id":9600,"date":"2024-11-21T13:14:49","date_gmt":"2024-11-21T16:14:49","guid":{"rendered":"https:\/\/hidroter.cl\/?post_type=product&#038;p=9600"},"modified":"2024-11-21T17:29:34","modified_gmt":"2024-11-21T20:29:34","slug":"contador-volumetrico-lxsc-8-c-pulsos","status":"publish","type":"product","link":"https:\/\/hidroter.cl\/index.php\/producto\/contador-volumetrico-lxsc-8-c-pulsos\/","title":{"rendered":"Contador volum\u00e9trico LXSC 8\u201d c\/pulsos"},"content":{"rendered":"<p>El contador volum\u00e9trico LXSC est\u00e1 equipado con un sensor que emite pulsos, \u00fatil para transmisi\u00f3n de lectura remota. Posee una perdida de carga despreciable, gran precisi\u00f3n y larga vida de servicio.<\/p>\n<p>&#8211; Temperatura m\u00e1xima del agua 40\u00baC<\/p>\n<p>&#8211; Presi\u00f3n m\u00e1xima de l\u00edquido de 10 bar.<\/p>\n<p>&#8211; Certificados conforme a la norma ISO 4064.<\/p>\n","protected":false},"excerpt":{"rendered":"<p>El contador volum\u00e9trico LXSC est\u00e1 equipado con un sensor que emite pulsos, \u00fatil para transmisi\u00f3n de lectura remota. Posee una perdida de carga despreciable, gran precisi\u00f3n y larga vida de servicio. &#8211; Temperatura m\u00e1xima del agua 40\u00baC &#8211; Presi\u00f3n m\u00e1xima de l\u00edquido de 10 bar. &#8211; Certificados conforme a la norma ISO 4064.<\/p>\n","protected":false},"featured_media":9650,"template":"","meta":[],"product_cat":[118],"product_tag":[126],"class_list":{"0":"post-9600","1":"product","2":"type-product","3":"status-publish","4":"has-post-thumbnail","6":"product_cat-accesorios","7":"product_tag-contador-volumetrico","9":"first","10":"instock","11":"shipping-taxable","12":"purchasable","13":"product-type-simple"},"yoast_head":"<!-- This site is optimized with the Yoast SEO plugin v24.0 - https:\/\/yoast.com\/wordpress\/plugins\/seo\/ -->\n<title>Contador volum\u00e9trico LXSC 8\u201d c\/pulsos - Hidroter<\/title>\n<meta name=\"robots\" content=\"noindex, follow, max-snippet:-1, max-image-preview:large, max-video-preview:-1\" \/>\n<meta property=\"og:locale\" content=\"es_ES\" \/>\n<meta property=\"og:type\" content=\"article\" \/>\n<meta property=\"og:title\" content=\"Contador volum\u00e9trico LXSC 8\u201d c\/pulsos - Hidroter\" \/>\n<meta property=\"og:description\" content=\"El contador volum\u00e9trico LXSC est\u00e1 equipado con un sensor que emite pulsos, \u00fatil para transmisi\u00f3n de lectura remota. Posee una perdida de carga despreciable, gran precisi\u00f3n y larga vida de servicio. &#8211; Temperatura m\u00e1xima del agua 40\u00baC &#8211; Presi\u00f3n m\u00e1xima de l\u00edquido de 10 bar. &#8211; Certificados conforme a la norma ISO 4064.\" \/>\n<meta property=\"og:url\" content=\"https:\/\/hidroter.cl\/index.php\/producto\/contador-volumetrico-lxsc-8-c-pulsos\/\" \/>\n<meta property=\"og:site_name\" content=\"Hidroter\" \/>\n<meta property=\"article:publisher\" content=\"https:\/\/www.facebook.com\/share\/1KKf8JpMVS\/?mibextid=LQQJ4d\" \/>\n<meta property=\"article:modified_time\" content=\"2024-11-21T20:29:34+00:00\" \/>\n<meta property=\"og:image\" content=\"https:\/\/hidroter.cl\/wp-content\/uploads\/2024\/11\/contador-volum-lxsc-8-nggkharn6qm9yffza4jj2mm8o2jq586xw4alsejk4k.jpg\" \/>\n\t<meta property=\"og:image:width\" content=\"500\" \/>\n\t<meta property=\"og:image:height\" content=\"554\" \/>\n\t<meta property=\"og:image:type\" content=\"image\/jpeg\" \/>\n<meta name=\"twitter:card\" content=\"summary_large_image\" \/>\n<script type=\"application\/ld+json\" class=\"yoast-schema-graph\">{\"@context\":\"https:\/\/schema.org\",\"@graph\":[{\"@type\":\"WebPage\",\"@id\":\"https:\/\/hidroter.cl\/index.php\/producto\/contador-volumetrico-lxsc-8-c-pulsos\/\",\"url\":\"https:\/\/hidroter.cl\/index.php\/producto\/contador-volumetrico-lxsc-8-c-pulsos\/\",\"name\":\"Contador volum\u00e9trico LXSC 8\u201d c\/pulsos - Hidroter\",\"isPartOf\":{\"@id\":\"https:\/\/hidroter.cl\/#website\"},\"primaryImageOfPage\":{\"@id\":\"https:\/\/hidroter.cl\/index.php\/producto\/contador-volumetrico-lxsc-8-c-pulsos\/#primaryimage\"},\"image\":{\"@id\":\"https:\/\/hidroter.cl\/index.php\/producto\/contador-volumetrico-lxsc-8-c-pulsos\/#primaryimage\"},\"thumbnailUrl\":\"https:\/\/hidroter.cl\/wp-content\/uploads\/2024\/11\/contador-volum-lxsc-8-nggkharn6qm9yffza4jj2mm8o2jq586xw4alsejk4k.jpg\",\"datePublished\":\"2024-11-21T16:14:49+00:00\",\"dateModified\":\"2024-11-21T20:29:34+00:00\",\"breadcrumb\":{\"@id\":\"https:\/\/hidroter.cl\/index.php\/producto\/contador-volumetrico-lxsc-8-c-pulsos\/#breadcrumb\"},\"inLanguage\":\"es\",\"potentialAction\":[{\"@type\":\"ReadAction\",\"target\":[\"https:\/\/hidroter.cl\/index.php\/producto\/contador-volumetrico-lxsc-8-c-pulsos\/\"]}]},{\"@type\":\"ImageObject\",\"inLanguage\":\"es\",\"@id\":\"https:\/\/hidroter.cl\/index.php\/producto\/contador-volumetrico-lxsc-8-c-pulsos\/#primaryimage\",\"url\":\"https:\/\/hidroter.cl\/wp-content\/uploads\/2024\/11\/contador-volum-lxsc-8-nggkharn6qm9yffza4jj2mm8o2jq586xw4alsejk4k.jpg\",\"contentUrl\":\"https:\/\/hidroter.cl\/wp-content\/uploads\/2024\/11\/contador-volum-lxsc-8-nggkharn6qm9yffza4jj2mm8o2jq586xw4alsejk4k.jpg\",\"width\":500,\"height\":554},{\"@type\":\"BreadcrumbList\",\"@id\":\"https:\/\/hidroter.cl\/index.php\/producto\/contador-volumetrico-lxsc-8-c-pulsos\/#breadcrumb\",\"itemListElement\":[{\"@type\":\"ListItem\",\"position\":1,\"name\":\"Portada\",\"item\":\"https:\/\/hidroter.cl\/\"},{\"@type\":\"ListItem\",\"position\":2,\"name\":\"Tienda\",\"item\":\"https:\/\/hidroter.cl\/index.php\/tienda\/\"},{\"@type\":\"ListItem\",\"position\":3,\"name\":\"Contador volum\u00e9trico LXSC 8\u201d c\/pulsos\"}]},{\"@type\":\"WebSite\",\"@id\":\"https:\/\/hidroter.cl\/#website\",\"url\":\"https:\/\/hidroter.cl\/\",\"name\":\"Hidroter\",\"description\":\"Venta de Bombas Hidr\u00e1ulicas, Mantenciones Hidr\u00e1ulicas, Potabilizaci\u00f3n, Sala de Agua Potable, Piscinas, Planta de Tratamientos de Aguas Servidas, Proyectos Hidr\u00e1ulicos, Optimizaci\u00f3n de Procesos, Monitoreo y An\u00e1lisis de Agua, Asesor\u00eda Hidr\u00e1ulica, Instalaciones, Sellado y Pintura de Estanques, Remodelaciones, Habilitaciones, Reparaciones, Sistemas Hidr\u00e1ulicos, Techumbres, Estructuras Met\u00e1licas, Alba\u00f1iler\u00eda, Pintura, Luminarias LED Industriales, Luminarias LED para Oficinas, Instalaciones de Luminarias LED, Proyectos de Iluminaci\u00f3n LED, Contratos de Mantenimiento, Mantenimiento Correctivo, Preventivo y Predictivo, Iluminaci\u00f3n, Gasfiter\u00eda, Tableros El\u00e9ctricos, Motores\/Bombas\",\"publisher\":{\"@id\":\"https:\/\/hidroter.cl\/#organization\"},\"potentialAction\":[{\"@type\":\"SearchAction\",\"target\":{\"@type\":\"EntryPoint\",\"urlTemplate\":\"https:\/\/hidroter.cl\/?s={search_term_string}\"},\"query-input\":{\"@type\":\"PropertyValueSpecification\",\"valueRequired\":true,\"valueName\":\"search_term_string\"}}],\"inLanguage\":\"es\"},{\"@type\":\"Organization\",\"@id\":\"https:\/\/hidroter.cl\/#organization\",\"name\":\"Hidroter\",\"url\":\"https:\/\/hidroter.cl\/\",\"logo\":{\"@type\":\"ImageObject\",\"inLanguage\":\"es\",\"@id\":\"https:\/\/hidroter.cl\/#\/schema\/logo\/image\/\",\"url\":\"https:\/\/hidroter.cl\/wp-content\/uploads\/2017\/07\/logo.webp\",\"contentUrl\":\"https:\/\/hidroter.cl\/wp-content\/uploads\/2017\/07\/logo.webp\",\"width\":251,\"height\":48,\"caption\":\"Hidroter\"},\"image\":{\"@id\":\"https:\/\/hidroter.cl\/#\/schema\/logo\/image\/\"},\"sameAs\":[\"https:\/\/www.facebook.com\/share\/1KKf8JpMVS\/?mibextid=LQQJ4d\",\"https:\/\/www.instagram.com\/hidroter.cl\"]}]}<\/script>\n<!-- \/ Yoast SEO plugin. -->","yoast_head_json":{"title":"Contador volum\u00e9trico LXSC 8\u201d c\/pulsos - Hidroter","robots":{"index":"noindex","follow":"follow","max-snippet":"max-snippet:-1","max-image-preview":"max-image-preview:large","max-video-preview":"max-video-preview:-1"},"og_locale":"es_ES","og_type":"article","og_title":"Contador volum\u00e9trico LXSC 8\u201d c\/pulsos - Hidroter","og_description":"El contador volum\u00e9trico LXSC est\u00e1 equipado con un sensor que emite pulsos, \u00fatil para transmisi\u00f3n de lectura remota. Posee una perdida de carga despreciable, gran precisi\u00f3n y larga vida de servicio. &#8211; Temperatura m\u00e1xima del agua 40\u00baC &#8211; Presi\u00f3n m\u00e1xima de l\u00edquido de 10 bar. &#8211; Certificados conforme a la norma ISO 4064.","og_url":"https:\/\/hidroter.cl\/index.php\/producto\/contador-volumetrico-lxsc-8-c-pulsos\/","og_site_name":"Hidroter","article_publisher":"https:\/\/www.facebook.com\/share\/1KKf8JpMVS\/?mibextid=LQQJ4d","article_modified_time":"2024-11-21T20:29:34+00:00","og_image":[{"width":500,"height":554,"url":"https:\/\/hidroter.cl\/wp-content\/uploads\/2024\/11\/contador-volum-lxsc-8-nggkharn6qm9yffza4jj2mm8o2jq586xw4alsejk4k.jpg","type":"image\/jpeg"}],"twitter_card":"summary_large_image","schema":{"@context":"https:\/\/schema.org","@graph":[{"@type":"WebPage","@id":"https:\/\/hidroter.cl\/index.php\/producto\/contador-volumetrico-lxsc-8-c-pulsos\/","url":"https:\/\/hidroter.cl\/index.php\/producto\/contador-volumetrico-lxsc-8-c-pulsos\/","name":"Contador volum\u00e9trico LXSC 8\u201d c\/pulsos - Hidroter","isPartOf":{"@id":"https:\/\/hidroter.cl\/#website"},"primaryImageOfPage":{"@id":"https:\/\/hidroter.cl\/index.php\/producto\/contador-volumetrico-lxsc-8-c-pulsos\/#primaryimage"},"image":{"@id":"https:\/\/hidroter.cl\/index.php\/producto\/contador-volumetrico-lxsc-8-c-pulsos\/#primaryimage"},"thumbnailUrl":"https:\/\/hidroter.cl\/wp-content\/uploads\/2024\/11\/contador-volum-lxsc-8-nggkharn6qm9yffza4jj2mm8o2jq586xw4alsejk4k.jpg","datePublished":"2024-11-21T16:14:49+00:00","dateModified":"2024-11-21T20:29:34+00:00","breadcrumb":{"@id":"https:\/\/hidroter.cl\/index.php\/producto\/contador-volumetrico-lxsc-8-c-pulsos\/#breadcrumb"},"inLanguage":"es","potentialAction":[{"@type":"ReadAction","target":["https:\/\/hidroter.cl\/index.php\/producto\/contador-volumetrico-lxsc-8-c-pulsos\/"]}]},{"@type":"ImageObject","inLanguage":"es","@id":"https:\/\/hidroter.cl\/index.php\/producto\/contador-volumetrico-lxsc-8-c-pulsos\/#primaryimage","url":"https:\/\/hidroter.cl\/wp-content\/uploads\/2024\/11\/contador-volum-lxsc-8-nggkharn6qm9yffza4jj2mm8o2jq586xw4alsejk4k.jpg","contentUrl":"https:\/\/hidroter.cl\/wp-content\/uploads\/2024\/11\/contador-volum-lxsc-8-nggkharn6qm9yffza4jj2mm8o2jq586xw4alsejk4k.jpg","width":500,"height":554},{"@type":"BreadcrumbList","@id":"https:\/\/hidroter.cl\/index.php\/producto\/contador-volumetrico-lxsc-8-c-pulsos\/#breadcrumb","itemListElement":[{"@type":"ListItem","position":1,"name":"Portada","item":"https:\/\/hidroter.cl\/"},{"@type":"ListItem","position":2,"name":"Tienda","item":"https:\/\/hidroter.cl\/index.php\/tienda\/"},{"@type":"ListItem","position":3,"name":"Contador volum\u00e9trico LXSC 8\u201d c\/pulsos"}]},{"@type":"WebSite","@id":"https:\/\/hidroter.cl\/#website","url":"https:\/\/hidroter.cl\/","name":"Hidroter","description":"Venta de Bombas Hidr\u00e1ulicas, Mantenciones Hidr\u00e1ulicas, Potabilizaci\u00f3n, Sala de Agua Potable, Piscinas, Planta de Tratamientos de Aguas Servidas, Proyectos Hidr\u00e1ulicos, Optimizaci\u00f3n de Procesos, Monitoreo y An\u00e1lisis de Agua, Asesor\u00eda Hidr\u00e1ulica, Instalaciones, Sellado y Pintura de Estanques, Remodelaciones, Habilitaciones, Reparaciones, Sistemas Hidr\u00e1ulicos, Techumbres, Estructuras Met\u00e1licas, Alba\u00f1iler\u00eda, Pintura, Luminarias LED Industriales, Luminarias LED para Oficinas, Instalaciones de Luminarias LED, Proyectos de Iluminaci\u00f3n LED, Contratos de Mantenimiento, Mantenimiento Correctivo, Preventivo y Predictivo, Iluminaci\u00f3n, Gasfiter\u00eda, Tableros El\u00e9ctricos, Motores\/Bombas","publisher":{"@id":"https:\/\/hidroter.cl\/#organization"},"potentialAction":[{"@type":"SearchAction","target":{"@type":"EntryPoint","urlTemplate":"https:\/\/hidroter.cl\/?s={search_term_string}"},"query-input":{"@type":"PropertyValueSpecification","valueRequired":true,"valueName":"search_term_string"}}],"inLanguage":"es"},{"@type":"Organization","@id":"https:\/\/hidroter.cl\/#organization","name":"Hidroter","url":"https:\/\/hidroter.cl\/","logo":{"@type":"ImageObject","inLanguage":"es","@id":"https:\/\/hidroter.cl\/#\/schema\/logo\/image\/","url":"https:\/\/hidroter.cl\/wp-content\/uploads\/2017\/07\/logo.webp","contentUrl":"https:\/\/hidroter.cl\/wp-content\/uploads\/2017\/07\/logo.webp","width":251,"height":48,"caption":"Hidroter"},"image":{"@id":"https:\/\/hidroter.cl\/#\/schema\/logo\/image\/"},"sameAs":["https:\/\/www.facebook.com\/share\/1KKf8JpMVS\/?mibextid=LQQJ4d","https:\/\/www.instagram.com\/hidroter.cl"]}]}},"acf":[],"_links":{"self":[{"href":"https:\/\/hidroter.cl\/index.php\/wp-json\/wp\/v2\/product\/9600","targetHints":{"allow":["GET"]}}],"collection":[{"href":"https:\/\/hidroter.cl\/index.php\/wp-json\/wp\/v2\/product"}],"about":[{"href":"https:\/\/hidroter.cl\/index.php\/wp-json\/wp\/v2\/types\/product"}],"wp:featuredmedia":[{"embeddable":true,"href":"https:\/\/hidroter.cl\/index.php\/wp-json\/wp\/v2\/media\/9650"}],"wp:attachment":[{"href":"https:\/\/hidroter.cl\/index.php\/wp-json\/wp\/v2\/media?parent=9600"}],"wp:term":[{"taxonomy":"product_cat","embeddable":true,"href":"https:\/\/hidroter.cl\/index.php\/wp-json\/wp\/v2\/product_cat?post=9600"},{"taxonomy":"product_tag","embeddable":true,"href":"https:\/\/hidroter.cl\/index.php\/wp-json\/wp\/v2\/product_tag?post=9600"}],"curies":[{"name":"wp","href":"https:\/\/api.w.org\/{rel}","templated":true}]}}