{"id":3,"date":"2021-12-07T09:56:40","date_gmt":"2021-12-07T09:56:40","guid":{"rendered":"http:\/\/bioplagas.srtv.cl\/?page_id=3"},"modified":"2024-11-26T14:54:46","modified_gmt":"2024-11-26T17:54:46","slug":"politica-privacidad","status":"publish","type":"page","link":"https:\/\/hidroter.cl\/index.php\/politica-privacidad\/","title":{"rendered":"Pol\u00edtica de privacidad"},"content":{"rendered":"<section class=\"l-section wpb_row height_custom\"><div class=\"l-section-h i-cf\"><div class=\"g-cols vc_row via_grid cols_1 laptops-cols_inherit tablets-cols_inherit mobiles-cols_1 valign_top type_default stacking_default\"><div class=\"wpb_column vc_column_container\"><div class=\"vc_column-inner\"><div class=\"wpb_text_column ttl-pdp\"><div class=\"wpb_wrapper\"><h1>Pol\u00edticas de Privacidad &#8211; Hidroter<\/h1>\n<\/div><\/div><div class=\"w-separator size_small\"><\/div><div class=\"wpb_text_column\"><div class=\"wpb_wrapper\"><p>\u00daltima actualizaci\u00f3n: 26 de noviembre de 2024<\/p>\n<ol>\n<li><strong> Introducci\u00f3n<\/strong><\/li>\n<\/ol>\n<p>Hidroter, con dominio web hidroter.cl, est\u00e1 comprometida con la protecci\u00f3n de la privacidad y los datos personales de nuestros usuarios. Este documento describe c\u00f3mo recopilamos, utilizamos y protegemos la informaci\u00f3n que usted nos proporciona al utilizar nuestro sitio web y servicios.<\/p>\n<ol start=\"2\">\n<li><strong> Informaci\u00f3n que Recopilamos<\/strong><\/li>\n<\/ol>\n<p style=\"padding-left: 40px;\"><strong>2.1 Informaci\u00f3n proporcionada voluntariamente<\/strong><\/p>\n<ul>\n<li>Nombre y apellidos<\/li>\n<li>Direcci\u00f3n de correo electr\u00f3nico<\/li>\n<li>N\u00famero de tel\u00e9fono<\/li>\n<li>Direcci\u00f3n de facturaci\u00f3n y env\u00edo<\/li>\n<li>Informaci\u00f3n de pago (procesada de manera segura por nuestros proveedores de pago)<\/li>\n<li>RUT o n\u00famero de identificaci\u00f3n fiscal<\/li>\n<li>Raz\u00f3n social (en caso de empresas)<\/li>\n<\/ul>\n<p style=\"padding-left: 40px;\"><strong>2.2 Informaci\u00f3n recopilada autom\u00e1ticamente<\/strong><\/p>\n<ul>\n<li>Direcci\u00f3n IP<\/li>\n<li>Tipo de navegador y dispositivo<\/li>\n<li>P\u00e1ginas visitadas en nuestro sitio<\/li>\n<li>Tiempo de permanencia en el sitio<\/li>\n<li>Productos visualizados<\/li>\n<li>Historial de compras<\/li>\n<\/ul>\n<ol start=\"3\">\n<li><strong> Uso de la Informaci\u00f3n<\/strong><\/li>\n<\/ol>\n<p>Utilizamos la informaci\u00f3n recopilada para:<\/p>\n<ul>\n<li>Procesar y gestionar sus pedidos de bombas hidr\u00e1ulicas y accesorios<\/li>\n<li>Enviar confirmaciones de pedidos y actualizaciones de env\u00edo<\/li>\n<li>Proporcionar soporte t\u00e9cnico y atenci\u00f3n al cliente<\/li>\n<li>Mejorar nuestros productos y servicios<\/li>\n<li>Enviar comunicaciones comerciales (con su consentimiento)<\/li>\n<li>Cumplir con obligaciones legales y fiscales<\/li>\n<li>Prevenir fraudes y garantizar la seguridad de las transacciones<\/li>\n<\/ul>\n<ol start=\"4\">\n<li><strong> Protecci\u00f3n de Datos<\/strong><\/li>\n<\/ol>\n<p>Implementamos medidas de seguridad t\u00e9cnicas y organizativas para proteger sus datos personales, incluyendo:<\/p>\n<ul>\n<li>Encriptaci\u00f3n SSL en todas las transacciones<\/li>\n<li>Acceso restringido a datos personales<\/li>\n<li>Sistemas de seguridad actualizados<\/li>\n<li>Protocolos de manejo seguro de informaci\u00f3n<\/li>\n<li>Capacitaci\u00f3n regular del personal en materia de privacidad<\/li>\n<\/ul>\n<ol start=\"5\">\n<li><strong> Compartir Informaci\u00f3n<\/strong><\/li>\n<\/ol>\n<p>Podemos compartir su informaci\u00f3n con:<\/p>\n<ul>\n<li>Empresas de log\u00edstica para la entrega de productos<\/li>\n<li>Procesadores de pago para gestionar transacciones<\/li>\n<li>Autoridades competentes cuando sea legalmente requerido<\/li>\n<li>Proveedores de servicios tecnol\u00f3gicos necesarios para la operaci\u00f3n del sitio<\/li>\n<\/ul>\n<p>No vendemos ni arrendamos su informaci\u00f3n personal a terceros.<\/p>\n<ol start=\"6\">\n<li><strong> Derechos del Usuario<\/strong><\/li>\n<\/ol>\n<p>Usted tiene derecho a:<\/p>\n<ul>\n<li>Acceder a sus datos personales<\/li>\n<li>Rectificar datos inexactos<\/li>\n<li>Solicitar la eliminaci\u00f3n de sus datos<\/li>\n<li>Oponerse al procesamiento de sus datos<\/li>\n<li>Revocar el consentimiento otorgado<\/li>\n<li>Solicitar la portabilidad de sus datos<\/li>\n<\/ul>\n<p>Para ejercer estos derechos, contacte a privacy@hidroter.cl<\/p>\n<ol start=\"7\">\n<li><strong> Cookies<\/strong><\/li>\n<\/ol>\n<p>Utilizamos cookies para:<\/p>\n<ul>\n<li>Mantener su sesi\u00f3n activa<\/li>\n<li>Recordar sus preferencias<\/li>\n<li>Analizar el uso del sitio<\/li>\n<li>Mejorar la experiencia de navegaci\u00f3n<\/li>\n<\/ul>\n<p>Puede configurar su navegador para rechazar cookies, aunque esto podr\u00eda afectar algunas funcionalidades del sitio.<\/p>\n<p>&nbsp;<\/p>\n<ol start=\"8\">\n<li><strong> Cambios en la Pol\u00edtica<\/strong><\/li>\n<\/ol>\n<p>Nos reservamos el derecho de modificar esta pol\u00edtica de privacidad en cualquier momento. Los cambios ser\u00e1n publicados en esta p\u00e1gina con una nueva fecha de actualizaci\u00f3n.<\/p>\n<p>&nbsp;<\/p>\n<ol start=\"9\">\n<li><strong> Contacto<\/strong><\/li>\n<\/ol>\n<p>Para cualquier consulta sobre esta pol\u00edtica o sobre sus datos personales, contacte a:<\/p>\n<p>Email: <a href=\"mailto:contacto@hidroter.cl\">contacto@hidroter.cl<\/a><\/p>\n<p>Tel\u00e9fono: <a href=\"tel:56989207550\">+56 9 8920 7550<\/a><\/p>\n<p>Direcci\u00f3n: Eliodoro Y\u00e1\u00f1ez 1568, Providencia, Santiago<\/p>\n<p>&nbsp;<\/p>\n<ol start=\"10\">\n<li><strong> Legislaci\u00f3n Aplicable<\/strong><\/li>\n<\/ol>\n<p>Esta pol\u00edtica de privacidad se rige por la legislaci\u00f3n chilena, incluyendo la Ley 19.628 sobre Protecci\u00f3n de la Vida Privada y dem\u00e1s normativas aplicables.<\/p>\n<\/div><\/div><\/div><\/div><\/div><\/div><\/section>\n","protected":false},"excerpt":{"rendered":"Pol\u00edticas de Privacidad &#8211; Hidroter \u00daltima actualizaci\u00f3n: 26 de noviembre de 2024 Introducci\u00f3n Hidroter, con dominio web hidroter.cl, est\u00e1 comprometida con la protecci\u00f3n de la privacidad y los datos personales de nuestros usuarios. Este documento describe c\u00f3mo recopilamos, utilizamos y protegemos la informaci\u00f3n que usted nos proporciona al utilizar nuestro sitio web y servicios. Informaci\u00f3n...","protected":false},"author":3,"featured_media":0,"parent":0,"menu_order":0,"comment_status":"closed","ping_status":"closed","template":"","meta":{"footnotes":""},"class_list":["post-3","page","type-page","status-publish","hentry"],"yoast_head":"<!-- This site is optimized with the Yoast SEO plugin v24.0 - https:\/\/yoast.com\/wordpress\/plugins\/seo\/ -->\n<title>Pol\u00edtica de privacidad - Hidroter<\/title>\n<meta name=\"robots\" content=\"noindex, follow, max-snippet:-1, max-image-preview:large, max-video-preview:-1\" \/>\n<meta property=\"og:locale\" content=\"es_ES\" \/>\n<meta property=\"og:type\" content=\"article\" \/>\n<meta property=\"og:title\" content=\"Pol\u00edtica de privacidad - Hidroter\" \/>\n<meta property=\"og:url\" content=\"https:\/\/hidroter.cl\/index.php\/politica-privacidad\/\" \/>\n<meta property=\"og:site_name\" content=\"Hidroter\" \/>\n<meta property=\"article:publisher\" content=\"https:\/\/www.facebook.com\/share\/1KKf8JpMVS\/?mibextid=LQQJ4d\" \/>\n<meta property=\"article:modified_time\" content=\"2024-11-26T17:54:46+00:00\" \/>\n<meta name=\"twitter:card\" content=\"summary_large_image\" \/>\n<meta name=\"twitter:label1\" content=\"Tiempo de lectura\" \/>\n\t<meta name=\"twitter:data1\" content=\"3 minutos\" \/>\n<script type=\"application\/ld+json\" class=\"yoast-schema-graph\">{\"@context\":\"https:\/\/schema.org\",\"@graph\":[{\"@type\":\"WebPage\",\"@id\":\"https:\/\/hidroter.cl\/index.php\/politica-privacidad\/\",\"url\":\"https:\/\/hidroter.cl\/index.php\/politica-privacidad\/\",\"name\":\"Pol\u00edtica de privacidad - Hidroter\",\"isPartOf\":{\"@id\":\"https:\/\/hidroter.cl\/#website\"},\"datePublished\":\"2021-12-07T09:56:40+00:00\",\"dateModified\":\"2024-11-26T17:54:46+00:00\",\"breadcrumb\":{\"@id\":\"https:\/\/hidroter.cl\/index.php\/politica-privacidad\/#breadcrumb\"},\"inLanguage\":\"es\",\"potentialAction\":[{\"@type\":\"ReadAction\",\"target\":[\"https:\/\/hidroter.cl\/index.php\/politica-privacidad\/\"]}]},{\"@type\":\"BreadcrumbList\",\"@id\":\"https:\/\/hidroter.cl\/index.php\/politica-privacidad\/#breadcrumb\",\"itemListElement\":[{\"@type\":\"ListItem\",\"position\":1,\"name\":\"Portada\",\"item\":\"https:\/\/hidroter.cl\/\"},{\"@type\":\"ListItem\",\"position\":2,\"name\":\"Pol\u00edtica de privacidad\"}]},{\"@type\":\"WebSite\",\"@id\":\"https:\/\/hidroter.cl\/#website\",\"url\":\"https:\/\/hidroter.cl\/\",\"name\":\"Hidroter\",\"description\":\"Venta de Bombas Hidr\u00e1ulicas, Mantenciones Hidr\u00e1ulicas, Potabilizaci\u00f3n, Sala de Agua Potable, Piscinas, Planta de Tratamientos de Aguas Servidas, Proyectos Hidr\u00e1ulicos, Optimizaci\u00f3n de Procesos, Monitoreo y An\u00e1lisis de Agua, Asesor\u00eda Hidr\u00e1ulica, Instalaciones, Sellado y Pintura de Estanques, Remodelaciones, Habilitaciones, Reparaciones, Sistemas Hidr\u00e1ulicos, Techumbres, Estructuras Met\u00e1licas, Alba\u00f1iler\u00eda, Pintura, Luminarias LED Industriales, Luminarias LED para Oficinas, Instalaciones de Luminarias LED, Proyectos de Iluminaci\u00f3n LED, Contratos de Mantenimiento, Mantenimiento Correctivo, Preventivo y Predictivo, Iluminaci\u00f3n, Gasfiter\u00eda, Tableros El\u00e9ctricos, Motores\/Bombas\",\"publisher\":{\"@id\":\"https:\/\/hidroter.cl\/#organization\"},\"potentialAction\":[{\"@type\":\"SearchAction\",\"target\":{\"@type\":\"EntryPoint\",\"urlTemplate\":\"https:\/\/hidroter.cl\/?s={search_term_string}\"},\"query-input\":{\"@type\":\"PropertyValueSpecification\",\"valueRequired\":true,\"valueName\":\"search_term_string\"}}],\"inLanguage\":\"es\"},{\"@type\":\"Organization\",\"@id\":\"https:\/\/hidroter.cl\/#organization\",\"name\":\"Hidroter\",\"url\":\"https:\/\/hidroter.cl\/\",\"logo\":{\"@type\":\"ImageObject\",\"inLanguage\":\"es\",\"@id\":\"https:\/\/hidroter.cl\/#\/schema\/logo\/image\/\",\"url\":\"https:\/\/hidroter.cl\/wp-content\/uploads\/2017\/07\/logo.webp\",\"contentUrl\":\"https:\/\/hidroter.cl\/wp-content\/uploads\/2017\/07\/logo.webp\",\"width\":251,\"height\":48,\"caption\":\"Hidroter\"},\"image\":{\"@id\":\"https:\/\/hidroter.cl\/#\/schema\/logo\/image\/\"},\"sameAs\":[\"https:\/\/www.facebook.com\/share\/1KKf8JpMVS\/?mibextid=LQQJ4d\",\"https:\/\/www.instagram.com\/hidroter.cl\"]}]}<\/script>\n<!-- \/ Yoast SEO plugin. -->","yoast_head_json":{"title":"Pol\u00edtica de privacidad - Hidroter","robots":{"index":"noindex","follow":"follow","max-snippet":"max-snippet:-1","max-image-preview":"max-image-preview:large","max-video-preview":"max-video-preview:-1"},"og_locale":"es_ES","og_type":"article","og_title":"Pol\u00edtica de privacidad - Hidroter","og_url":"https:\/\/hidroter.cl\/index.php\/politica-privacidad\/","og_site_name":"Hidroter","article_publisher":"https:\/\/www.facebook.com\/share\/1KKf8JpMVS\/?mibextid=LQQJ4d","article_modified_time":"2024-11-26T17:54:46+00:00","twitter_card":"summary_large_image","twitter_misc":{"Tiempo de lectura":"3 minutos"},"schema":{"@context":"https:\/\/schema.org","@graph":[{"@type":"WebPage","@id":"https:\/\/hidroter.cl\/index.php\/politica-privacidad\/","url":"https:\/\/hidroter.cl\/index.php\/politica-privacidad\/","name":"Pol\u00edtica de privacidad - Hidroter","isPartOf":{"@id":"https:\/\/hidroter.cl\/#website"},"datePublished":"2021-12-07T09:56:40+00:00","dateModified":"2024-11-26T17:54:46+00:00","breadcrumb":{"@id":"https:\/\/hidroter.cl\/index.php\/politica-privacidad\/#breadcrumb"},"inLanguage":"es","potentialAction":[{"@type":"ReadAction","target":["https:\/\/hidroter.cl\/index.php\/politica-privacidad\/"]}]},{"@type":"BreadcrumbList","@id":"https:\/\/hidroter.cl\/index.php\/politica-privacidad\/#breadcrumb","itemListElement":[{"@type":"ListItem","position":1,"name":"Portada","item":"https:\/\/hidroter.cl\/"},{"@type":"ListItem","position":2,"name":"Pol\u00edtica de privacidad"}]},{"@type":"WebSite","@id":"https:\/\/hidroter.cl\/#website","url":"https:\/\/hidroter.cl\/","name":"Hidroter","description":"Venta de Bombas Hidr\u00e1ulicas, Mantenciones Hidr\u00e1ulicas, Potabilizaci\u00f3n, Sala de Agua Potable, Piscinas, Planta de Tratamientos de Aguas Servidas, Proyectos Hidr\u00e1ulicos, Optimizaci\u00f3n de Procesos, Monitoreo y An\u00e1lisis de Agua, Asesor\u00eda Hidr\u00e1ulica, Instalaciones, Sellado y Pintura de Estanques, Remodelaciones, Habilitaciones, Reparaciones, Sistemas Hidr\u00e1ulicos, Techumbres, Estructuras Met\u00e1licas, Alba\u00f1iler\u00eda, Pintura, Luminarias LED Industriales, Luminarias LED para Oficinas, Instalaciones de Luminarias LED, Proyectos de Iluminaci\u00f3n LED, Contratos de Mantenimiento, Mantenimiento Correctivo, Preventivo y Predictivo, Iluminaci\u00f3n, Gasfiter\u00eda, Tableros El\u00e9ctricos, Motores\/Bombas","publisher":{"@id":"https:\/\/hidroter.cl\/#organization"},"potentialAction":[{"@type":"SearchAction","target":{"@type":"EntryPoint","urlTemplate":"https:\/\/hidroter.cl\/?s={search_term_string}"},"query-input":{"@type":"PropertyValueSpecification","valueRequired":true,"valueName":"search_term_string"}}],"inLanguage":"es"},{"@type":"Organization","@id":"https:\/\/hidroter.cl\/#organization","name":"Hidroter","url":"https:\/\/hidroter.cl\/","logo":{"@type":"ImageObject","inLanguage":"es","@id":"https:\/\/hidroter.cl\/#\/schema\/logo\/image\/","url":"https:\/\/hidroter.cl\/wp-content\/uploads\/2017\/07\/logo.webp","contentUrl":"https:\/\/hidroter.cl\/wp-content\/uploads\/2017\/07\/logo.webp","width":251,"height":48,"caption":"Hidroter"},"image":{"@id":"https:\/\/hidroter.cl\/#\/schema\/logo\/image\/"},"sameAs":["https:\/\/www.facebook.com\/share\/1KKf8JpMVS\/?mibextid=LQQJ4d","https:\/\/www.instagram.com\/hidroter.cl"]}]}},"acf":[],"_links":{"self":[{"href":"https:\/\/hidroter.cl\/index.php\/wp-json\/wp\/v2\/pages\/3","targetHints":{"allow":["GET"]}}],"collection":[{"href":"https:\/\/hidroter.cl\/index.php\/wp-json\/wp\/v2\/pages"}],"about":[{"href":"https:\/\/hidroter.cl\/index.php\/wp-json\/wp\/v2\/types\/page"}],"author":[{"embeddable":true,"href":"https:\/\/hidroter.cl\/index.php\/wp-json\/wp\/v2\/users\/3"}],"replies":[{"embeddable":true,"href":"https:\/\/hidroter.cl\/index.php\/wp-json\/wp\/v2\/comments?post=3"}],"version-history":[{"count":5,"href":"https:\/\/hidroter.cl\/index.php\/wp-json\/wp\/v2\/pages\/3\/revisions"}],"predecessor-version":[{"id":10173,"href":"https:\/\/hidroter.cl\/index.php\/wp-json\/wp\/v2\/pages\/3\/revisions\/10173"}],"wp:attachment":[{"href":"https:\/\/hidroter.cl\/index.php\/wp-json\/wp\/v2\/media?parent=3"}],"curies":[{"name":"wp","href":"https:\/\/api.w.org\/{rel}","templated":true}]}}