{"id":10182,"date":"2024-12-03T16:51:39","date_gmt":"2024-12-03T19:51:39","guid":{"rendered":"https:\/\/hidroter.cl\/?page_id=10182"},"modified":"2024-12-04T14:44:04","modified_gmt":"2024-12-04T17:44:04","slug":"servicios","status":"publish","type":"page","link":"https:\/\/hidroter.cl\/index.php\/servicios\/","title":{"rendered":"SERVICIOS"},"content":{"rendered":"<section class=\"l-section wpb_row us_custom_14e19a50 height_custom\"><div class=\"l-section-h i-cf\"><div class=\"g-cols vc_row via_grid cols_1 laptops-cols_inherit tablets-cols_inherit mobiles-cols_1 valign_top type_default stacking_default\"><div class=\"wpb_column vc_column_container\"><div class=\"vc_column-inner\"><div class=\"w-separator size_medium\"><\/div><div class=\"wpb_text_column us_custom_b3d3e302\"><div class=\"wpb_wrapper\"><p style=\"text-align: center;\"><strong><span style=\"color: #0b489b;\">NUESTROS<\/span> <\/strong>SERVICIOS<\/p>\n<\/div><\/div><div class=\"w-separator size_medium\"><\/div><div class=\"w-grid type_carousel layout_10210 cols_3\" id=\"us_grid_1\" style=\"--gap:30px;\"><style>.layout_10210 .w-grid-item-h{}.layout_10210 .usg_vwrapper_1{margin-top:10px!important}.layout_10210 .usg_post_title_1{font-size:25px!important;line-height:25px!important;font-weight:600!important;height:40px!important}.layout_10210 .usg_post_content_1{height:400px!important;padding-top:20px!important}.layout_10210 .usg_vwrapper_2{color:#ffffff!important;height:950px!important;padding-bottom:20px!important;border-radius:30px!important;overflow:hidden!important;background:#0b489b!important}.layout_10210 .usg_hwrapper_1{margin-top:30px!important}.layout_10210 .usg_post_image_1{width:368px!important;height:368px!important;margin-bottom:10px!important}@media (min-width:1025px) and (max-width:1366px){.layout_10210 .usg_post_image_1{width:368px!important;height:368px!important}}@media (min-width:601px) and (max-width:1024px){.layout_10210 .usg_post_image_1{width:368px!important;height:368px!important}}@media (max-width:600px){.layout_10210 .usg_post_image_1{width:352px!important;height:352px!important}}<\/style><div class=\"w-grid-list owl-carousel valign_stretch dotstyle_circle navstyle_circle navpos_outside owl-responsive-2000 with_arrows\" style=\"--transition-duration:350ms;--arrows-size:1.5rem;\">\t<article class=\"w-grid-item post-10250 product type-product status-publish has-post-thumbnail product_cat-servicios first instock shipping-taxable purchasable product-type-simple\" data-id=\"10250\">\r\n\t\t<div class=\"w-grid-item-h\">\r\n\t\t\t\t\t\t<div class=\"w-vwrapper usg_vwrapper_2 has_text_color align_none valign_justify\"><div class=\"w-post-elm post_image usg_post_image_1 has_width has_height stretched\"><a href=\"https:\/\/hidroter.cl\/index.php\/producto\/mantenimiento-integral-de-instalaciones\/\" aria-label=\"Mantenimiento Integral de Instalaciones\"><img loading=\"lazy\" decoding=\"async\" width=\"1024\" height=\"1024\" src=\"https:\/\/hidroter.cl\/wp-content\/uploads\/2024\/12\/MANTENIMIENTO-INTEGRAL-DE-INSTALACIONES.jpg\" class=\"attachment-full size-full wp-post-image\" alt=\"\" srcset=\"https:\/\/hidroter.cl\/wp-content\/uploads\/2024\/12\/MANTENIMIENTO-INTEGRAL-DE-INSTALACIONES.jpg 1024w, https:\/\/hidroter.cl\/wp-content\/uploads\/2024\/12\/MANTENIMIENTO-INTEGRAL-DE-INSTALACIONES-300x300.jpg 300w, https:\/\/hidroter.cl\/wp-content\/uploads\/2024\/12\/MANTENIMIENTO-INTEGRAL-DE-INSTALACIONES-150x150.jpg 150w, https:\/\/hidroter.cl\/wp-content\/uploads\/2024\/12\/MANTENIMIENTO-INTEGRAL-DE-INSTALACIONES-600x600.jpg 600w\" sizes=\"(max-width: 1024px) 100vw, 1024px\" \/><\/a><\/div><div class=\"w-vwrapper usg_vwrapper_1 align_none valign_top\"><h1 class=\"w-post-elm post_title usg_post_title_1 align_center woocommerce-loop-product__title color_link_inherit\"><a href=\"\/index.php\/contacto\/\">Mantenimiento Integral de Instalaciones<\/a><\/h1><div class=\"w-post-elm post_content usg_post_content_1\"><ul>\n<li>Contratos de Mantenimiento<\/li>\n<li>Mantenimiento Correctivo, Preventivo y Predictivo<\/li>\n<li>Iluminaci\u00f3n<\/li>\n<li>Gasfiter\u00eda<\/li>\n<\/ul>\n<\/div><\/div><div class=\"w-hwrapper usg_hwrapper_1 align_center valign_middle\"><a class=\"w-btn us-btn-style_25 usg_btn_1\" href=\"https:\/\/hidroter.cl\/index.php\/producto\/mantenimiento-integral-de-instalaciones\/\"><span class=\"w-btn-label\">Cotizar<\/span><\/a><\/div><\/div>\t\t<\/div>\r\n\t\t\t<\/article>\r\n\t<article class=\"w-grid-item post-10249 product type-product status-publish has-post-thumbnail product_cat-servicios  instock shipping-taxable purchasable product-type-simple\" data-id=\"10249\">\r\n\t\t<div class=\"w-grid-item-h\">\r\n\t\t\t\t\t\t<div class=\"w-vwrapper usg_vwrapper_2 has_text_color align_none valign_justify\"><div class=\"w-post-elm post_image usg_post_image_1 has_width has_height stretched\"><a href=\"https:\/\/hidroter.cl\/index.php\/producto\/iluminacion-led\/\" aria-label=\"Iluminaci\u00f3n LED\"><img loading=\"lazy\" decoding=\"async\" width=\"2560\" height=\"1709\" src=\"https:\/\/hidroter.cl\/wp-content\/uploads\/2024\/12\/3-scaled.webp\" class=\"attachment-full size-full wp-post-image\" alt=\"\" srcset=\"https:\/\/hidroter.cl\/wp-content\/uploads\/2024\/12\/3-scaled.webp 2560w, https:\/\/hidroter.cl\/wp-content\/uploads\/2024\/12\/3-300x200.webp 300w, https:\/\/hidroter.cl\/wp-content\/uploads\/2024\/12\/3-1024x683.webp 1024w, https:\/\/hidroter.cl\/wp-content\/uploads\/2024\/12\/3-1536x1025.webp 1536w, https:\/\/hidroter.cl\/wp-content\/uploads\/2024\/12\/3-600x400.webp 600w\" sizes=\"(max-width: 2560px) 100vw, 2560px\" \/><\/a><\/div><div class=\"w-vwrapper usg_vwrapper_1 align_none valign_top\"><h1 class=\"w-post-elm post_title usg_post_title_1 align_center woocommerce-loop-product__title color_link_inherit\"><a href=\"\/index.php\/contacto\/\">Iluminaci\u00f3n LED<\/a><\/h1><div class=\"w-post-elm post_content usg_post_content_1\"><ul>\n<li>Luminarias LED Industriales<\/li>\n<li>Luminarias LED para Oficinas<\/li>\n<li>Instalaciones de Luminarias LED<\/li>\n<li>Proyectos de Iluminaci\u00f3n LED<\/li>\n<\/ul>\n<\/div><\/div><div class=\"w-hwrapper usg_hwrapper_1 align_center valign_middle\"><a class=\"w-btn us-btn-style_25 usg_btn_1\" href=\"https:\/\/hidroter.cl\/index.php\/producto\/iluminacion-led\/\"><span class=\"w-btn-label\">Cotizar<\/span><\/a><\/div><\/div>\t\t<\/div>\r\n\t\t\t<\/article>\r\n\t<article class=\"w-grid-item post-10248 product type-product status-publish has-post-thumbnail product_cat-servicios  instock shipping-taxable purchasable product-type-simple\" data-id=\"10248\">\r\n\t\t<div class=\"w-grid-item-h\">\r\n\t\t\t\t\t\t<div class=\"w-vwrapper usg_vwrapper_2 has_text_color align_none valign_justify\"><div class=\"w-post-elm post_image usg_post_image_1 has_width has_height stretched\"><a href=\"https:\/\/hidroter.cl\/index.php\/producto\/obras-civiles-menores\/\" aria-label=\"Obras Civiles Menores\"><img loading=\"lazy\" decoding=\"async\" width=\"1024\" height=\"1024\" src=\"https:\/\/hidroter.cl\/wp-content\/uploads\/2024\/12\/REMODELACIONES.jpg\" class=\"attachment-full size-full wp-post-image\" alt=\"\" srcset=\"https:\/\/hidroter.cl\/wp-content\/uploads\/2024\/12\/REMODELACIONES.jpg 1024w, https:\/\/hidroter.cl\/wp-content\/uploads\/2024\/12\/REMODELACIONES-300x300.jpg 300w, https:\/\/hidroter.cl\/wp-content\/uploads\/2024\/12\/REMODELACIONES-150x150.jpg 150w, https:\/\/hidroter.cl\/wp-content\/uploads\/2024\/12\/REMODELACIONES-600x600.jpg 600w\" sizes=\"(max-width: 1024px) 100vw, 1024px\" \/><\/a><\/div><div class=\"w-vwrapper usg_vwrapper_1 align_none valign_top\"><h1 class=\"w-post-elm post_title usg_post_title_1 align_center woocommerce-loop-product__title color_link_inherit\"><a href=\"\/index.php\/contacto\/\">Obras Civiles Menores<\/a><\/h1><div class=\"w-post-elm post_content usg_post_content_1\"><ul>\n<li>Remodelaciones<\/li>\n<li>Habilitaciones<\/li>\n<li>Reparaciones<\/li>\n<li>Sistemas Hidr\u00e1ulicos<\/li>\n<li>Techumbres<\/li>\n<li>Estructuras Met\u00e1licas<\/li>\n<li>Alba\u00f1iler\u00eda<\/li>\n<li>Pintura<\/li>\n<\/ul>\n<\/div><\/div><div class=\"w-hwrapper usg_hwrapper_1 align_center valign_middle\"><a class=\"w-btn us-btn-style_25 usg_btn_1\" href=\"https:\/\/hidroter.cl\/index.php\/producto\/obras-civiles-menores\/\"><span class=\"w-btn-label\">Cotizar<\/span><\/a><\/div><\/div>\t\t<\/div>\r\n\t\t\t<\/article>\r\n\t<article class=\"w-grid-item post-10246 product type-product status-publish has-post-thumbnail product_cat-servicios last instock shipping-taxable purchasable product-type-simple\" data-id=\"10246\">\r\n\t\t<div class=\"w-grid-item-h\">\r\n\t\t\t\t\t\t<div class=\"w-vwrapper usg_vwrapper_2 has_text_color align_none valign_justify\"><div class=\"w-post-elm post_image usg_post_image_1 has_width has_height stretched\"><a href=\"https:\/\/hidroter.cl\/index.php\/producto\/servicios-especificos\/\" aria-label=\"Servicios Espec\u00edficos\"><img loading=\"lazy\" decoding=\"async\" width=\"1024\" height=\"1024\" src=\"https:\/\/hidroter.cl\/wp-content\/uploads\/2024\/12\/SERVICIOS-ESPECIFICOS.jpg\" class=\"attachment-full size-full wp-post-image\" alt=\"\" srcset=\"https:\/\/hidroter.cl\/wp-content\/uploads\/2024\/12\/SERVICIOS-ESPECIFICOS.jpg 1024w, https:\/\/hidroter.cl\/wp-content\/uploads\/2024\/12\/SERVICIOS-ESPECIFICOS-300x300.jpg 300w, https:\/\/hidroter.cl\/wp-content\/uploads\/2024\/12\/SERVICIOS-ESPECIFICOS-150x150.jpg 150w, https:\/\/hidroter.cl\/wp-content\/uploads\/2024\/12\/SERVICIOS-ESPECIFICOS-600x600.jpg 600w\" sizes=\"(max-width: 1024px) 100vw, 1024px\" \/><\/a><\/div><div class=\"w-vwrapper usg_vwrapper_1 align_none valign_top\"><h1 class=\"w-post-elm post_title usg_post_title_1 align_center woocommerce-loop-product__title color_link_inherit\"><a href=\"\/index.php\/contacto\/\">Servicios Espec\u00edficos<\/a><\/h1><div class=\"w-post-elm post_content usg_post_content_1\"><ul>\n<li>Reparaciones<\/li>\n<li>Mantenciones Hidr\u00e1ulicas:<\/li>\n<\/ul>\n<ol>\n<li style=\"list-style-type: none;\">\n<ol>\n<li>Potabilizaci\u00f3n<\/li>\n<li>Sala de Agua Potable<\/li>\n<li>Piscinas<\/li>\n<li>Planta de Tratamientos de Aguas Servidas<\/li>\n<\/ol>\n<\/li>\n<\/ol>\n<ul>\n<li>Proyectos Hidr\u00e1ulicos<\/li>\n<li>Optimizaci\u00f3n de Procesos<\/li>\n<li>Monitoreo y An\u00e1lisis de Agua<\/li>\n<li>Asesor\u00eda Hidr\u00e1ulica<\/li>\n<li>Instalaciones<\/li>\n<li>Sellado y Pintura de Estanques<\/li>\n<\/ul>\n<\/div><\/div><div class=\"w-hwrapper usg_hwrapper_1 align_center valign_middle\"><a class=\"w-btn us-btn-style_25 usg_btn_1\" href=\"https:\/\/hidroter.cl\/index.php\/producto\/servicios-especificos\/\"><span class=\"w-btn-label\">Cotizar<\/span><\/a><\/div><\/div>\t\t<\/div>\r\n\t\t\t<\/article>\r\n\t<article class=\"w-grid-item post-10245 product type-product status-publish has-post-thumbnail product_cat-servicios first instock shipping-taxable purchasable product-type-simple\" data-id=\"10245\">\r\n\t\t<div class=\"w-grid-item-h\">\r\n\t\t\t\t\t\t<div class=\"w-vwrapper usg_vwrapper_2 has_text_color align_none valign_justify\"><div class=\"w-post-elm post_image usg_post_image_1 has_width has_height stretched\"><a href=\"https:\/\/hidroter.cl\/index.php\/producto\/electricidad\/\" aria-label=\"Electricidad\"><img loading=\"lazy\" decoding=\"async\" width=\"1024\" height=\"1024\" src=\"https:\/\/hidroter.cl\/wp-content\/uploads\/2024\/12\/ELECTRICIDAD.jpg\" class=\"attachment-full size-full wp-post-image\" alt=\"\" srcset=\"https:\/\/hidroter.cl\/wp-content\/uploads\/2024\/12\/ELECTRICIDAD.jpg 1024w, https:\/\/hidroter.cl\/wp-content\/uploads\/2024\/12\/ELECTRICIDAD-300x300.jpg 300w, https:\/\/hidroter.cl\/wp-content\/uploads\/2024\/12\/ELECTRICIDAD-150x150.jpg 150w, https:\/\/hidroter.cl\/wp-content\/uploads\/2024\/12\/ELECTRICIDAD-600x600.jpg 600w\" sizes=\"(max-width: 1024px) 100vw, 1024px\" \/><\/a><\/div><div class=\"w-vwrapper usg_vwrapper_1 align_none valign_top\"><h1 class=\"w-post-elm post_title usg_post_title_1 align_center woocommerce-loop-product__title color_link_inherit\"><a href=\"\/index.php\/contacto\/\">Electricidad<\/a><\/h1><div class=\"w-post-elm post_content usg_post_content_1\"><ul>\n<li>Tableros El\u00e9ctricos<\/li>\n<li>Motores\/Bombas<\/li>\n<\/ul>\n<\/div><\/div><div class=\"w-hwrapper usg_hwrapper_1 align_center valign_middle\"><a class=\"w-btn us-btn-style_25 usg_btn_1\" href=\"https:\/\/hidroter.cl\/index.php\/producto\/electricidad\/\"><span class=\"w-btn-label\">Cotizar<\/span><\/a><\/div><\/div>\t\t<\/div>\r\n\t\t\t<\/article>\r\n<\/div>\t<div class=\"g-preloader type_1\">\r\n\t\t<div><\/div>\r\n\t<\/div>\r\n\t\t<div class=\"w-grid-json hidden\" onclick='return {&quot;action&quot;:&quot;us_ajax_grid&quot;,&quot;infinite_scroll&quot;:0,&quot;max_num_pages&quot;:1,&quot;pagination&quot;:&quot;none&quot;,&quot;template_vars&quot;:{&quot;columns&quot;:&quot;&quot;,&quot;exclude_items&quot;:&quot;none&quot;,&quot;img_size&quot;:&quot;default&quot;,&quot;ignore_items_size&quot;:0,&quot;items_layout&quot;:&quot;10210&quot;,&quot;items_offset&quot;:&quot;0px&quot;,&quot;load_animation&quot;:&quot;none&quot;,&quot;overriding_link&quot;:&quot;%7B%22url%22%3A%22%22%7D&quot;,&quot;post_id&quot;:0,&quot;query_args&quot;:{&quot;post_type&quot;:[&quot;product&quot;],&quot;tax_query&quot;:[{&quot;taxonomy&quot;:&quot;product_cat&quot;,&quot;field&quot;:&quot;slug&quot;,&quot;terms&quot;:[&quot;servicios&quot;]},{&quot;taxonomy&quot;:&quot;product_visibility&quot;,&quot;field&quot;:&quot;slug&quot;,&quot;terms&quot;:[&quot;exclude-from-catalog&quot;],&quot;operator&quot;:&quot;NOT IN&quot;}],&quot;post_status&quot;:[&quot;publish&quot;,&quot;acf-disabled&quot;,&quot;wc-ywraq-new&quot;,&quot;wc-ywraq-pending&quot;,&quot;wc-ywraq-expired&quot;,&quot;wc-ywraq-accepted&quot;,&quot;wc-ywraq-rejected&quot;],&quot;meta_query&quot;:[],&quot;posts_per_page&quot;:&quot;10&quot;},&quot;orderby_query_args&quot;:{&quot;orderby&quot;:{&quot;date&quot;:&quot;DESC&quot;}},&quot;type&quot;:&quot;carousel&quot;,&quot;us_grid_post_type&quot;:&quot;product&quot;,&quot;us_grid_ajax_index&quot;:1,&quot;us_grid_filter_query_string&quot;:null,&quot;us_grid_index&quot;:1,&quot;page_args&quot;:[]},&quot;carousel_settings&quot;:{&quot;aria_labels&quot;:{&quot;prev&quot;:&quot;Anterior&quot;,&quot;next&quot;:&quot;Siguiente&quot;},&quot;autoplayContinual&quot;:false,&quot;autoplayHoverPause&quot;:false,&quot;autoplayTimeout&quot;:3000,&quot;fluidSpeed&quot;:350,&quot;margin&quot;:0,&quot;mouseDrag&quot;:true,&quot;rtl&quot;:false,&quot;slideBy&quot;:&quot;1&quot;,&quot;touchDrag&quot;:true,&quot;slideTransition&quot;:&quot;&quot;,&quot;responsive&quot;:{&quot;0&quot;:{&quot;autoHeight&quot;:false,&quot;autoplay&quot;:true,&quot;autoWidth&quot;:false,&quot;center&quot;:false,&quot;dots&quot;:false,&quot;items&quot;:1,&quot;loop&quot;:true,&quot;nav&quot;:false,&quot;stagePadding&quot;:0},&quot;601&quot;:{&quot;autoHeight&quot;:false,&quot;autoplay&quot;:true,&quot;autoWidth&quot;:false,&quot;center&quot;:false,&quot;dots&quot;:false,&quot;items&quot;:2,&quot;loop&quot;:true,&quot;nav&quot;:true,&quot;stagePadding&quot;:0},&quot;1025&quot;:{&quot;autoHeight&quot;:false,&quot;autoplay&quot;:true,&quot;autoWidth&quot;:false,&quot;center&quot;:false,&quot;dots&quot;:false,&quot;items&quot;:3,&quot;loop&quot;:true,&quot;nav&quot;:true,&quot;stagePadding&quot;:0},&quot;1367&quot;:{&quot;items&quot;:3,&quot;autoplay&quot;:true,&quot;center&quot;:false,&quot;dots&quot;:false,&quot;nav&quot;:true,&quot;autoHeight&quot;:false,&quot;autoWidth&quot;:false,&quot;loop&quot;:true,&quot;stagePadding&quot;:0}}}}'><\/div>\r\n\t<\/div><\/div><\/div><\/div><\/div><\/section>\n","protected":false},"excerpt":{"rendered":"Tableros El\u00e9ctricos Motores\/Bombas","protected":false},"author":3,"featured_media":0,"parent":0,"menu_order":0,"comment_status":"closed","ping_status":"closed","template":"","meta":{"footnotes":""},"class_list":["post-10182","page","type-page","status-publish","hentry"],"yoast_head":"<!-- This site is optimized with the Yoast SEO plugin v24.0 - https:\/\/yoast.com\/wordpress\/plugins\/seo\/ -->\n<title>SERVICIOS - Hidroter<\/title>\n<meta name=\"robots\" content=\"noindex, follow, max-snippet:-1, max-image-preview:large, max-video-preview:-1\" \/>\n<meta property=\"og:locale\" content=\"es_ES\" \/>\n<meta property=\"og:type\" content=\"article\" \/>\n<meta property=\"og:title\" content=\"SERVICIOS - Hidroter\" \/>\n<meta property=\"og:url\" content=\"https:\/\/hidroter.cl\/index.php\/servicios\/\" \/>\n<meta property=\"og:site_name\" content=\"Hidroter\" \/>\n<meta property=\"article:publisher\" content=\"https:\/\/www.facebook.com\/share\/1KKf8JpMVS\/?mibextid=LQQJ4d\" \/>\n<meta property=\"article:modified_time\" content=\"2024-12-04T17:44:04+00:00\" \/>\n<meta name=\"twitter:card\" content=\"summary_large_image\" \/>\n<meta name=\"twitter:label1\" content=\"Tiempo de lectura\" \/>\n\t<meta name=\"twitter:data1\" content=\"1 minuto\" \/>\n<script type=\"application\/ld+json\" class=\"yoast-schema-graph\">{\"@context\":\"https:\/\/schema.org\",\"@graph\":[{\"@type\":\"WebPage\",\"@id\":\"https:\/\/hidroter.cl\/index.php\/servicios\/\",\"url\":\"https:\/\/hidroter.cl\/index.php\/servicios\/\",\"name\":\"SERVICIOS - Hidroter\",\"isPartOf\":{\"@id\":\"https:\/\/hidroter.cl\/#website\"},\"datePublished\":\"2024-12-03T19:51:39+00:00\",\"dateModified\":\"2024-12-04T17:44:04+00:00\",\"breadcrumb\":{\"@id\":\"https:\/\/hidroter.cl\/index.php\/servicios\/#breadcrumb\"},\"inLanguage\":\"es\",\"potentialAction\":[{\"@type\":\"ReadAction\",\"target\":[\"https:\/\/hidroter.cl\/index.php\/servicios\/\"]}]},{\"@type\":\"BreadcrumbList\",\"@id\":\"https:\/\/hidroter.cl\/index.php\/servicios\/#breadcrumb\",\"itemListElement\":[{\"@type\":\"ListItem\",\"position\":1,\"name\":\"Portada\",\"item\":\"https:\/\/hidroter.cl\/\"},{\"@type\":\"ListItem\",\"position\":2,\"name\":\"SERVICIOS\"}]},{\"@type\":\"WebSite\",\"@id\":\"https:\/\/hidroter.cl\/#website\",\"url\":\"https:\/\/hidroter.cl\/\",\"name\":\"Hidroter\",\"description\":\"Venta de Bombas Hidr\u00e1ulicas, Mantenciones Hidr\u00e1ulicas, Potabilizaci\u00f3n, Sala de Agua Potable, Piscinas, Planta de Tratamientos de Aguas Servidas, Proyectos Hidr\u00e1ulicos, Optimizaci\u00f3n de Procesos, Monitoreo y An\u00e1lisis de Agua, Asesor\u00eda Hidr\u00e1ulica, Instalaciones, Sellado y Pintura de Estanques, Remodelaciones, Habilitaciones, Reparaciones, Sistemas Hidr\u00e1ulicos, Techumbres, Estructuras Met\u00e1licas, Alba\u00f1iler\u00eda, Pintura, Luminarias LED Industriales, Luminarias LED para Oficinas, Instalaciones de Luminarias LED, Proyectos de Iluminaci\u00f3n LED, Contratos de Mantenimiento, Mantenimiento Correctivo, Preventivo y Predictivo, Iluminaci\u00f3n, Gasfiter\u00eda, Tableros El\u00e9ctricos, Motores\/Bombas\",\"publisher\":{\"@id\":\"https:\/\/hidroter.cl\/#organization\"},\"potentialAction\":[{\"@type\":\"SearchAction\",\"target\":{\"@type\":\"EntryPoint\",\"urlTemplate\":\"https:\/\/hidroter.cl\/?s={search_term_string}\"},\"query-input\":{\"@type\":\"PropertyValueSpecification\",\"valueRequired\":true,\"valueName\":\"search_term_string\"}}],\"inLanguage\":\"es\"},{\"@type\":\"Organization\",\"@id\":\"https:\/\/hidroter.cl\/#organization\",\"name\":\"Hidroter\",\"url\":\"https:\/\/hidroter.cl\/\",\"logo\":{\"@type\":\"ImageObject\",\"inLanguage\":\"es\",\"@id\":\"https:\/\/hidroter.cl\/#\/schema\/logo\/image\/\",\"url\":\"https:\/\/hidroter.cl\/wp-content\/uploads\/2017\/07\/logo.webp\",\"contentUrl\":\"https:\/\/hidroter.cl\/wp-content\/uploads\/2017\/07\/logo.webp\",\"width\":251,\"height\":48,\"caption\":\"Hidroter\"},\"image\":{\"@id\":\"https:\/\/hidroter.cl\/#\/schema\/logo\/image\/\"},\"sameAs\":[\"https:\/\/www.facebook.com\/share\/1KKf8JpMVS\/?mibextid=LQQJ4d\",\"https:\/\/www.instagram.com\/hidroter.cl\"]}]}<\/script>\n<!-- \/ Yoast SEO plugin. -->","yoast_head_json":{"title":"SERVICIOS - Hidroter","robots":{"index":"noindex","follow":"follow","max-snippet":"max-snippet:-1","max-image-preview":"max-image-preview:large","max-video-preview":"max-video-preview:-1"},"og_locale":"es_ES","og_type":"article","og_title":"SERVICIOS - Hidroter","og_url":"https:\/\/hidroter.cl\/index.php\/servicios\/","og_site_name":"Hidroter","article_publisher":"https:\/\/www.facebook.com\/share\/1KKf8JpMVS\/?mibextid=LQQJ4d","article_modified_time":"2024-12-04T17:44:04+00:00","twitter_card":"summary_large_image","twitter_misc":{"Tiempo de lectura":"1 minuto"},"schema":{"@context":"https:\/\/schema.org","@graph":[{"@type":"WebPage","@id":"https:\/\/hidroter.cl\/index.php\/servicios\/","url":"https:\/\/hidroter.cl\/index.php\/servicios\/","name":"SERVICIOS - Hidroter","isPartOf":{"@id":"https:\/\/hidroter.cl\/#website"},"datePublished":"2024-12-03T19:51:39+00:00","dateModified":"2024-12-04T17:44:04+00:00","breadcrumb":{"@id":"https:\/\/hidroter.cl\/index.php\/servicios\/#breadcrumb"},"inLanguage":"es","potentialAction":[{"@type":"ReadAction","target":["https:\/\/hidroter.cl\/index.php\/servicios\/"]}]},{"@type":"BreadcrumbList","@id":"https:\/\/hidroter.cl\/index.php\/servicios\/#breadcrumb","itemListElement":[{"@type":"ListItem","position":1,"name":"Portada","item":"https:\/\/hidroter.cl\/"},{"@type":"ListItem","position":2,"name":"SERVICIOS"}]},{"@type":"WebSite","@id":"https:\/\/hidroter.cl\/#website","url":"https:\/\/hidroter.cl\/","name":"Hidroter","description":"Venta de Bombas Hidr\u00e1ulicas, Mantenciones Hidr\u00e1ulicas, Potabilizaci\u00f3n, Sala de Agua Potable, Piscinas, Planta de Tratamientos de Aguas Servidas, Proyectos Hidr\u00e1ulicos, Optimizaci\u00f3n de Procesos, Monitoreo y An\u00e1lisis de Agua, Asesor\u00eda Hidr\u00e1ulica, Instalaciones, Sellado y Pintura de Estanques, Remodelaciones, Habilitaciones, Reparaciones, Sistemas Hidr\u00e1ulicos, Techumbres, Estructuras Met\u00e1licas, Alba\u00f1iler\u00eda, Pintura, Luminarias LED Industriales, Luminarias LED para Oficinas, Instalaciones de Luminarias LED, Proyectos de Iluminaci\u00f3n LED, Contratos de Mantenimiento, Mantenimiento Correctivo, Preventivo y Predictivo, Iluminaci\u00f3n, Gasfiter\u00eda, Tableros El\u00e9ctricos, Motores\/Bombas","publisher":{"@id":"https:\/\/hidroter.cl\/#organization"},"potentialAction":[{"@type":"SearchAction","target":{"@type":"EntryPoint","urlTemplate":"https:\/\/hidroter.cl\/?s={search_term_string}"},"query-input":{"@type":"PropertyValueSpecification","valueRequired":true,"valueName":"search_term_string"}}],"inLanguage":"es"},{"@type":"Organization","@id":"https:\/\/hidroter.cl\/#organization","name":"Hidroter","url":"https:\/\/hidroter.cl\/","logo":{"@type":"ImageObject","inLanguage":"es","@id":"https:\/\/hidroter.cl\/#\/schema\/logo\/image\/","url":"https:\/\/hidroter.cl\/wp-content\/uploads\/2017\/07\/logo.webp","contentUrl":"https:\/\/hidroter.cl\/wp-content\/uploads\/2017\/07\/logo.webp","width":251,"height":48,"caption":"Hidroter"},"image":{"@id":"https:\/\/hidroter.cl\/#\/schema\/logo\/image\/"},"sameAs":["https:\/\/www.facebook.com\/share\/1KKf8JpMVS\/?mibextid=LQQJ4d","https:\/\/www.instagram.com\/hidroter.cl"]}]}},"acf":[],"_links":{"self":[{"href":"https:\/\/hidroter.cl\/index.php\/wp-json\/wp\/v2\/pages\/10182","targetHints":{"allow":["GET"]}}],"collection":[{"href":"https:\/\/hidroter.cl\/index.php\/wp-json\/wp\/v2\/pages"}],"about":[{"href":"https:\/\/hidroter.cl\/index.php\/wp-json\/wp\/v2\/types\/page"}],"author":[{"embeddable":true,"href":"https:\/\/hidroter.cl\/index.php\/wp-json\/wp\/v2\/users\/3"}],"replies":[{"embeddable":true,"href":"https:\/\/hidroter.cl\/index.php\/wp-json\/wp\/v2\/comments?post=10182"}],"version-history":[{"count":11,"href":"https:\/\/hidroter.cl\/index.php\/wp-json\/wp\/v2\/pages\/10182\/revisions"}],"predecessor-version":[{"id":10190,"href":"https:\/\/hidroter.cl\/index.php\/wp-json\/wp\/v2\/pages\/10182\/revisions\/10190"}],"wp:attachment":[{"href":"https:\/\/hidroter.cl\/index.php\/wp-json\/wp\/v2\/media?parent=10182"}],"curies":[{"name":"wp","href":"https:\/\/api.w.org\/{rel}","templated":true}]}}